{"id":5285,"date":"2023-11-28T03:03:00","date_gmt":"2023-11-28T03:03:00","guid":{"rendered":"https:\/\/wpachem.com\/?page_id=5285"},"modified":"2023-11-28T03:09:26","modified_gmt":"2023-11-28T03:09:26","slug":"pigments-dyes-division","status":"publish","type":"page","link":"https:\/\/wpachem.com\/es\/pigments-dyes-division\/","title":{"rendered":"Divisi\u00f3n de pigmentos y colorantes"},"content":{"rendered":"<div data-elementor-type=\"wp-page\" data-elementor-id=\"5285\" class=\"elementor elementor-5285\" data-elementor-post-type=\"page\">\n\t\t\t\t\t\t<section data-particle_enable=\"false\" data-particle-mobile-disabled=\"false\" data-exad-particle-enable=\"false\" class=\"elementor-section elementor-top-section elementor-element elementor-element-419450e ct-section-stretched elementor-section-height-min-height elementor-section-boxed elementor-section-height-default elementor-section-items-middle exad-parallax-effect-no exad-background-color-change-no exad-glass-effect-no exad-sticky-section-no\" data-id=\"419450e\" data-element_type=\"section\" data-settings=\"{&quot;background_background&quot;:&quot;classic&quot;,&quot;shape_divider_bottom&quot;:&quot;waves&quot;}\">\n\t\t\t\t\t<div class=\"elementor-shape elementor-shape-bottom\" aria-hidden=\"true\" data-negative=\"false\">\n\t\t\t<svg xmlns=\"http:\/\/www.w3.org\/2000\/svg\" viewbox=\"0 0 1000 100\" preserveaspectratio=\"none\">\n\t<path class=\"elementor-shape-fill\" d=\"M421.9,6.5c22.6-2.5,51.5,0.4,75.5,5.3c23.6,4.9,70.9,23.5,100.5,35.7c75.8,32.2,133.7,44.5,192.6,49.7\tc23.6,2.1,48.7,3.5,103.4-2.5c54.7-6,106.2-25.6,106.2-25.6V0H0v30.3c0,0,72,32.6,158.4,30.5c39.2-0.7,92.8-6.7,134-22.4\tc21.2-8.1,52.2-18.2,79.7-24.2C399.3,7.9,411.6,7.5,421.9,6.5z\"\/>\n<\/svg>\t\t<\/div>\n\t\t\t\t\t<div class=\"elementor-container elementor-column-gap-default\">\n\t\t\t\t\t<div class=\"elementor-column elementor-col-100 elementor-top-column elementor-element elementor-element-1d08d16 exad-glass-effect-no exad-sticky-section-no\" data-id=\"1d08d16\" data-element_type=\"column\">\n\t\t\t<div class=\"elementor-widget-wrap elementor-element-populated\">\n\t\t\t\t\t\t<div class=\"elementor-element elementor-element-2a8a3ee exad-sticky-section-no exad-glass-effect-no elementor-widget elementor-widget-heading\" data-id=\"2a8a3ee\" data-element_type=\"widget\" data-widget_type=\"heading.default\">\n\t\t\t\t<div class=\"elementor-widget-container\">\n\t\t\t\t\t<h1 class=\"elementor-heading-title elementor-size-default\">Divisi\u00f3n de pigmentos y colorantes<\/h1>\t\t\t\t<\/div>\n\t\t\t\t<\/div>\n\t\t\t\t\t<\/div>\n\t\t<\/div>\n\t\t\t\t\t<\/div>\n\t\t<\/section>\n\t\t<div data-particle_enable=\"false\" data-particle-mobile-disabled=\"false\" class=\"elementor-element elementor-element-b981cd3 e-flex e-con-boxed e-con e-parent\" data-id=\"b981cd3\" data-element_type=\"container\" data-settings=\"{&quot;background_background&quot;:&quot;classic&quot;}\">\n\t\t\t\t\t<div class=\"e-con-inner\">\n\t\t<div data-particle_enable=\"false\" data-particle-mobile-disabled=\"false\" class=\"elementor-element elementor-element-ba1379c e-con-full e-flex e-con e-child\" data-id=\"ba1379c\" data-element_type=\"container\">\n\t\t\t\t<div class=\"elementor-element elementor-element-ff8c15d exad-sticky-section-no exad-glass-effect-no elementor-widget elementor-widget-text-editor\" data-id=\"ff8c15d\" data-element_type=\"widget\" data-widget_type=\"text-editor.default\">\n\t\t\t\t<div class=\"elementor-widget-container\">\n\t\t\t\t\t\t\t\t\t<p>WPA es un proveedor l\u00edder de servicios de pigmentos especiales en China. Contamos con una amplia gama de productos en el segmento de pigmentos especiales, que abarca recubrimientos, pl\u00e1sticos, caucho, tinta, papel y otras aplicaciones. Nuestro negocio principal, el di\u00f3xido de titanio, es cooperar con famosos productores de di\u00f3xido de titanio en la industria a trav\u00e9s de agentes y participaciones, con canales de suministro competitivos y soporte t\u00e9cnico de expertos en varias industrias. A partir de 2023, se han vendido m\u00e1s de 20.000 toneladas a nivel mundial. Podemos suministrar di\u00f3xido de titanio mediante el m\u00e9todo de \u00e1cido sulf\u00farico, el m\u00e9todo de cloraci\u00f3n y di\u00f3xido de titanio para usos especiales (por ejemplo, grado alimenticio, grado cosm\u00e9tico, grado electr\u00f3nico). Apoy\u00e1ndonos en los laboratorios de nuestras f\u00e1bricas asociadas, nos comprometemos a proporcionar materias primas estables y de alta calidad, as\u00ed como productos personalizados y soluciones de productos profesionales para nuestros clientes. Nuestros productos se exportan a Europa, Asia, Am\u00e9rica del Norte y del Sur.<\/p>\t\t\t\t\t\t\t\t<\/div>\n\t\t\t\t<\/div>\n\t\t\t\t<\/div>\n\t\t<div data-particle_enable=\"false\" data-particle-mobile-disabled=\"false\" class=\"elementor-element elementor-element-04dbd7b e-con-full e-flex e-con e-child\" data-id=\"04dbd7b\" data-element_type=\"container\" data-settings=\"{&quot;background_background&quot;:&quot;classic&quot;}\">\n\t\t\t\t<div class=\"elementor-element elementor-element-e2f9a73 exad-sticky-section-no exad-glass-effect-no elementor-widget elementor-widget-spacer\" data-id=\"e2f9a73\" data-element_type=\"widget\" data-widget_type=\"spacer.default\">\n\t\t\t\t<div class=\"elementor-widget-container\">\n\t\t\t\t\t\t\t<div class=\"elementor-spacer\">\n\t\t\t<div class=\"elementor-spacer-inner\"><\/div>\n\t\t<\/div>\n\t\t\t\t\t\t<\/div>\n\t\t\t\t<\/div>\n\t\t\t\t<\/div>\n\t\t\t\t\t<\/div>\n\t\t\t\t<\/div>\n\t\t\t\t<\/div>","protected":false},"excerpt":{"rendered":"<p>La Divisi\u00f3n de Pigmentos y Colorantes de WPA es un proveedor l\u00edder de servicios de pigmentos especiales en China. Ofrecemos una amplia gama de productos en el segmento de pigmentos especiales, que abarca recubrimientos, pl\u00e1sticos, caucho, tinta, papel y otras aplicaciones. Nuestra actividad principal, el di\u00f3xido de titanio, consiste en la cooperaci\u00f3n con reconocidos productores de di\u00f3xido de titanio de la industria a trav\u00e9s de agentes [\u2026]<\/p>","protected":false},"author":3,"featured_media":0,"parent":0,"menu_order":0,"comment_status":"closed","ping_status":"closed","template":"","meta":{"_acf_changed":false,"_gspb_post_css":"","footnotes":""},"class_list":["post-5285","page","type-page","status-publish","hentry"],"blocksy_meta":[],"acf":[],"_links":{"self":[{"href":"https:\/\/wpachem.com\/es\/wp-json\/wp\/v2\/pages\/5285","targetHints":{"allow":["GET"]}}],"collection":[{"href":"https:\/\/wpachem.com\/es\/wp-json\/wp\/v2\/pages"}],"about":[{"href":"https:\/\/wpachem.com\/es\/wp-json\/wp\/v2\/types\/page"}],"author":[{"embeddable":true,"href":"https:\/\/wpachem.com\/es\/wp-json\/wp\/v2\/users\/3"}],"replies":[{"embeddable":true,"href":"https:\/\/wpachem.com\/es\/wp-json\/wp\/v2\/comments?post=5285"}],"version-history":[{"count":0,"href":"https:\/\/wpachem.com\/es\/wp-json\/wp\/v2\/pages\/5285\/revisions"}],"wp:attachment":[{"href":"https:\/\/wpachem.com\/es\/wp-json\/wp\/v2\/media?parent=5285"}],"curies":[{"name":"wp","href":"https:\/\/api.w.org\/{rel}","templated":true}]}}