{"id":5320,"date":"2023-11-28T03:18:21","date_gmt":"2023-11-28T03:18:21","guid":{"rendered":"https:\/\/wpachem.com\/?page_id=5320"},"modified":"2023-11-28T03:19:51","modified_gmt":"2023-11-28T03:19:51","slug":"electronic-chemicals-division","status":"publish","type":"page","link":"https:\/\/wpachem.com\/es\/electronic-chemicals-division\/","title":{"rendered":"Divisi\u00f3n de Productos Qu\u00edmicos Electr\u00f3nicos"},"content":{"rendered":"<div data-elementor-type=\"wp-page\" data-elementor-id=\"5320\" class=\"elementor elementor-5320\" data-elementor-post-type=\"page\">\n\t\t\t\t\t\t<section data-particle_enable=\"false\" data-particle-mobile-disabled=\"false\" data-exad-particle-enable=\"false\" class=\"elementor-section elementor-top-section elementor-element elementor-element-644bc26 ct-section-stretched elementor-section-height-min-height elementor-section-boxed elementor-section-height-default elementor-section-items-middle exad-parallax-effect-no exad-background-color-change-no exad-glass-effect-no exad-sticky-section-no\" data-id=\"644bc26\" data-element_type=\"section\" data-settings=\"{&quot;background_background&quot;:&quot;classic&quot;,&quot;shape_divider_bottom&quot;:&quot;waves&quot;}\">\n\t\t\t\t\t<div class=\"elementor-shape elementor-shape-bottom\" aria-hidden=\"true\" data-negative=\"false\">\n\t\t\t<svg xmlns=\"http:\/\/www.w3.org\/2000\/svg\" viewbox=\"0 0 1000 100\" preserveaspectratio=\"none\">\n\t<path class=\"elementor-shape-fill\" d=\"M421.9,6.5c22.6-2.5,51.5,0.4,75.5,5.3c23.6,4.9,70.9,23.5,100.5,35.7c75.8,32.2,133.7,44.5,192.6,49.7\tc23.6,2.1,48.7,3.5,103.4-2.5c54.7-6,106.2-25.6,106.2-25.6V0H0v30.3c0,0,72,32.6,158.4,30.5c39.2-0.7,92.8-6.7,134-22.4\tc21.2-8.1,52.2-18.2,79.7-24.2C399.3,7.9,411.6,7.5,421.9,6.5z\"\/>\n<\/svg>\t\t<\/div>\n\t\t\t\t\t<div class=\"elementor-container elementor-column-gap-default\">\n\t\t\t\t\t<div class=\"elementor-column elementor-col-100 elementor-top-column elementor-element elementor-element-57ebff0 exad-glass-effect-no exad-sticky-section-no\" data-id=\"57ebff0\" data-element_type=\"column\">\n\t\t\t<div class=\"elementor-widget-wrap elementor-element-populated\">\n\t\t\t\t\t\t<div class=\"elementor-element elementor-element-e91bbbb exad-sticky-section-no exad-glass-effect-no elementor-widget elementor-widget-heading\" data-id=\"e91bbbb\" data-element_type=\"widget\" data-widget_type=\"heading.default\">\n\t\t\t\t<div class=\"elementor-widget-container\">\n\t\t\t\t\t<h1 class=\"elementor-heading-title elementor-size-default\">Divisi\u00f3n de Productos Qu\u00edmicos Electr\u00f3nicos<\/h1>\t\t\t\t<\/div>\n\t\t\t\t<\/div>\n\t\t\t\t\t<\/div>\n\t\t<\/div>\n\t\t\t\t\t<\/div>\n\t\t<\/section>\n\t\t<div data-particle_enable=\"false\" data-particle-mobile-disabled=\"false\" class=\"elementor-element elementor-element-e82a010 e-flex e-con-boxed e-con e-parent\" data-id=\"e82a010\" data-element_type=\"container\" data-settings=\"{&quot;background_background&quot;:&quot;classic&quot;}\">\n\t\t\t\t\t<div class=\"e-con-inner\">\n\t\t<div data-particle_enable=\"false\" data-particle-mobile-disabled=\"false\" class=\"elementor-element elementor-element-b444e1b e-con-full e-flex e-con e-child\" data-id=\"b444e1b\" data-element_type=\"container\">\n\t\t\t\t<div class=\"elementor-element elementor-element-4fba602 exad-sticky-section-no exad-glass-effect-no elementor-widget elementor-widget-text-editor\" data-id=\"4fba602\" data-element_type=\"widget\" data-widget_type=\"text-editor.default\">\n\t\t\t\t<div class=\"elementor-widget-container\">\n\t\t\t\t\t\t\t\t\t<p>Con el desarrollo continuo de veh\u00edculos de nueva energ\u00eda, componentes electr\u00f3nicos, productos de almacenamiento de energ\u00eda, placas de circuitos impresos, producci\u00f3n de m\u00e1quinas industriales y de consumo y empaquetado con una variedad de productos qu\u00edmicos y materiales industriales, las aplicaciones industriales contin\u00faan subdivid\u00e1ndose, para diferentes aplicaciones, y gradualmente se actualizan e iteran productos qu\u00edmicos electr\u00f3nicos m\u00e1s funcionales y diferenciados. Nuestra empresa puede proporcionar una variedad de productos qu\u00edmicos electr\u00f3nicos de alta calidad, respetuosos con el medio ambiente y de alto valor agregado para satisfacer las necesidades funcionales de sustrato, fotorresistencia, productos qu\u00edmicos de recubrimiento, materiales de embalaje, reactivos de alta pureza, gases especiales, solventes, dopantes antes de la limpieza, m\u00e1scara de fundente, agentes \u00e1cidos y corrosivos, adhesivos electr\u00f3nicos especiales y materiales auxiliares.<\/p>\t\t\t\t\t\t\t\t<\/div>\n\t\t\t\t<\/div>\n\t\t\t\t<\/div>\n\t\t<div data-particle_enable=\"false\" data-particle-mobile-disabled=\"false\" class=\"elementor-element elementor-element-8b6b90e e-con-full e-flex e-con e-child\" data-id=\"8b6b90e\" data-element_type=\"container\" data-settings=\"{&quot;background_background&quot;:&quot;classic&quot;}\">\n\t\t\t\t<div class=\"elementor-element elementor-element-12c041a exad-sticky-section-no exad-glass-effect-no elementor-widget elementor-widget-spacer\" data-id=\"12c041a\" data-element_type=\"widget\" data-widget_type=\"spacer.default\">\n\t\t\t\t<div class=\"elementor-widget-container\">\n\t\t\t\t\t\t\t<div class=\"elementor-spacer\">\n\t\t\t<div class=\"elementor-spacer-inner\"><\/div>\n\t\t<\/div>\n\t\t\t\t\t\t<\/div>\n\t\t\t\t<\/div>\n\t\t\t\t<\/div>\n\t\t\t\t\t<\/div>\n\t\t\t\t<\/div>\n\t\t\t\t<\/div>","protected":false},"excerpt":{"rendered":"<p>Divisi\u00f3n de Productos Qu\u00edmicos Electr\u00f3nicos. Con el continuo desarrollo de veh\u00edculos de nueva energ\u00eda, componentes electr\u00f3nicos, productos de almacenamiento de energ\u00eda, placas de circuitos impresos, producci\u00f3n de maquinaria industrial y de consumo, y empaquetado con una variedad de productos qu\u00edmicos y materiales, las aplicaciones industriales se subdividen para diferentes aplicaciones y se actualizan gradualmente e iterativamente productos qu\u00edmicos electr\u00f3nicos m\u00e1s funcionales y diferenciados. Nuestros [\u2026]<\/p>","protected":false},"author":3,"featured_media":0,"parent":0,"menu_order":0,"comment_status":"closed","ping_status":"closed","template":"","meta":{"_acf_changed":false,"_gspb_post_css":"","footnotes":""},"class_list":["post-5320","page","type-page","status-publish","hentry"],"blocksy_meta":[],"acf":[],"_links":{"self":[{"href":"https:\/\/wpachem.com\/es\/wp-json\/wp\/v2\/pages\/5320","targetHints":{"allow":["GET"]}}],"collection":[{"href":"https:\/\/wpachem.com\/es\/wp-json\/wp\/v2\/pages"}],"about":[{"href":"https:\/\/wpachem.com\/es\/wp-json\/wp\/v2\/types\/page"}],"author":[{"embeddable":true,"href":"https:\/\/wpachem.com\/es\/wp-json\/wp\/v2\/users\/3"}],"replies":[{"embeddable":true,"href":"https:\/\/wpachem.com\/es\/wp-json\/wp\/v2\/comments?post=5320"}],"version-history":[{"count":0,"href":"https:\/\/wpachem.com\/es\/wp-json\/wp\/v2\/pages\/5320\/revisions"}],"wp:attachment":[{"href":"https:\/\/wpachem.com\/es\/wp-json\/wp\/v2\/media?parent=5320"}],"curies":[{"name":"wp","href":"https:\/\/api.w.org\/{rel}","templated":true}]}}