{"id":5412,"date":"2023-12-06T03:17:59","date_gmt":"2023-12-06T03:17:59","guid":{"rendered":"https:\/\/wpachem.com\/?page_id=5412"},"modified":"2023-12-06T03:28:09","modified_gmt":"2023-12-06T03:28:09","slug":"our-history","status":"publish","type":"page","link":"https:\/\/wpachem.com\/es\/our-history\/","title":{"rendered":"Nuestra historia"},"content":{"rendered":"<div data-elementor-type=\"wp-page\" data-elementor-id=\"5412\" class=\"elementor elementor-5412\" data-elementor-post-type=\"page\">\n\t\t\t\t\t\t<section data-particle_enable=\"false\" data-particle-mobile-disabled=\"false\" data-exad-particle-enable=\"false\" class=\"elementor-section elementor-top-section elementor-element elementor-element-f4cbdc4 ct-section-stretched elementor-section-height-min-height elementor-section-boxed elementor-section-height-default elementor-section-items-middle exad-parallax-effect-no exad-background-color-change-no exad-glass-effect-no exad-sticky-section-no\" data-id=\"f4cbdc4\" data-element_type=\"section\" data-settings=\"{&quot;background_background&quot;:&quot;classic&quot;,&quot;shape_divider_bottom&quot;:&quot;waves&quot;}\">\n\t\t\t\t\t<div class=\"elementor-shape elementor-shape-bottom\" aria-hidden=\"true\" data-negative=\"false\">\n\t\t\t<svg xmlns=\"http:\/\/www.w3.org\/2000\/svg\" viewbox=\"0 0 1000 100\" preserveaspectratio=\"none\">\n\t<path class=\"elementor-shape-fill\" d=\"M421.9,6.5c22.6-2.5,51.5,0.4,75.5,5.3c23.6,4.9,70.9,23.5,100.5,35.7c75.8,32.2,133.7,44.5,192.6,49.7\tc23.6,2.1,48.7,3.5,103.4-2.5c54.7-6,106.2-25.6,106.2-25.6V0H0v30.3c0,0,72,32.6,158.4,30.5c39.2-0.7,92.8-6.7,134-22.4\tc21.2-8.1,52.2-18.2,79.7-24.2C399.3,7.9,411.6,7.5,421.9,6.5z\"\/>\n<\/svg>\t\t<\/div>\n\t\t\t\t\t<div class=\"elementor-container elementor-column-gap-default\">\n\t\t\t\t\t<div class=\"elementor-column elementor-col-100 elementor-top-column elementor-element elementor-element-70d7ba5 exad-glass-effect-no exad-sticky-section-no\" data-id=\"70d7ba5\" data-element_type=\"column\">\n\t\t\t<div class=\"elementor-widget-wrap elementor-element-populated\">\n\t\t\t\t\t\t<div class=\"elementor-element elementor-element-3d1fdd7 exad-sticky-section-no exad-glass-effect-no elementor-widget elementor-widget-heading\" data-id=\"3d1fdd7\" data-element_type=\"widget\" data-widget_type=\"heading.default\">\n\t\t\t\t<div class=\"elementor-widget-container\">\n\t\t\t\t\t<h1 class=\"elementor-heading-title elementor-size-default\">Nuestra historia<\/h1>\t\t\t\t<\/div>\n\t\t\t\t<\/div>\n\t\t\t\t\t<\/div>\n\t\t<\/div>\n\t\t\t\t\t<\/div>\n\t\t<\/section>\n\t\t<div data-particle_enable=\"false\" data-particle-mobile-disabled=\"false\" class=\"elementor-element elementor-element-46681fc e-flex e-con-boxed e-con e-parent\" data-id=\"46681fc\" data-element_type=\"container\">\n\t\t\t\t\t<div class=\"e-con-inner\">\n\t\t\t\t<div class=\"elementor-element elementor-element-992c388 exad-sticky-section-no exad-glass-effect-no elementor-widget elementor-widget-eael-content-timeline\" data-id=\"992c388\" data-element_type=\"widget\" data-widget_type=\"eael-content-timeline.default\">\n\t\t\t\t<div class=\"elementor-widget-container\">\n\t\t\t\t\t\t\t<div id=\"eael-content-timeline-992c388\" class=\"content-timeline-layout-right date-position-inside horizontal-timeline-wrapper\" data-slide_to_scroll=\"{&quot;desktop&quot;:1,&quot;mobile&quot;:1,&quot;tablet&quot;:1}\">\n\t\t\t<div class=\"eael-content-timeline-container\">\n\t\t\t\t<div class=\"eael-content-timeline-container\">\n\t\t\t\t\t\t\t\t\t\t\t\t\t\t\t\t\t\t\t\t\t\t\t<div class=\"eael-content-timeline-block\">\n    <div class=\"eael-content-timeline-line\">\n        <div class=\"eael-content-timeline-inner\"><\/div>\n    <\/div>\n    <div class=\"eael-content-timeline-img eael-picture\"><\/div><div class=\"eael-content-timeline-content\"><h2 class=\"eael-timeline-title\">Antecedentes fundacionales<\/h2><p>Los fundadores y el equipo central de la empresa tienen m\u00e1s de 15 a\u00f1os de experiencia en la industria qu\u00edmica y llevamos a cabo nuestro negocio con esa experiencia.<\/p><span class=\"eael-date\">Comenzar<\/span><\/div><\/div>\t\t\t\t\t\t\t\t\t\t\t\t\t\t\t\t\t\t<div class=\"eael-content-timeline-block\">\n    <div class=\"eael-content-timeline-line\">\n        <div class=\"eael-content-timeline-inner\"><\/div>\n    <\/div>\n    <div class=\"eael-content-timeline-img eael-picture\"><\/div><div class=\"eael-content-timeline-content\"><h2 class=\"eael-timeline-title\">Establecido<\/h2><p>La empresa se fund\u00f3 con el di\u00f3xido de titanio como producto comercial principal, que se exporta principalmente al mercado ruso.<\/p><span class=\"eael-date\">2017<\/span><\/div><\/div>\t\t\t\t\t\t\t\t\t\t\t\t\t\t\t\t\t\t<div class=\"eael-content-timeline-block\">\n    <div class=\"eael-content-timeline-line\">\n        <div class=\"eael-content-timeline-inner\"><\/div>\n    <\/div>\n    <div class=\"eael-content-timeline-img eael-picture\"><\/div><div class=\"eael-content-timeline-content\"><h2 class=\"eael-timeline-title\">Lanzamiento de plataforma en l\u00ednea.<\/h2><p>Se inaugur\u00f3 la estaci\u00f3n internacional de Alibaba, la plataforma de operaci\u00f3n en l\u00ednea de la estaci\u00f3n independiente de Google. Inici\u00f3 la promoci\u00f3n y operaci\u00f3n en l\u00ednea de la plataforma.<\/p><span class=\"eael-date\">2019<\/span><\/div><\/div>\t\t\t\t\t\t\t\t\t\t\t\t\t\t\t\t\t\t<div class=\"eael-content-timeline-block\">\n    <div class=\"eael-content-timeline-line\">\n        <div class=\"eael-content-timeline-inner\"><\/div>\n    <\/div>\n    <div class=\"eael-content-timeline-img eael-picture\"><\/div><div class=\"eael-content-timeline-content\"><h2 class=\"eael-timeline-title\">Se establece la empresa de gesti\u00f3n de la cadena de suministro<\/h2><p>Estableci\u00f3 Shanghai Weican Supply Chain Management Co., Ltd. para ofrecer a los clientes un negocio de factoraje financiero diversificado con el apoyo de Zhejiang NetSense Business, C&amp;D Group y empresas internacionales de factoraje financiero. Al mismo tiempo, estamos comprometidos a desarrollar y mejorar nuestras propias capacidades de la cadena de suministro log\u00edstico para brindar a los clientes globales servicios de transporte y log\u00edstica puerta a puerta, adem\u00e1s de la adquisici\u00f3n de productos.<\/p><span class=\"eael-date\">2020<\/span><\/div><\/div>\t\t\t\t\t\t\t\t\t\t\t\t\t\t\t\t\t\t<div class=\"eael-content-timeline-block\">\n    <div class=\"eael-content-timeline-line\">\n        <div class=\"eael-content-timeline-inner\"><\/div>\n    <\/div>\n    <div class=\"eael-content-timeline-img eael-picture\"><\/div><div class=\"eael-content-timeline-content\"><h2 class=\"eael-timeline-title\">Expansi\u00f3n del mercado global<\/h2><p>Ampliando activamente el mercado global y exportando a m\u00e1s de 20 pa\u00edses de forma acumulativa.<\/p><span class=\"eael-date\">2022<\/span><\/div><\/div>\t\t\t\t\t\t\t\t\t\t\t\t\t\t\t\t\t\t<div class=\"eael-content-timeline-block\">\n    <div class=\"eael-content-timeline-line\">\n        <div class=\"eael-content-timeline-inner\"><\/div>\n    <\/div>\n    <div class=\"eael-content-timeline-img eael-picture\"><\/div><div class=\"eael-content-timeline-content\"><h2 class=\"eael-timeline-title\">Se constituye la empresa del grupo<\/h2><p>Con el nuevo objetivo de &quot;plataforma integral para productos qu\u00edmicos y cadena de suministro multinacional&quot;, crearemos un grupo de empresas y estableceremos oficinas en el extranjero, equipos y almacenes en el extranjero. Al mismo tiempo, nos centraremos en pigmentos, colorantes y productos bioqu\u00edmicos. El negocio de pigmentos y tintes se ha asociado con VOXCO, una f\u00e1brica india, para crear su propia marca a trav\u00e9s de su rica experiencia en fabricaci\u00f3n, su s\u00f3lida capacidad de producci\u00f3n y laboratorios especializados.<\/p><span class=\"eael-date\">2023<\/span><\/div><\/div>\t\t\t\t<\/div>\n\t\t\t<\/div>\n\t\t<\/div>\n\t\t\t\t\t<\/div>\n\t\t\t\t<\/div>\n\t\t\t\t\t<\/div>\n\t\t\t\t<\/div>\n\t\t\t\t<\/div>","protected":false},"excerpt":{"rendered":"<p>Nuestra historia Antecedentes fundacionales Los fundadores y el equipo central de la empresa tienen m\u00e1s de 15 a\u00f1os de experiencia en la industria qu\u00edmica, y con esta experiencia conducimos nuestro negocio. Inicio Establecimiento La empresa fue fundada con el di\u00f3xido de titanio como producto principal, exportado principalmente al mercado ruso. 2017 Lanzamiento de la plataforma en l\u00ednea [\u2026]<\/p>","protected":false},"author":3,"featured_media":0,"parent":0,"menu_order":0,"comment_status":"closed","ping_status":"closed","template":"","meta":{"_acf_changed":false,"_gspb_post_css":"","footnotes":""},"class_list":["post-5412","page","type-page","status-publish","hentry"],"blocksy_meta":[],"acf":[],"_links":{"self":[{"href":"https:\/\/wpachem.com\/es\/wp-json\/wp\/v2\/pages\/5412","targetHints":{"allow":["GET"]}}],"collection":[{"href":"https:\/\/wpachem.com\/es\/wp-json\/wp\/v2\/pages"}],"about":[{"href":"https:\/\/wpachem.com\/es\/wp-json\/wp\/v2\/types\/page"}],"author":[{"embeddable":true,"href":"https:\/\/wpachem.com\/es\/wp-json\/wp\/v2\/users\/3"}],"replies":[{"embeddable":true,"href":"https:\/\/wpachem.com\/es\/wp-json\/wp\/v2\/comments?post=5412"}],"version-history":[{"count":0,"href":"https:\/\/wpachem.com\/es\/wp-json\/wp\/v2\/pages\/5412\/revisions"}],"wp:attachment":[{"href":"https:\/\/wpachem.com\/es\/wp-json\/wp\/v2\/media?parent=5412"}],"curies":[{"name":"wp","href":"https:\/\/api.w.org\/{rel}","templated":true}]}}