{"id":6745,"date":"2024-02-26T09:22:49","date_gmt":"2024-02-26T09:22:49","guid":{"rendered":"https:\/\/wpachem.com\/?page_id=6745"},"modified":"2025-07-07T15:43:10","modified_gmt":"2025-07-07T15:43:10","slug":"overseas-warehouse","status":"publish","type":"page","link":"https:\/\/wpachem.com\/es\/overseas-warehouse\/","title":{"rendered":"Almac\u00e9n en el extranjero"},"content":{"rendered":"<div data-elementor-type=\"wp-page\" data-elementor-id=\"6745\" class=\"elementor elementor-6745\" data-elementor-post-type=\"page\">\n\t\t\t\t\t\t<section data-particle_enable=\"false\" data-particle-mobile-disabled=\"false\" data-exad-particle-enable=\"false\" class=\"elementor-section elementor-top-section elementor-element elementor-element-b284a7c ct-section-stretched elementor-section-height-min-height elementor-section-boxed elementor-section-height-default elementor-section-items-middle exad-parallax-effect-no exad-background-color-change-no exad-glass-effect-no exad-sticky-section-no\" data-id=\"b284a7c\" data-element_type=\"section\" data-settings=\"{&quot;background_background&quot;:&quot;classic&quot;,&quot;shape_divider_bottom&quot;:&quot;waves&quot;}\">\n\t\t\t\t\t<div class=\"elementor-shape elementor-shape-bottom\" aria-hidden=\"true\" data-negative=\"false\">\n\t\t\t<svg xmlns=\"http:\/\/www.w3.org\/2000\/svg\" viewbox=\"0 0 1000 100\" preserveaspectratio=\"none\">\n\t<path class=\"elementor-shape-fill\" d=\"M421.9,6.5c22.6-2.5,51.5,0.4,75.5,5.3c23.6,4.9,70.9,23.5,100.5,35.7c75.8,32.2,133.7,44.5,192.6,49.7\tc23.6,2.1,48.7,3.5,103.4-2.5c54.7-6,106.2-25.6,106.2-25.6V0H0v30.3c0,0,72,32.6,158.4,30.5c39.2-0.7,92.8-6.7,134-22.4\tc21.2-8.1,52.2-18.2,79.7-24.2C399.3,7.9,411.6,7.5,421.9,6.5z\"\/>\n<\/svg>\t\t<\/div>\n\t\t\t\t\t<div class=\"elementor-container elementor-column-gap-default\">\n\t\t\t\t\t<div class=\"elementor-column elementor-col-100 elementor-top-column elementor-element elementor-element-f655ef7 exad-glass-effect-no exad-sticky-section-no\" data-id=\"f655ef7\" data-element_type=\"column\">\n\t\t\t<div class=\"elementor-widget-wrap elementor-element-populated\">\n\t\t\t\t\t\t<div class=\"elementor-element elementor-element-b48ae1e exad-sticky-section-no exad-glass-effect-no elementor-widget elementor-widget-heading\" data-id=\"b48ae1e\" data-element_type=\"widget\" data-widget_type=\"heading.default\">\n\t\t\t\t<div class=\"elementor-widget-container\">\n\t\t\t\t\t<h1 class=\"elementor-heading-title elementor-size-default\">Almac\u00e9n en el extranjero<\/h1>\t\t\t\t<\/div>\n\t\t\t\t<\/div>\n\t\t\t\t\t<\/div>\n\t\t<\/div>\n\t\t\t\t\t<\/div>\n\t\t<\/section>\n\t\t<div data-particle_enable=\"false\" data-particle-mobile-disabled=\"false\" class=\"elementor-element elementor-element-16ea12a e-flex e-con-boxed e-con e-parent\" data-id=\"16ea12a\" data-element_type=\"container\">\n\t\t\t\t\t<div class=\"e-con-inner\">\n\t\t<div data-particle_enable=\"false\" data-particle-mobile-disabled=\"false\" class=\"elementor-element elementor-element-db7eedc e-con-full e-flex e-con e-child\" data-id=\"db7eedc\" data-element_type=\"container\">\n\t\t\t\t<div class=\"elementor-element elementor-element-5938ef7 exad-sticky-section-no exad-glass-effect-no elementor-widget elementor-widget-heading\" data-id=\"5938ef7\" data-element_type=\"widget\" data-widget_type=\"heading.default\">\n\t\t\t\t<div class=\"elementor-widget-container\">\n\t\t\t\t\t<h2 class=\"elementor-heading-title elementor-size-default\">Consulta las ventajas<\/h2>\t\t\t\t<\/div>\n\t\t\t\t<\/div>\n\t\t\t\t<div class=\"elementor-element elementor-element-72b5f0b elementor-icon-list--layout-traditional elementor-list-item-link-full_width exad-sticky-section-no exad-glass-effect-no elementor-widget elementor-widget-icon-list\" data-id=\"72b5f0b\" data-element_type=\"widget\" data-widget_type=\"icon-list.default\">\n\t\t\t\t<div class=\"elementor-widget-container\">\n\t\t\t\t\t\t\t<ul class=\"elementor-icon-list-items\">\n\t\t\t\t\t\t\t<li class=\"elementor-icon-list-item\">\n\t\t\t\t\t\t\t\t\t\t\t<span class=\"elementor-icon-list-icon\">\n\t\t\t\t\t\t\t<svg xmlns=\"http:\/\/www.w3.org\/2000\/svg\" xmlns:xlink=\"http:\/\/www.w3.org\/1999\/xlink\" class=\"icon\" viewbox=\"0 0 1024 1024\" width=\"200\" height=\"200\"><path d=\"M499.2 951.466667c-234.666667 0-426.666667-192-426.666667-426.666667 0-17.066667 0-38.4 4.266667-55.466667 4.266667-12.8 12.8-17.066667 25.6-17.066666 12.8 4.266667 17.066667 12.8 17.066667 25.6-4.266667 12.8-4.266667 29.866667-4.266667 46.933333 0 213.333333 170.666667 384 384 384s384-170.666667 384-384-170.666667-384-384-384c-25.6 0-46.933333 4.266667-72.533333 8.533333-12.8 0-21.333333-4.266667-25.6-17.066666 0-12.8 4.266667-21.333333 17.066666-25.6 25.6-4.266667 51.2-8.533333 81.066667-8.533334 234.666667 0 426.666667 192 426.666667 426.666667s-192 426.666667-426.666667 426.666667z\"><\/path><path d=\"M119.466667 418.133333h-8.533334c-8.533333-4.266667-17.066667-17.066667-12.8-29.866666 42.666667-119.466667 128-213.333333 238.933334-256 12.8-4.266667 21.333333 0 25.6 12.8 4.266667 12.8 0 21.333333-12.8 25.6C256 213.333333 174.933333 298.666667 140.8 405.333333c-4.266667 8.533333-12.8 12.8-21.333333 12.8z\"><\/path><path d=\"M605.866667 558.933333c-4.266667 0-12.8 0-17.066667-4.266666l-128-128c-8.533333-8.533333-8.533333-21.333333 0-29.866667s21.333333-8.533333 29.866667 0l128 128c8.533333 8.533333 8.533333 21.333333 0 29.866667 0 4.266667-8.533333 4.266667-12.8 4.266666z\"><\/path><path d=\"M473.6 691.2c-4.266667 0-12.8 0-17.066667-4.266667-8.533333-8.533333-8.533333-21.333333 0-29.866666l128-128c8.533333-8.533333 21.333333-8.533333 29.866667 0s8.533333 21.333333 0 29.866666l-128 128c0 4.266667-8.533333 4.266667-12.8 4.266667z\"><\/path><\/svg>\t\t\t\t\t\t<\/span>\n\t\t\t\t\t\t\t\t\t\t<span class=\"elementor-icon-list-text\">Almacenes en el extranjero en Rusia, Corea e India.<\/span>\n\t\t\t\t\t\t\t\t\t<\/li>\n\t\t\t\t\t\t\t\t<li class=\"elementor-icon-list-item\">\n\t\t\t\t\t\t\t\t\t\t\t<span class=\"elementor-icon-list-icon\">\n\t\t\t\t\t\t\t<svg xmlns=\"http:\/\/www.w3.org\/2000\/svg\" xmlns:xlink=\"http:\/\/www.w3.org\/1999\/xlink\" class=\"icon\" viewbox=\"0 0 1024 1024\" width=\"200\" height=\"200\"><path d=\"M499.2 951.466667c-234.666667 0-426.666667-192-426.666667-426.666667 0-17.066667 0-38.4 4.266667-55.466667 4.266667-12.8 12.8-17.066667 25.6-17.066666 12.8 4.266667 17.066667 12.8 17.066667 25.6-4.266667 12.8-4.266667 29.866667-4.266667 46.933333 0 213.333333 170.666667 384 384 384s384-170.666667 384-384-170.666667-384-384-384c-25.6 0-46.933333 4.266667-72.533333 8.533333-12.8 0-21.333333-4.266667-25.6-17.066666 0-12.8 4.266667-21.333333 17.066666-25.6 25.6-4.266667 51.2-8.533333 81.066667-8.533334 234.666667 0 426.666667 192 426.666667 426.666667s-192 426.666667-426.666667 426.666667z\"><\/path><path d=\"M119.466667 418.133333h-8.533334c-8.533333-4.266667-17.066667-17.066667-12.8-29.866666 42.666667-119.466667 128-213.333333 238.933334-256 12.8-4.266667 21.333333 0 25.6 12.8 4.266667 12.8 0 21.333333-12.8 25.6C256 213.333333 174.933333 298.666667 140.8 405.333333c-4.266667 8.533333-12.8 12.8-21.333333 12.8z\"><\/path><path d=\"M605.866667 558.933333c-4.266667 0-12.8 0-17.066667-4.266666l-128-128c-8.533333-8.533333-8.533333-21.333333 0-29.866667s21.333333-8.533333 29.866667 0l128 128c8.533333 8.533333 8.533333 21.333333 0 29.866667 0 4.266667-8.533333 4.266667-12.8 4.266666z\"><\/path><path d=\"M473.6 691.2c-4.266667 0-12.8 0-17.066667-4.266667-8.533333-8.533333-8.533333-21.333333 0-29.866666l128-128c8.533333-8.533333 21.333333-8.533333 29.866667 0s8.533333 21.333333 0 29.866666l-128 128c0 4.266667-8.533333 4.266667-12.8 4.266667z\"><\/path><\/svg>\t\t\t\t\t\t<\/span>\n\t\t\t\t\t\t\t\t\t\t<span class=\"elementor-icon-list-text\">Equipo de servicio t\u00e9cnico y log\u00edstico profesional para brindar servicio localizado.<\/span>\n\t\t\t\t\t\t\t\t\t<\/li>\n\t\t\t\t\t\t\t\t<li class=\"elementor-icon-list-item\">\n\t\t\t\t\t\t\t\t\t\t\t<span class=\"elementor-icon-list-icon\">\n\t\t\t\t\t\t\t<svg xmlns=\"http:\/\/www.w3.org\/2000\/svg\" xmlns:xlink=\"http:\/\/www.w3.org\/1999\/xlink\" class=\"icon\" viewbox=\"0 0 1024 1024\" width=\"200\" height=\"200\"><path d=\"M499.2 951.466667c-234.666667 0-426.666667-192-426.666667-426.666667 0-17.066667 0-38.4 4.266667-55.466667 4.266667-12.8 12.8-17.066667 25.6-17.066666 12.8 4.266667 17.066667 12.8 17.066667 25.6-4.266667 12.8-4.266667 29.866667-4.266667 46.933333 0 213.333333 170.666667 384 384 384s384-170.666667 384-384-170.666667-384-384-384c-25.6 0-46.933333 4.266667-72.533333 8.533333-12.8 0-21.333333-4.266667-25.6-17.066666 0-12.8 4.266667-21.333333 17.066666-25.6 25.6-4.266667 51.2-8.533333 81.066667-8.533334 234.666667 0 426.666667 192 426.666667 426.666667s-192 426.666667-426.666667 426.666667z\"><\/path><path d=\"M119.466667 418.133333h-8.533334c-8.533333-4.266667-17.066667-17.066667-12.8-29.866666 42.666667-119.466667 128-213.333333 238.933334-256 12.8-4.266667 21.333333 0 25.6 12.8 4.266667 12.8 0 21.333333-12.8 25.6C256 213.333333 174.933333 298.666667 140.8 405.333333c-4.266667 8.533333-12.8 12.8-21.333333 12.8z\"><\/path><path d=\"M605.866667 558.933333c-4.266667 0-12.8 0-17.066667-4.266666l-128-128c-8.533333-8.533333-8.533333-21.333333 0-29.866667s21.333333-8.533333 29.866667 0l128 128c8.533333 8.533333 8.533333 21.333333 0 29.866667 0 4.266667-8.533333 4.266667-12.8 4.266666z\"><\/path><path d=\"M473.6 691.2c-4.266667 0-12.8 0-17.066667-4.266667-8.533333-8.533333-8.533333-21.333333 0-29.866666l128-128c8.533333-8.533333 21.333333-8.533333 29.866667 0s8.533333 21.333333 0 29.866666l-128 128c0 4.266667-8.533333 4.266667-12.8 4.266667z\"><\/path><\/svg>\t\t\t\t\t\t<\/span>\n\t\t\t\t\t\t\t\t\t\t<span class=\"elementor-icon-list-text\">Pedidos en l\u00ednea, servicio de proveedor fuera de l\u00ednea<\/span>\n\t\t\t\t\t\t\t\t\t<\/li>\n\t\t\t\t\t\t\t\t<li class=\"elementor-icon-list-item\">\n\t\t\t\t\t\t\t\t\t\t\t<span class=\"elementor-icon-list-icon\">\n\t\t\t\t\t\t\t<svg xmlns=\"http:\/\/www.w3.org\/2000\/svg\" xmlns:xlink=\"http:\/\/www.w3.org\/1999\/xlink\" class=\"icon\" viewbox=\"0 0 1024 1024\" width=\"200\" height=\"200\"><path d=\"M499.2 951.466667c-234.666667 0-426.666667-192-426.666667-426.666667 0-17.066667 0-38.4 4.266667-55.466667 4.266667-12.8 12.8-17.066667 25.6-17.066666 12.8 4.266667 17.066667 12.8 17.066667 25.6-4.266667 12.8-4.266667 29.866667-4.266667 46.933333 0 213.333333 170.666667 384 384 384s384-170.666667 384-384-170.666667-384-384-384c-25.6 0-46.933333 4.266667-72.533333 8.533333-12.8 0-21.333333-4.266667-25.6-17.066666 0-12.8 4.266667-21.333333 17.066666-25.6 25.6-4.266667 51.2-8.533333 81.066667-8.533334 234.666667 0 426.666667 192 426.666667 426.666667s-192 426.666667-426.666667 426.666667z\"><\/path><path d=\"M119.466667 418.133333h-8.533334c-8.533333-4.266667-17.066667-17.066667-12.8-29.866666 42.666667-119.466667 128-213.333333 238.933334-256 12.8-4.266667 21.333333 0 25.6 12.8 4.266667 12.8 0 21.333333-12.8 25.6C256 213.333333 174.933333 298.666667 140.8 405.333333c-4.266667 8.533333-12.8 12.8-21.333333 12.8z\"><\/path><path d=\"M605.866667 558.933333c-4.266667 0-12.8 0-17.066667-4.266666l-128-128c-8.533333-8.533333-8.533333-21.333333 0-29.866667s21.333333-8.533333 29.866667 0l128 128c8.533333 8.533333 8.533333 21.333333 0 29.866667 0 4.266667-8.533333 4.266667-12.8 4.266666z\"><\/path><path d=\"M473.6 691.2c-4.266667 0-12.8 0-17.066667-4.266667-8.533333-8.533333-8.533333-21.333333 0-29.866666l128-128c8.533333-8.533333 21.333333-8.533333 29.866667 0s8.533333 21.333333 0 29.866666l-128 128c0 4.266667-8.533333 4.266667-12.8 4.266667z\"><\/path><\/svg>\t\t\t\t\t\t<\/span>\n\t\t\t\t\t\t\t\t\t\t<span class=\"elementor-icon-list-text\">Reducir los enlaces intermedios, reducir los costos de compra.<\/span>\n\t\t\t\t\t\t\t\t\t<\/li>\n\t\t\t\t\t\t\t\t<li class=\"elementor-icon-list-item\">\n\t\t\t\t\t\t\t\t\t\t\t<span class=\"elementor-icon-list-icon\">\n\t\t\t\t\t\t\t<svg xmlns=\"http:\/\/www.w3.org\/2000\/svg\" xmlns:xlink=\"http:\/\/www.w3.org\/1999\/xlink\" class=\"icon\" viewbox=\"0 0 1024 1024\" width=\"200\" height=\"200\"><path d=\"M499.2 951.466667c-234.666667 0-426.666667-192-426.666667-426.666667 0-17.066667 0-38.4 4.266667-55.466667 4.266667-12.8 12.8-17.066667 25.6-17.066666 12.8 4.266667 17.066667 12.8 17.066667 25.6-4.266667 12.8-4.266667 29.866667-4.266667 46.933333 0 213.333333 170.666667 384 384 384s384-170.666667 384-384-170.666667-384-384-384c-25.6 0-46.933333 4.266667-72.533333 8.533333-12.8 0-21.333333-4.266667-25.6-17.066666 0-12.8 4.266667-21.333333 17.066666-25.6 25.6-4.266667 51.2-8.533333 81.066667-8.533334 234.666667 0 426.666667 192 426.666667 426.666667s-192 426.666667-426.666667 426.666667z\"><\/path><path d=\"M119.466667 418.133333h-8.533334c-8.533333-4.266667-17.066667-17.066667-12.8-29.866666 42.666667-119.466667 128-213.333333 238.933334-256 12.8-4.266667 21.333333 0 25.6 12.8 4.266667 12.8 0 21.333333-12.8 25.6C256 213.333333 174.933333 298.666667 140.8 405.333333c-4.266667 8.533333-12.8 12.8-21.333333 12.8z\"><\/path><path d=\"M605.866667 558.933333c-4.266667 0-12.8 0-17.066667-4.266666l-128-128c-8.533333-8.533333-8.533333-21.333333 0-29.866667s21.333333-8.533333 29.866667 0l128 128c8.533333 8.533333 8.533333 21.333333 0 29.866667 0 4.266667-8.533333 4.266667-12.8 4.266666z\"><\/path><path d=\"M473.6 691.2c-4.266667 0-12.8 0-17.066667-4.266667-8.533333-8.533333-8.533333-21.333333 0-29.866666l128-128c8.533333-8.533333 21.333333-8.533333 29.866667 0s8.533333 21.333333 0 29.866666l-128 128c0 4.266667-8.533333 4.266667-12.8 4.266667z\"><\/path><\/svg>\t\t\t\t\t\t<\/span>\n\t\t\t\t\t\t\t\t\t\t<span class=\"elementor-icon-list-text\">Resolver los problemas de adquisiciones de los peque\u00f1os y medianos clientes locales<\/span>\n\t\t\t\t\t\t\t\t\t<\/li>\n\t\t\t\t\t\t<\/ul>\n\t\t\t\t\t\t<\/div>\n\t\t\t\t<\/div>\n\t\t\t\t<\/div>\n\t\t<div data-particle_enable=\"false\" data-particle-mobile-disabled=\"false\" class=\"elementor-element elementor-element-dad7ec5 e-con-full e-flex e-con e-child\" data-id=\"dad7ec5\" data-element_type=\"container\">\n\t\t\t\t<div class=\"elementor-element elementor-element-6c5214a exad-sticky-section-no exad-glass-effect-no elementor-widget elementor-widget-image\" data-id=\"6c5214a\" data-element_type=\"widget\" data-widget_type=\"image.default\">\n\t\t\t\t<div class=\"elementor-widget-container\">\n\t\t\t\t\t\t\t\t\t\t\t\t\t\t\t<img fetchpriority=\"high\" decoding=\"async\" width=\"1024\" height=\"768\" src=\"https:\/\/wpachem.com\/wp-content\/uploads\/2025\/07\/wpachem610-1024x768.jpg\" class=\"attachment-large size-large wp-image-8175\" alt=\"\" srcset=\"https:\/\/wpachem.com\/wp-content\/uploads\/2025\/07\/wpachem610-1024x768.jpg 1024w, https:\/\/wpachem.com\/wp-content\/uploads\/2025\/07\/wpachem610-300x225.jpg 300w, https:\/\/wpachem.com\/wp-content\/uploads\/2025\/07\/wpachem610-768x576.jpg 768w, https:\/\/wpachem.com\/wp-content\/uploads\/2025\/07\/wpachem610-1536x1152.jpg 1536w, https:\/\/wpachem.com\/wp-content\/uploads\/2025\/07\/wpachem610-2048x1536.jpg 2048w, https:\/\/wpachem.com\/wp-content\/uploads\/2025\/07\/wpachem610-16x12.jpg 16w, https:\/\/wpachem.com\/wp-content\/uploads\/2025\/07\/wpachem610-600x450.jpg 600w\" sizes=\"(max-width: 1024px) 100vw, 1024px\" \/>\t\t\t\t\t\t\t\t\t\t\t\t\t\t\t<\/div>\n\t\t\t\t<\/div>\n\t\t\t\t<\/div>\n\t\t\t\t\t<\/div>\n\t\t\t\t<\/div>\n\t\t\t\t<\/div>","protected":false},"excerpt":{"rendered":"<p>Almac\u00e9n en el extranjero Ver las ventajas Almacenes en el extranjero en Rusia, Corea e India. Equipo de servicio t\u00e9cnico y log\u00edstico profesional para brindar un servicio localizado Pedidos en l\u00ednea, servicio de proveedores fuera de l\u00ednea Reducir los enlaces intermedios, bajar los costos de compra Resuelva los problemas de adquisici\u00f3n de los clientes locales peque\u00f1os y medianos<\/p>","protected":false},"author":3,"featured_media":0,"parent":0,"menu_order":0,"comment_status":"closed","ping_status":"closed","template":"","meta":{"_acf_changed":false,"_gspb_post_css":"","footnotes":""},"class_list":["post-6745","page","type-page","status-publish","hentry"],"blocksy_meta":[],"acf":[],"_links":{"self":[{"href":"https:\/\/wpachem.com\/es\/wp-json\/wp\/v2\/pages\/6745","targetHints":{"allow":["GET"]}}],"collection":[{"href":"https:\/\/wpachem.com\/es\/wp-json\/wp\/v2\/pages"}],"about":[{"href":"https:\/\/wpachem.com\/es\/wp-json\/wp\/v2\/types\/page"}],"author":[{"embeddable":true,"href":"https:\/\/wpachem.com\/es\/wp-json\/wp\/v2\/users\/3"}],"replies":[{"embeddable":true,"href":"https:\/\/wpachem.com\/es\/wp-json\/wp\/v2\/comments?post=6745"}],"version-history":[{"count":0,"href":"https:\/\/wpachem.com\/es\/wp-json\/wp\/v2\/pages\/6745\/revisions"}],"wp:attachment":[{"href":"https:\/\/wpachem.com\/es\/wp-json\/wp\/v2\/media?parent=6745"}],"curies":[{"name":"wp","href":"https:\/\/api.w.org\/{rel}","templated":true}]}}