{"id":7723,"date":"2024-04-09T05:52:21","date_gmt":"2024-04-09T05:52:21","guid":{"rendered":"https:\/\/wpachem.com\/?page_id=7723"},"modified":"2024-04-09T06:02:48","modified_gmt":"2024-04-09T06:02:48","slug":"privacy-policy","status":"publish","type":"page","link":"https:\/\/wpachem.com\/es\/privacy-policy\/","title":{"rendered":"pol\u00edtica de privacidad"},"content":{"rendered":"<h2 class=\"wp-block-heading\" id=\"privacy-policy\"><h1 class=\"special_font\" style=\"margin-right: 0px; margin-bottom: 40px; margin-left: 0px; padding: 0px; box-sizing: border-box; font-family: HelveticaNeueLTPro-BdCn; font-size: 25.21px; text-align: center; color: rgb(51, 51, 51); font-style: normal; letter-spacing: normal; text-transform: none; white-space-collapse: collapse; text-decoration-thickness: initial; text-decoration-style: initial; text-decoration-color: initial;\">POL\u00cdTICA DE PRIVACIDAD<\/h1><\/h2>\n\n\n\n<p>Esta Pol\u00edtica de Privacidad entra en vigor a partir del 3 de octubre de 2023.<\/p>\n\n\n\n<p><em>Hemos actualizado nuestra Pol\u00edtica de privacidad del 31 de agosto de 2023 para actualizar el etiquetado que utilizamos para nuestro pie de p\u00e1gina de preferencias de cookies en wpachemicals.com y para aclarar nuestra actualizaci\u00f3n anterior sobre los mecanismos de transferencia internacional de datos.<\/em><br><\/p>\n\n\n\n<hr class=\"wp-block-separator has-alpha-channel-opacity\"\/>\n\n\n\n<p>\u00a1Bienvenido a visitar wpachemicals.com! Prometemos proteger la privacidad de los visitantes mediante esta Pol\u00edtica de Privacidad. Las siguientes palabras publican la situaci\u00f3n del uso y recopilaci\u00f3n de informaci\u00f3n por parte de nosotros (wpachemicals.com). Nuestra Pol\u00edtica de Privacidad se actualiza siempre que sea necesario. Le invitamos a revisar esta pol\u00edtica en cualquier momento y a responder sus valiosos comentarios a info@wpachem.com.<\/p>\n\n\n\n<p>Cuando acepta los T\u00e9rminos de uso de wpachemicals, ya acept\u00f3 que usemos y divulguemos datos personales de acuerdo con esta Pol\u00edtica de privacidad. Todos los T\u00e9rminos de esta Pol\u00edtica de Privacidad son parte de los T\u00e9rminos de Uso.<\/p>\n\n\n\n<p>MENORES<\/p>\n\n\n\n<p>wpachemicals y sus contenidos no est\u00e1n dirigidos a menores (menores de 18 a\u00f1os) y no tenemos intenci\u00f3n de vender ninguno de nuestros productos o servicios a menores, por lo que deseamos que no nos proporcione ning\u00fan dato personal si es menor de 18 a\u00f1os. a\u00f1os. Los menores s\u00f3lo podr\u00e1n utilizar nuestro servicio con el consentimiento de sus padres o tutores.<\/p>\n\n\n\n<p>MEDIDAS DE SEGURIDAD<\/p>\n\n\n\n<p>Para los usuarios registrados de wpachemicals, su informaci\u00f3n de registro y su informaci\u00f3n de cuenta (si corresponde) se pueden ver y editar a trav\u00e9s de su cuenta, que est\u00e1 protegida por una contrase\u00f1a.<\/p>\n\n\n\n<p>Empleamos m\u00e9todos de seguridad comercialmente razonables para evitar el acceso no autorizado a los Sitios, mantener la precisi\u00f3n de los datos y garantizar el uso correcto de la informaci\u00f3n que tenemos.<\/p>\n\n\n\n<p>Le recomendamos que no divulgue su contrase\u00f1a a nadie. Nuestro personal nunca le pedir\u00e1 su contrase\u00f1a en una llamada telef\u00f3nica no solicitada o en un correo electr\u00f3nico no solicitado. S\u00f3lo podr\u00edas usar tu contrase\u00f1a para usar tu cuenta. Es posible que enfrente alg\u00fan problema si divulga su informaci\u00f3n personal, por lo que le rogamos que cree la cuenta y la contrase\u00f1a de forma segura. Si hay alg\u00fan motivo relacionado con la seguridad de su contrase\u00f1a, comun\u00edquese con nosotros lo antes posible a trav\u00e9s de info@wpachem.com.<\/p>\n\n\n\n<p>INFORMACI\u00d3N DE REGISTRO<\/p>\n\n\n\n<p>Te pedimos que completes el Formulario de Registro mientras deseas unirte a nosotros. Se le solicita que proporcione su nombre real, direcci\u00f3n, pa\u00eds, n\u00famero de tel\u00e9fono, correo electr\u00f3nico, etc. Adem\u00e1s, tambi\u00e9n se le solicita que proporcione el nombre y direcci\u00f3n de su empresa, n\u00famero de tel\u00e9fono, servicio y producto de su empresa en palabras breves, etc. Tambi\u00e9n tiene el derecho a optar por completar informaci\u00f3n adicional. Utilizaremos estas estad\u00edsticas para clasificar a nuestros miembros, como industrias, productos, de modo que est\u00e9n dirigidos a brindar nuevos servicios y oportunidades a nuestros miembros. Le informaremos mediante su direcci\u00f3n de correo electr\u00f3nico sobre los nuevos servicios y oportunidades.<\/p>\n\n\n\n<p>SU COMPORTAMIENTO DE TRANSACCIONES<\/p>\n\n\n\n<p>Registramos y conservamos registros de las actividades de compra y navegaci\u00f3n de los usuarios en nuestra plataforma, incluidas, entre otras, direcciones IP, patrones de navegaci\u00f3n y patrones de comportamiento del comprador. Adem\u00e1s, recopilamos informaci\u00f3n estad\u00edstica sobre los Sitios y los visitantes de los Sitios, incluidos, entre otros, direcciones IP, software de navegador, sistema operativo, atributos de software y hardware, p\u00e1ginas visitadas, n\u00famero de sesiones y visitantes \u00fanicos (en conjunto, &quot;Informaci\u00f3n de navegaci\u00f3n&quot;). \u201d).<\/p>\n\n\n\n<p>Para poder proporcionar a nuestros Miembros productos y servicios recomendados, clasificar\u00edamos a nuestros Miembros seg\u00fan los datos estad\u00edsticos que se obtienen de las transacciones. Le informaremos de estas novedades y posibilidades por correo electr\u00f3nico.<\/p>\n\n\n\n<p>RECOPILACI\u00d3N AUTOM\u00c1TICA DE DATOS<\/p>\n\n\n\n<p>Es posible que wpachemicals reciba y registre datos de su navegador y computadora autom\u00e1ticamente, que incluyen su direcci\u00f3n IP, informaci\u00f3n de cookies, car\u00e1cter de software y hardware y registros web para sus necesidades.<\/p>\n\n\n\n<p>ACERCA DE LAS COOKIES<\/p>\n\n\n\n<p>Las cookies son algunos datos que se enviar\u00e1n a su navegador y se almacenar\u00e1n en el hardware de su computadora si no se niega a aceptarlas. Utilizamos cookies para almacenar los datos relacionados con su visita a nuestro sitio web. Cuando visita nuestro sitio web, nos ayuda a reconocer su identidad y brindarle mejores y m\u00e1s servicios de acuerdo con los datos de an\u00e1lisis.<\/p>\n\n\n\n<p>Tienes derecho a elegir aceptar o rechazar las cookies. Puede rechazar las cookies modificando la configuraci\u00f3n de su navegador, pero le recordamos que es posible que no pueda utilizar algunas funciones de nuestro sitio web debido al rechazo de las cookies.<\/p>\n\n\n\n<p>PUBLICACI\u00d3N Y USO DE LA INFORMACI\u00d3N<\/p>\n\n\n\n<p>No proporcionar\u00edamos, vender\u00edamos, alquilar\u00edamos, compartir\u00edamos ni comercializar\u00edamos la informaci\u00f3n personal de nuestros miembros. De todos modos, para su conveniencia de usar los servicios de wpachemicals y los servicios de las compa\u00f1\u00edas\/organizaciones relacionadas con wpachemicals (abreviatura de otros servicios), usted acepta y autoriza a wpachemicals a transferir su informaci\u00f3n personal tanto a usted como a otras partes de servicios, o acepta que wpachemicals obtener su informaci\u00f3n personal de otras partes de servicios.<\/p>\n\n\n\n<p>Haremos estad\u00edsticas completas de su identidad (la de su empresa) y de sus datos de transacciones, y podremos proporcionarlas a alg\u00fan anunciante con compras y uso razonables seg\u00fan el criterio de wpachemicals. Pero bajo esta situaci\u00f3n, no publicaremos ninguna informaci\u00f3n que pueda reconocer la identidad personal de los miembros, pero no se limitar\u00e1 al nombre de usuario de los miembros u otra informaci\u00f3n divulgada.<\/p>\n\n\n\n<p>Usted acepta que podemos publicar o utilizar su informaci\u00f3n personal para identificar y (o) confirmar su identidad, resolver disputas, garantizar la seguridad del sitio web, ayudar a garantizar que el sitio sea seguro, restringir el fraude, las actividades ilegales u otras actividades delictivas, para para hacer cumplir nuestros acuerdos de servicio.<\/p>\n\n\n\n<p>Usted acepta que podemos utilizar su informaci\u00f3n personal para proteger su vida, su propiedad o para evitar da\u00f1os graves a los derechos e intereses leg\u00edtimos de otros o la necesidad del inter\u00e9s p\u00fablico.<\/p>\n\n\n\n<p>Usted acepta que podemos utilizar su informaci\u00f3n personal para mejorar nuestros servicios y adaptarlos m\u00e1s a sus necesidades. Le brindar\u00e1 un mejor uso de nuestros servicios.<\/p>\n\n\n\n<p>Nuestra web ha anunciado las oportunidades de negocio y ofertas, mientras los usuarios pueden consultar dichas ofertas y oportunidades de negocio.<\/p>\n\n\n\n<p>Cuando la ley, el gobierno o las personas adecuadas nos obliguen a identificar las supuestas violaciones de la solicitud de las personas de proporcionar su informaci\u00f3n, divulgaremos su informaci\u00f3n de buena fe.<\/p>\n\n\n\n<p>ALMACENAMIENTO E INTERCAMBIO DE INFORMACI\u00d3N<\/p>\n\n\n\n<p>La informaci\u00f3n y los datos del usuario recopilados se almacenar\u00e1n en wpachemicals y\/o su Servidor.<\/p>\n\n\n\n<p>ENLACE EXTERNO<\/p>\n\n\n\n<p>Nuestro sitio incluye otros enlaces. wpachemicals no es responsable de la privacidad de esos enlaces. Podemos aumentar las cantidades de los sitios web de nuestros socios comerciales o de marcas compartidas en cualquier momento.<\/p>\n\n\n\n<p>SEGURIDAD<\/p>\n\n\n\n<p>Nuestro sitio web cuenta con las medidas de seguridad adecuadas para garantizar que nuestros datos no se pierdan, se utilicen indebidamente ni se alteren. Estas medidas de seguridad incluyen la copia de seguridad de los datos en otros servidores y el cifrado de la contrase\u00f1a del usuario. Aunque contamos con estas medidas de seguridad, tenga en cuenta que no existen \u201cmedidas de seguridad perfectas\u201d en Internet.<\/p>\n\n\n\n<p>MODIFICA TUS DATOS<\/p>\n\n\n\n<p>Puede modificar o actualizar su informaci\u00f3n personal y contrase\u00f1a en \u201cMIS PEDIDOS\u201d en www.wpachemicals.com.<br>Puede ejercer en cualquier momento poni\u00e9ndose en contacto con nosotros utilizando los datos de contacto proporcionados a trav\u00e9s del correo electr\u00f3nico service@wpachem.com: El derecho a acceder, rectificar, actualizar o solicitar la eliminaci\u00f3n de su informaci\u00f3n personal.<\/p>\n\n\n\n<p>CONT\u00c1CTENOS<\/p>\n\n\n\n<p>Si tiene alg\u00fan comentario y sugerencia sobre esta pol\u00edtica de privacidad o las medidas de protecci\u00f3n de privacidad de wpachemicals, as\u00ed como sus preguntas mientras utiliza nuestro sitio web, cont\u00e1ctenos: info@wpachem.com<\/p>\n\n\n\n<p>Los cambios en el contenido no le avisar\u00e1n m\u00e1s.<\/p>\n\n\n\n<p>El poder de interpretaci\u00f3n final de esta Pol\u00edtica de Privacidad pertenece a wpachemicals.com<\/p>","protected":false},"excerpt":{"rendered":"<p>POL\u00cdTICA DE PRIVACIDAD Esta Pol\u00edtica de Privacidad entr\u00f3 en vigor el 3 de octubre de 2023. Hemos actualizado nuestra Pol\u00edtica de Privacidad del 31 de agosto de 2023 para actualizar el etiquetado que usamos en el pie de p\u00e1gina de preferencias de cookies en wpachemicals.com y para aclarar nuestra actualizaci\u00f3n anterior sobre los mecanismos de transferencia internacional de datos. \u00a1Bienvenido a wpachemicals.com! Nos comprometemos a proteger la privacidad de nuestros visitantes [\u2026]<\/p>","protected":false},"author":1,"featured_media":0,"parent":0,"menu_order":0,"comment_status":"closed","ping_status":"closed","template":"elementor_theme","meta":{"_acf_changed":false,"_gspb_post_css":"","footnotes":""},"class_list":["post-7723","page","type-page","status-publish","hentry"],"blocksy_meta":[],"acf":[],"_links":{"self":[{"href":"https:\/\/wpachem.com\/es\/wp-json\/wp\/v2\/pages\/7723","targetHints":{"allow":["GET"]}}],"collection":[{"href":"https:\/\/wpachem.com\/es\/wp-json\/wp\/v2\/pages"}],"about":[{"href":"https:\/\/wpachem.com\/es\/wp-json\/wp\/v2\/types\/page"}],"author":[{"embeddable":true,"href":"https:\/\/wpachem.com\/es\/wp-json\/wp\/v2\/users\/1"}],"replies":[{"embeddable":true,"href":"https:\/\/wpachem.com\/es\/wp-json\/wp\/v2\/comments?post=7723"}],"version-history":[{"count":0,"href":"https:\/\/wpachem.com\/es\/wp-json\/wp\/v2\/pages\/7723\/revisions"}],"wp:attachment":[{"href":"https:\/\/wpachem.com\/es\/wp-json\/wp\/v2\/media?parent=7723"}],"curies":[{"name":"wp","href":"https:\/\/api.w.org\/{rel}","templated":true}]}}