{"id":2077,"date":"2022-07-04T13:11:35","date_gmt":"2022-07-04T13:11:35","guid":{"rendered":"http:\/\/site2.easyceotech.com\/?post_type=product&#038;p=2077"},"modified":"2024-03-12T08:13:58","modified_gmt":"2024-03-12T08:13:58","slug":"benzyl-alcohol","status":"publish","type":"product","link":"https:\/\/wpachem.com\/es\/producto\/benzyl-alcohol\/","title":{"rendered":"Alcohol de bencilo"},"content":{"rendered":"<p>El alcohol benc\u00edlico l\u00edquido es un fijador muy \u00fatil y una especia indispensable para mezclar jazm\u00edn, flor de luna, ylang-ylang y otros sabores. Utilizado en la preparaci\u00f3n de jab\u00f3n; Fragancia cosm\u00e9tica diaria. Pero el alcohol benc\u00edlico puede oxidarse lentamente de forma natural y una parte genera benzaldeh\u00eddo y \u00e9ter benc\u00edlico, lo que hace que los productos comerciales a menudo tengan sabor a almendra, por lo que no es adecuado para el almacenamiento a largo plazo.<\/p>\n<p>&nbsp;<\/p>\n<table>\n<tbody>\n<tr>\n<td width=\"518\">Art\u00edculo<\/td>\n<td width=\"247\">Especificaci\u00f3n<\/td>\n<td width=\"383\">Resultado<\/td>\n<\/tr>\n<tr>\n<td width=\"518\">Pureza %<\/td>\n<td width=\"247\">\u226599,9<\/td>\n<td width=\"383\">99.97<\/td>\n<\/tr>\n<tr>\n<td width=\"518\">GRAVEDAD ESPEC\u00cdFICA (Kg\/m3 20\u2103):<\/td>\n<td width=\"247\">1042-1047<\/td>\n<td width=\"383\">1045<\/td>\n<\/tr>\n<tr>\n<td width=\"518\">\u00cdNDICE DE REFRACCI\u00d3N (20 \u2103)<\/td>\n<td width=\"247\">1.539-1.541<\/td>\n<td width=\"383\">1.540<\/td>\n<\/tr>\n<tr>\n<td width=\"518\">BENZALDEH\u00cdDO<\/td>\n<td width=\"247\">700 ppm M\u00c1X.<\/td>\n<td width=\"383\">190 ppm<\/td>\n<\/tr>\n<tr>\n<td width=\"518\">RESIDUOS EN ENCENDIDO%<\/td>\n<td width=\"247\">0.005<\/td>\n<td width=\"383\">Aprobar<\/td>\n<\/tr>\n<tr>\n<td width=\"518\">CLORURO %<\/td>\n<td width=\"247\">0,005 M\u00c1XIMO<\/td>\n<td width=\"383\">0.003<\/td>\n<\/tr>\n<tr>\n<td width=\"518\">COLORHz<\/td>\n<td width=\"247\">10 m\u00e1ximo<\/td>\n<td width=\"383\">5<\/td>\n<\/tr>\n<tr>\n<td width=\"518\">ACIDEZ (COMO \u00c1CIDO BENZOICO) %<\/td>\n<td width=\"247\">0.1M\u00c1X.<\/td>\n<td width=\"383\">0.04<\/td>\n<\/tr>\n<tr>\n<td width=\"518\">CLARIDAD DE LA SOLUCI\u00d3N(1+30)<\/td>\n<td width=\"247\">Claro<\/td>\n<td width=\"383\">Aprobar<\/td>\n<\/tr>\n<tr>\n<td width=\"518\">HUMEDAD%<\/td>\n<td width=\"247\">0.1M\u00c1X.<\/td>\n<td width=\"383\">0.04<\/td>\n<\/tr>\n<\/tbody>\n<\/table>\n<p>&nbsp;<\/p>\n<p><strong>Solicitud<\/strong><\/p>\n<p>El alcohol benc\u00edlico se utiliza ampliamente en la producci\u00f3n de productos qu\u00edmicos industriales. Utilizado como disolvente de pintura; revelador fotogr\u00e1fico; estabilizador de cloruro de polivinilo; disolvente de resina sint\u00e9tica. Puede utilizarse como filamento de nailon; desecantes y tintes para fibras y pel\u00edculas pl\u00e1sticas; \u00e9ster de celulosa; Disolvente de case\u00edna, intermedio para preparar \u00e9ster benc\u00edlico o \u00e9ter. Al mismo tiempo, se utiliza mucho en la fabricaci\u00f3n de bol\u00edgrafos (aceite para bol\u00edgrafos); disolventes de pintura, etc.<\/p>\n<p><strong>Embalaje<\/strong><\/p>\n<p>Bid\u00f3n de 25 kg o bid\u00f3n de 200 l o IBC1000<\/p>","protected":false},"excerpt":{"rendered":"<p>Nombre del producto: Alcohol benc\u00edlico<br \/>\nN\u00famero CAS: 100-51-6<br \/>\nMF: C7H8O<br \/>\nN\u00famero EINECS: 202-859-9<br \/>\nAspecto: L\u00edquido transparente arom\u00e1tico incoloro.<\/p>","protected":false},"featured_media":2083,"template":"","meta":{"_acf_changed":false,"_gspb_post_css":""},"product_brand":[],"product_cat":[63],"product_tag":[],"class_list":{"0":"post-2077","1":"product","2":"type-product","3":"status-publish","4":"has-post-thumbnail","6":"product_cat-industrial-chemicals","8":"first","9":"instock","10":"shipping-taxable","11":"product-type-simple"},"acf":[],"_links":{"self":[{"href":"https:\/\/wpachem.com\/es\/wp-json\/wp\/v2\/product\/2077","targetHints":{"allow":["GET"]}}],"collection":[{"href":"https:\/\/wpachem.com\/es\/wp-json\/wp\/v2\/product"}],"about":[{"href":"https:\/\/wpachem.com\/es\/wp-json\/wp\/v2\/types\/product"}],"version-history":[{"count":0,"href":"https:\/\/wpachem.com\/es\/wp-json\/wp\/v2\/product\/2077\/revisions"}],"wp:featuredmedia":[{"embeddable":true,"href":"https:\/\/wpachem.com\/es\/wp-json\/wp\/v2\/media\/2083"}],"wp:attachment":[{"href":"https:\/\/wpachem.com\/es\/wp-json\/wp\/v2\/media?parent=2077"}],"wp:term":[{"taxonomy":"product_brand","embeddable":true,"href":"https:\/\/wpachem.com\/es\/wp-json\/wp\/v2\/product_brand?post=2077"},{"taxonomy":"product_cat","embeddable":true,"href":"https:\/\/wpachem.com\/es\/wp-json\/wp\/v2\/product_cat?post=2077"},{"taxonomy":"product_tag","embeddable":true,"href":"https:\/\/wpachem.com\/es\/wp-json\/wp\/v2\/product_tag?post=2077"}],"curies":[{"name":"wp","href":"https:\/\/api.w.org\/{rel}","templated":true}]}}