{"id":2084,"date":"2022-07-05T12:41:12","date_gmt":"2022-07-05T12:41:12","guid":{"rendered":"http:\/\/site2.easyceotech.com\/?post_type=product&#038;p=2084"},"modified":"2024-03-12T08:13:54","modified_gmt":"2024-03-12T08:13:54","slug":"dimethyl-sulfoxidedmso","status":"publish","type":"product","link":"https:\/\/wpachem.com\/es\/producto\/dimethyl-sulfoxidedmso\/","title":{"rendered":"Dimetilsulf\u00f3xido DMSO"},"content":{"rendered":"<p>El dimetilsulf\u00f3xido DMSO es un compuesto org\u00e1nico que contiene azufre con una f\u00f3rmula molecular de C2H6OS. Es un l\u00edquido transparente incoloro e inodoro a temperatura ambiente. Es un l\u00edquido inflamable higrosc\u00f3pico. Tiene las caracter\u00edsticas de alta polaridad, alto punto de ebullici\u00f3n, buena estabilidad t\u00e9rmica, apr\u00f3tico y miscibilidad en agua. Es soluble en la mayor\u00eda de las sustancias org\u00e1nicas como etanol, propanol, benceno y cloroformo, y se lo conoce como el &quot;disolvente universal&quot;.<\/p>\n<table>\n<tbody>\n<tr>\n<td width=\"53\">No<\/td>\n<td width=\"270\">Prueba<\/td>\n<td width=\"115\">Unidad<\/td>\n<td width=\"249\">M\u00e9todo<\/td>\n<td width=\"141\">M\u00ednimo<\/td>\n<td width=\"117\">M\u00e1x.<\/td>\n<td width=\"110\">Resultados<\/td>\n<\/tr>\n<tr>\n<td width=\"53\">1<\/td>\n<td width=\"270\">\u00cdndice de refracci\u00f3n<\/td>\n<td width=\"115\">@ 20 \u00b0C<\/td>\n<td width=\"249\">GB\/T 21395-2008<\/td>\n<td width=\"141\">1.4775<\/td>\n<td width=\"117\">1.4790<\/td>\n<td width=\"110\">1.4787<\/td>\n<\/tr>\n<tr>\n<td width=\"53\">2<\/td>\n<td width=\"270\">Pureza<\/td>\n<td width=\"115\">%(hombre\/mujer)<\/td>\n<td width=\"249\">Q\/PXH001-1999<\/td>\n<td width=\"141\">99.90<\/td>\n<td width=\"117\">&#8212;<\/td>\n<td width=\"110\">99.98<\/td>\n<\/tr>\n<tr>\n<td width=\"53\">3<\/td>\n<td width=\"270\">Punto de solidificaci\u00f3n<\/td>\n<td width=\"115\">\u00b0C<\/td>\n<td width=\"249\">GB\/T 21395-2008<\/td>\n<td width=\"141\">8.1<\/td>\n<td width=\"117\">&#8212;<\/td>\n<td width=\"110\">18.30<\/td>\n<\/tr>\n<tr>\n<td width=\"53\">4<\/td>\n<td width=\"270\">N\u00famero de acidez (como KOH)<\/td>\n<td width=\"115\">mgKOH\/g<\/td>\n<td width=\"249\">GB\/T 21395-2008<\/td>\n<td width=\"141\">&#8212;<\/td>\n<td width=\"117\">0.03<\/td>\n<td width=\"110\">0.01<\/td>\n<\/tr>\n<tr>\n<td width=\"53\">5<\/td>\n<td width=\"270\">Transmitancia (400 nm)<\/td>\n<td width=\"115\">%<\/td>\n<td width=\"249\">GB\/T 21395-2008<\/td>\n<td width=\"141\">96<\/td>\n<td width=\"117\">&#8212;<\/td>\n<td width=\"110\">100.40<\/td>\n<\/tr>\n<tr>\n<td width=\"53\">6<\/td>\n<td width=\"270\">Contenido de agua<\/td>\n<td width=\"115\">ppm<\/td>\n<td width=\"249\">GB\/T 21395-2008<\/td>\n<td width=\"141\">&#8212;<\/td>\n<td width=\"117\">1000<\/td>\n<td width=\"110\">234<\/td>\n<\/tr>\n<\/tbody>\n<\/table>\n<p>&nbsp;<\/p>\n<p><strong>Solicitud<\/strong><\/p>\n<p>1: Se utiliza para extracci\u00f3n de arom\u00e1ticos, medios de reacci\u00f3n de resinas y tintes, polimerizaci\u00f3n acr\u00edlica, solvente de extracci\u00f3n de seda, etc.<\/p>\n<p>2: Se puede utilizar como disolvente org\u00e1nico, medio de reacci\u00f3n e intermedio de s\u00edntesis org\u00e1nica, el dimetilsulf\u00f3xido tambi\u00e9n se puede utilizar como disolvente de te\u00f1ido de fibras sint\u00e9ticas, agente de te\u00f1ido, portador de te\u00f1ido, tambi\u00e9n se puede utilizar como recuperaci\u00f3n de acetileno, absorbente de di\u00f3xido de azufre, modificador de fibras sint\u00e9ticas, anticongelante y medio capacitivo, aceite de frenos, agente de extracci\u00f3n de metales raros.<\/p>\n<p><strong>Embalaje<\/strong><\/p>\n<p>Tambor de hierro de 225 kg<\/p>","protected":false},"excerpt":{"rendered":"<p>Nombre del producto: dimetilsulf\u00f3xido DMSO<br \/>\nN.\u00ba CAS: 67-68-5<br \/>\nN\u00famero de modelo: C2H6OS<br \/>\nN\u00famero EINECS: 200-664-3<br \/>\nAspecto: L\u00edquido incoloro<\/p>","protected":false},"featured_media":2086,"template":"","meta":{"_acf_changed":false,"_gspb_post_css":""},"product_brand":[],"product_cat":[63],"product_tag":[],"class_list":{"0":"post-2084","1":"product","2":"type-product","3":"status-publish","4":"has-post-thumbnail","6":"product_cat-industrial-chemicals","8":"first","9":"instock","10":"shipping-taxable","11":"product-type-simple"},"acf":[],"_links":{"self":[{"href":"https:\/\/wpachem.com\/es\/wp-json\/wp\/v2\/product\/2084","targetHints":{"allow":["GET"]}}],"collection":[{"href":"https:\/\/wpachem.com\/es\/wp-json\/wp\/v2\/product"}],"about":[{"href":"https:\/\/wpachem.com\/es\/wp-json\/wp\/v2\/types\/product"}],"version-history":[{"count":0,"href":"https:\/\/wpachem.com\/es\/wp-json\/wp\/v2\/product\/2084\/revisions"}],"wp:featuredmedia":[{"embeddable":true,"href":"https:\/\/wpachem.com\/es\/wp-json\/wp\/v2\/media\/2086"}],"wp:attachment":[{"href":"https:\/\/wpachem.com\/es\/wp-json\/wp\/v2\/media?parent=2084"}],"wp:term":[{"taxonomy":"product_brand","embeddable":true,"href":"https:\/\/wpachem.com\/es\/wp-json\/wp\/v2\/product_brand?post=2084"},{"taxonomy":"product_cat","embeddable":true,"href":"https:\/\/wpachem.com\/es\/wp-json\/wp\/v2\/product_cat?post=2084"},{"taxonomy":"product_tag","embeddable":true,"href":"https:\/\/wpachem.com\/es\/wp-json\/wp\/v2\/product_tag?post=2084"}],"curies":[{"name":"wp","href":"https:\/\/api.w.org\/{rel}","templated":true}]}}