{"id":2093,"date":"2022-07-05T12:48:31","date_gmt":"2022-07-05T12:48:31","guid":{"rendered":"http:\/\/site2.easyceotech.com\/?post_type=product&#038;p=2093"},"modified":"2024-03-12T08:13:51","modified_gmt":"2024-03-12T08:13:51","slug":"photoinitiator-tpo","status":"publish","type":"product","link":"https:\/\/wpachem.com\/es\/producto\/photoinitiator-tpo\/","title":{"rendered":"Fotoiniciador TPO"},"content":{"rendered":"<p>El fotoiniciador TPO es un fotoiniciador de radicales libres de escisi\u00f3n eficaz con un rango de longitud de onda de absorci\u00f3n muy amplio, que tiene en cuenta tanto el secado de la superficie como el curado profundo, y se utiliza para iniciar la reacci\u00f3n de polimerizaci\u00f3n UV del sistema de prepolimerizaci\u00f3n insaturado.<\/p>\n<table>\n<tbody>\n<tr>\n<td>Art\u00edculo<\/td>\n<td>Especificaci\u00f3n<\/td>\n<\/tr>\n<tr>\n<td>punto de fusion<\/td>\n<td>88-92 \u00b0C(encendido)<\/td>\n<\/tr>\n<tr>\n<td>punto de ebullici\u00f3n<\/td>\n<td>519,6 \u00b1 60,0 \u00b0C (previsto)<\/td>\n<\/tr>\n<tr>\n<td>punto de inflamabilidad<\/td>\n<td>&gt;230 \u00b0F<\/td>\n<\/tr>\n<tr>\n<td>Ceniza<\/td>\n<td>\u22640,1%<\/td>\n<\/tr>\n<tr>\n<td>Valor de acidez<\/td>\n<td>\u22640,5 mg KOH\/g<\/td>\n<\/tr>\n<tr>\n<td>425nm<\/td>\n<td>\u226785%<\/td>\n<\/tr>\n<tr>\n<td>500nm<\/td>\n<td>\u226795%<\/td>\n<\/tr>\n<tr>\n<td>Almacenamiento<\/td>\n<td>Conservar en un lugar fresco y seco y protegido de la luz.<\/td>\n<\/tr>\n<\/tbody>\n<\/table>\n<p>&nbsp;<\/p>\n<p><strong>Solicitud<\/strong><\/p>\n<p>Se puede utilizar para recubrimientos de curado ultravioleta, tintas de serigraf\u00eda, tintas de impresi\u00f3n litogr\u00e1fica, tintas de impresi\u00f3n flexogr\u00e1fica, recubrimientos para madera, tintas de impresi\u00f3n, adhesivos de curado ultravioleta, recubrimientos de fibra \u00f3ptica, etc.<\/p>\n<p><strong>Embalaje<\/strong><\/p>\n<p>20 kg\/caja<\/p>","protected":false},"excerpt":{"rendered":"<p>Nombre del producto: Fotoiniciador TPO<br \/>\nN\u00famero CAS: 75980-60-8<br \/>\nFrecuencia intermedia: C22H21O2P<br \/>\nN\u00famero EINECS: 278-355-8<br \/>\nApariencia: Polvo amarillo p\u00e1lido<\/p>","protected":false},"featured_media":2096,"template":"","meta":{"_acf_changed":false,"_gspb_post_css":""},"product_brand":[],"product_cat":[64],"product_tag":[],"class_list":{"0":"post-2093","1":"product","2":"type-product","3":"status-publish","4":"has-post-thumbnail","6":"product_cat-photoinitiator","8":"first","9":"instock","10":"shipping-taxable","11":"product-type-simple"},"acf":[],"_links":{"self":[{"href":"https:\/\/wpachem.com\/es\/wp-json\/wp\/v2\/product\/2093","targetHints":{"allow":["GET"]}}],"collection":[{"href":"https:\/\/wpachem.com\/es\/wp-json\/wp\/v2\/product"}],"about":[{"href":"https:\/\/wpachem.com\/es\/wp-json\/wp\/v2\/types\/product"}],"version-history":[{"count":0,"href":"https:\/\/wpachem.com\/es\/wp-json\/wp\/v2\/product\/2093\/revisions"}],"wp:featuredmedia":[{"embeddable":true,"href":"https:\/\/wpachem.com\/es\/wp-json\/wp\/v2\/media\/2096"}],"wp:attachment":[{"href":"https:\/\/wpachem.com\/es\/wp-json\/wp\/v2\/media?parent=2093"}],"wp:term":[{"taxonomy":"product_brand","embeddable":true,"href":"https:\/\/wpachem.com\/es\/wp-json\/wp\/v2\/product_brand?post=2093"},{"taxonomy":"product_cat","embeddable":true,"href":"https:\/\/wpachem.com\/es\/wp-json\/wp\/v2\/product_cat?post=2093"},{"taxonomy":"product_tag","embeddable":true,"href":"https:\/\/wpachem.com\/es\/wp-json\/wp\/v2\/product_tag?post=2093"}],"curies":[{"name":"wp","href":"https:\/\/api.w.org\/{rel}","templated":true}]}}