{"id":2100,"date":"2022-07-05T13:02:00","date_gmt":"2022-07-05T13:02:00","guid":{"rendered":"http:\/\/site2.easyceotech.com\/?post_type=product&#038;p=2100"},"modified":"2024-03-12T08:13:47","modified_gmt":"2024-03-12T08:13:47","slug":"sodium-hyaluronic-acid","status":"publish","type":"product","link":"https:\/\/wpachem.com\/es\/producto\/sodium-hyaluronic-acid\/","title":{"rendered":"\u00c1cido hialur\u00f3nico de sodio"},"content":{"rendered":"<p>El hialuronato de sodio, tambi\u00e9n conocido como hialuronato de sodio, es una sustancia activa fisiol\u00f3gica ampliamente presente en el cuerpo humano. Es un mucopolisac\u00e1rido polim\u00e9rico de cadena lineal compuesto por unidades de disac\u00e1ridos de \u00e1cido glucur\u00f3nico y acetil hexosa.<\/p>\n<table>\n<tbody>\n<tr>\n<td colspan=\"4\" width=\"1177\"><strong>Prueba f\u00edsica y qu\u00edmica<\/strong><\/td>\n<\/tr>\n<tr>\n<td width=\"80\">1<\/td>\n<td width=\"398\">Apariencia<\/td>\n<td width=\"347\">Blanco o casi blanco<\/p>\n<p>polvo o gr\u00e1nulos<\/td>\n<td width=\"352\">Cumple<\/td>\n<\/tr>\n<tr>\n<td width=\"80\">2<\/td>\n<td width=\"398\">Absorci\u00f3n infrarroja<\/td>\n<td width=\"347\">Positivo<\/td>\n<td width=\"352\">Cumple<\/td>\n<\/tr>\n<tr>\n<td width=\"80\">3<\/td>\n<td width=\"398\">Reacci\u00f3n del sodio<\/td>\n<td width=\"347\">Positivo<\/td>\n<td width=\"352\">Cumple<\/td>\n<\/tr>\n<tr>\n<td width=\"80\">4<\/td>\n<td width=\"398\">Absorbancia<\/td>\n<td width=\"347\">\u22640,25<\/td>\n<td width=\"352\">0.11<\/td>\n<\/tr>\n<tr>\n<td width=\"80\">5<\/td>\n<td width=\"398\">Transparencia<\/td>\n<td width=\"347\">\u226599.0%<\/td>\n<td width=\"352\">99.7%<\/td>\n<\/tr>\n<tr>\n<td width=\"80\">6<\/td>\n<td width=\"398\">pH<\/td>\n<td width=\"347\">6.0~7.5<\/td>\n<td width=\"352\">6.4<\/td>\n<\/tr>\n<tr>\n<td width=\"80\">7<\/td>\n<td width=\"398\">viscosidad intr\u00ednseca<\/td>\n<td width=\"347\">(13,77~23,64)dL\/g<\/td>\n<td width=\"352\">18,81 dL\/g<\/td>\n<\/tr>\n<tr>\n<td width=\"80\">8<\/td>\n<td width=\"398\">Peso molecular<\/td>\n<td width=\"347\">(0,75~1,50)\u00d710<sup>6<\/sup>Da<\/td>\n<td width=\"352\">1,12\u00d710<sup>6<\/sup>Da<\/td>\n<\/tr>\n<tr>\n<td width=\"80\">9<\/td>\n<td width=\"398\">Viscosidad cinem\u00e1tica<\/td>\n<td width=\"347\">Valor real<\/td>\n<td width=\"352\">38,91 mm\u00b2\/s<\/td>\n<\/tr>\n<tr>\n<td colspan=\"4\" width=\"1177\"><strong>Prueba de pureza<\/strong><\/td>\n<\/tr>\n<tr>\n<td width=\"80\">10<\/td>\n<td width=\"398\">P\u00e9rdida por secado<\/td>\n<td width=\"347\">\u226410%<\/td>\n<td width=\"352\">9.87%<\/td>\n<\/tr>\n<tr>\n<td width=\"80\">11<\/td>\n<td width=\"398\">Residuos en ignici\u00f3n<\/td>\n<td width=\"347\">\u226420%<\/td>\n<td width=\"352\">19.62%<\/td>\n<\/tr>\n<tr>\n<td width=\"80\">12<\/td>\n<td width=\"398\">Metales pesados<\/td>\n<td width=\"347\">\u226420 ppm<\/td>\n<td width=\"352\">&lt;20 ppm<\/td>\n<\/tr>\n<tr>\n<td width=\"80\">13<\/td>\n<td width=\"398\">Ars\u00e9nico<\/td>\n<td width=\"347\">\u22642 ppm<\/td>\n<td width=\"352\">&lt;2 ppm<\/td>\n<\/tr>\n<tr>\n<td width=\"80\">14<\/td>\n<td width=\"398\">Prote\u00edna<\/td>\n<td width=\"347\">\u22640,1%<\/td>\n<td width=\"352\">0.03%<\/td>\n<\/tr>\n<tr>\n<td width=\"80\">15<\/td>\n<td width=\"398\">Ensayo<\/td>\n<td width=\"347\">\u226595,0%<\/td>\n<td width=\"352\">97.5%<\/td>\n<\/tr>\n<tr>\n<td width=\"80\">16<\/td>\n<td width=\"398\">\u00c1cido glucur\u00f3nico<\/td>\n<td width=\"347\">\u226546,0%<\/td>\n<td width=\"352\">47.2%<\/td>\n<\/tr>\n<tr>\n<td colspan=\"4\" width=\"1177\"><strong>Pureza microbiol\u00f3gica<\/strong><\/td>\n<\/tr>\n<tr>\n<td width=\"80\">17<\/td>\n<td width=\"398\">Recuento total de bacterias<\/td>\n<td width=\"347\">\u2264100 UFC\/g<\/td>\n<td width=\"352\">&lt;10 UFC\/g<\/td>\n<\/tr>\n<tr>\n<td width=\"80\">18<\/td>\n<td width=\"398\">Levaduras y mohos<\/td>\n<td width=\"347\">\u226420 UFC\/g<\/td>\n<td width=\"352\">&lt;10 UFC\/g<\/td>\n<\/tr>\n<tr>\n<td width=\"80\">19<\/td>\n<td width=\"398\">E. coli<\/td>\n<td width=\"347\">Negativo<\/td>\n<td width=\"352\">Negativo<\/td>\n<\/tr>\n<tr>\n<td width=\"80\">20<\/td>\n<td width=\"398\">Estafilococo<\/td>\n<td width=\"347\">Negativo<\/td>\n<td width=\"352\">Negativo<\/td>\n<\/tr>\n<tr>\n<td width=\"80\">21<\/td>\n<td width=\"398\">Pseudomonas aeruginosa<\/td>\n<td width=\"347\">Negativo<\/td>\n<td width=\"352\">Negativo<\/td>\n<\/tr>\n<\/tbody>\n<\/table>\n<p>&nbsp;<\/p>\n<p><strong>Solicitud<\/strong><\/p>\n<p>Ampliamente utilizado en la industria cosm\u00e9tica de alta calidad, para el s\u00edndrome del ojo seco.<\/p>\n<p><strong>Embalaje<\/strong><\/p>\n<p>25KG\/TAMBOR<\/p>","protected":false},"excerpt":{"rendered":"<p>Nombre del producto: \u00c1cido hialur\u00f3nico s\u00f3dico<br \/>\nN.\u00ba CAS: 9067-32-7<br \/>\nMF: C14H22NNaO11<br \/>\nN.\u00ba EINECS: 618-620-0<br \/>\nAspecto: polvo blanco<\/p>","protected":false},"featured_media":2101,"template":"","meta":{"_acf_changed":false,"_gspb_post_css":""},"product_brand":[],"product_cat":[60],"product_tag":[],"class_list":{"0":"post-2100","1":"product","2":"type-product","3":"status-publish","4":"has-post-thumbnail","6":"product_cat-cosmetic-ingredients","8":"first","9":"instock","10":"shipping-taxable","11":"product-type-simple"},"acf":[],"_links":{"self":[{"href":"https:\/\/wpachem.com\/es\/wp-json\/wp\/v2\/product\/2100","targetHints":{"allow":["GET"]}}],"collection":[{"href":"https:\/\/wpachem.com\/es\/wp-json\/wp\/v2\/product"}],"about":[{"href":"https:\/\/wpachem.com\/es\/wp-json\/wp\/v2\/types\/product"}],"version-history":[{"count":0,"href":"https:\/\/wpachem.com\/es\/wp-json\/wp\/v2\/product\/2100\/revisions"}],"wp:featuredmedia":[{"embeddable":true,"href":"https:\/\/wpachem.com\/es\/wp-json\/wp\/v2\/media\/2101"}],"wp:attachment":[{"href":"https:\/\/wpachem.com\/es\/wp-json\/wp\/v2\/media?parent=2100"}],"wp:term":[{"taxonomy":"product_brand","embeddable":true,"href":"https:\/\/wpachem.com\/es\/wp-json\/wp\/v2\/product_brand?post=2100"},{"taxonomy":"product_cat","embeddable":true,"href":"https:\/\/wpachem.com\/es\/wp-json\/wp\/v2\/product_cat?post=2100"},{"taxonomy":"product_tag","embeddable":true,"href":"https:\/\/wpachem.com\/es\/wp-json\/wp\/v2\/product_tag?post=2100"}],"curies":[{"name":"wp","href":"https:\/\/api.w.org\/{rel}","templated":true}]}}