{"id":2107,"date":"2022-07-05T13:08:12","date_gmt":"2022-07-05T13:08:12","guid":{"rendered":"http:\/\/site2.easyceotech.com\/?post_type=product&#038;p=2107"},"modified":"2024-03-12T08:13:42","modified_gmt":"2024-03-12T08:13:42","slug":"panthenol","status":"publish","type":"product","link":"https:\/\/wpachem.com\/es\/producto\/panthenol\/","title":{"rendered":"D-pantenol"},"content":{"rendered":"<p>El D-pantenol es un precursor de la vitamina B5, que se convierte en \u00e1cido pantot\u00e9nico en los tejidos. El \u00e1cido pantot\u00e9nico, vitamina B5, es soluble en agua y es un precursor de la s\u00edntesis de coA. La coenzima A es una sustancia esencial en muchos procesos fisiol\u00f3gicos de la vida (metabolismo de az\u00facares, grasas, prote\u00ednas y energ\u00eda), involucrada en la gluc\u00f3lisis, el ciclo del \u00e1cido c\u00edtrico y la etapa catal\u00edtica inicial de la s\u00edntesis de \u00e1cidos grasos y esfinol\u00edpidos que aseguran la integridad de la bicapa lip\u00eddica de la cut\u00edcula y la membrana celular. Por lo tanto, el D-Pantenol se utiliza ampliamente en la reparaci\u00f3n de lesiones cut\u00e1neas.<\/p>\n<p>La vitamina B5 es un componente nutritivo que la piel debe tener, cuando la estructura del cuerpo carece de \u00e1cido pantot\u00e9nico, se produce queratosis cut\u00e1nea, engrosamiento, descamaci\u00f3n y puede aparecer \u00falcera cut\u00e1nea grave. El pantenol es un is\u00f3mero con rotaci\u00f3n \u00f3ptica, solo el d-pantenol dextr\u00f3giro tiene actividad fisiol\u00f3gica, la industria cosm\u00e9tica debe darle prioridad al D-pantenol.<\/p>\n<table>\n<tbody>\n<tr>\n<td width=\"301\">Elemento de an\u00e1lisis<\/td>\n<td width=\"71\">Unidad<\/td>\n<td width=\"272\">Especificaci\u00f3n<\/td>\n<td width=\"302\">M\u00e9todo de prueba<\/td>\n<td width=\"274\">Resultado<\/td>\n<\/tr>\n<tr>\n<td width=\"301\">Identificaci\u00f3n del vitriolo azul*<\/td>\n<td width=\"71\">\u2014<\/td>\n<td width=\"272\">Azul profundo<\/td>\n<td width=\"302\">Proceso de desarrollo<\/td>\n<td width=\"274\">La soluci\u00f3n es azul profundo<\/td>\n<\/tr>\n<tr>\n<td width=\"301\">Identificaci\u00f3n del tricloruro de hierro*<\/td>\n<td width=\"71\">\u2014<\/td>\n<td width=\"272\">Rojo purpurado<\/td>\n<td width=\"302\">Proceso de desarrollo<\/td>\n<td width=\"274\">La soluci\u00f3n es de color rojo viol\u00e1ceo.<\/td>\n<\/tr>\n<tr>\n<td width=\"301\">Identificaci\u00f3n de IR<\/td>\n<td width=\"71\">\u2014<\/td>\n<td width=\"272\">Cumplir con el espectro est\u00e1ndar<\/td>\n<td width=\"302\">IR<\/td>\n<td width=\"274\">Ajustarse<\/td>\n<\/tr>\n<tr>\n<td width=\"301\">Ensayo<\/td>\n<td width=\"71\">%<\/td>\n<td width=\"272\">98.0-102.0<\/td>\n<td width=\"302\">Titulaci\u00f3n de \u00e1cido percl\u00f3rico<\/td>\n<td width=\"274\">98.8<\/td>\n<\/tr>\n<tr>\n<td width=\"301\">Residuos en ignici\u00f3n<\/td>\n<td width=\"71\">%<\/td>\n<td width=\"272\">W0.1<\/td>\n<td width=\"302\">M\u00e9todo de combusti\u00f3n<\/td>\n<td width=\"274\">0.03<\/td>\n<\/tr>\n<tr>\n<td width=\"301\">Sustancias relacionadas (Aminopropanol)<\/td>\n<td width=\"71\">%<\/td>\n<td width=\"272\">W1.0<\/td>\n<td width=\"302\">Titulaci\u00f3n de \u00e1cido sulf\u00farico<\/td>\n<td width=\"274\">0.67<\/td>\n<\/tr>\n<tr>\n<td width=\"301\">La rotaci\u00f3n espec\u00edfica<\/td>\n<td width=\"71\"><strong><b>o<\/b><\/strong><\/td>\n<td width=\"272\">+29,0 a +31,5<\/td>\n<td width=\"302\">Polar\u00edmetro<\/td>\n<td width=\"274\">+29.8<\/td>\n<\/tr>\n<tr>\n<td width=\"301\">Refracci\u00f3n (20\u00b0C)<\/td>\n<td width=\"71\">\u2014<\/td>\n<td width=\"272\">1.495-1.502<\/td>\n<td width=\"302\">Refract\u00f3metro de Abbe<\/td>\n<td width=\"274\">1.500<\/td>\n<\/tr>\n<tr>\n<td width=\"301\">Humedad<\/td>\n<td width=\"71\">%<\/td>\n<td width=\"272\">W1.0<\/td>\n<td width=\"302\">KF<\/td>\n<td width=\"274\">0.30<\/td>\n<\/tr>\n<tr>\n<td width=\"301\">Metales pesados (como plomo)*<\/td>\n<td width=\"71\">mg\/kg<\/td>\n<td width=\"272\">W10<\/td>\n<td width=\"302\">Colorimetr\u00eda<\/td>\n<td width=\"274\">&lt;10<\/td>\n<\/tr>\n<\/tbody>\n<\/table>\n<p>&nbsp;<\/p>\n<p><strong>Solicitud<\/strong><\/p>\n<p>Protecci\u00f3n de la piel:<br \/>\nEl D-pantenol se puede utilizar como humectante para mejorar la hidrataci\u00f3n de la cut\u00edcula, reducir la p\u00e9rdida de agua transcut\u00e1nea (TEWL), mejorar la aspereza de la piel y aliviar la piel irritada. Adem\u00e1s, puede activar la proliferaci\u00f3n de fibroblastos y acelerar la regeneraci\u00f3n de c\u00e9lulas epiteliales, por lo que puede ayudar a la cicatrizaci\u00f3n de heridas.<\/p>\n<p>Cuidado del cabello:<br \/>\nMuy bueno para mejorar la dureza del cabello, reducir el da\u00f1o causado por el proceso mec\u00e1nico; mantiene el contenido de humedad en tu cabello y lo mantiene seco y encrespado.<\/p>\n<p>Armadura:<br \/>\nForma una pel\u00edcula sobre la superficie de la u\u00f1a y tambi\u00e9n aumenta la humedad en la u\u00f1a, mejorando la flexibilidad de la u\u00f1a.<\/p>\n<p><strong>Embalaje<\/strong><\/p>\n<p>TAMBOR DE 20 KG\/ BOLSA DE 25 KG<\/p>","protected":false},"excerpt":{"rendered":"<p>Nombre del producto: D-Pantenol<br \/>\nN.\u00ba CAS: 16485-10-2<br \/>\nN\u00famero de modelo: C9H19NO4<br \/>\nN\u00famero EINECS: 240-540-6<br \/>\nAspecto: Forma de polvo y l\u00edquido<\/p>","protected":false},"featured_media":2109,"template":"","meta":{"_acf_changed":false,"_gspb_post_css":""},"product_brand":[],"product_cat":[60],"product_tag":[],"class_list":{"0":"post-2107","1":"product","2":"type-product","3":"status-publish","4":"has-post-thumbnail","6":"product_cat-cosmetic-ingredients","8":"first","9":"instock","10":"shipping-taxable","11":"product-type-simple"},"acf":[],"_links":{"self":[{"href":"https:\/\/wpachem.com\/es\/wp-json\/wp\/v2\/product\/2107","targetHints":{"allow":["GET"]}}],"collection":[{"href":"https:\/\/wpachem.com\/es\/wp-json\/wp\/v2\/product"}],"about":[{"href":"https:\/\/wpachem.com\/es\/wp-json\/wp\/v2\/types\/product"}],"version-history":[{"count":0,"href":"https:\/\/wpachem.com\/es\/wp-json\/wp\/v2\/product\/2107\/revisions"}],"wp:featuredmedia":[{"embeddable":true,"href":"https:\/\/wpachem.com\/es\/wp-json\/wp\/v2\/media\/2109"}],"wp:attachment":[{"href":"https:\/\/wpachem.com\/es\/wp-json\/wp\/v2\/media?parent=2107"}],"wp:term":[{"taxonomy":"product_brand","embeddable":true,"href":"https:\/\/wpachem.com\/es\/wp-json\/wp\/v2\/product_brand?post=2107"},{"taxonomy":"product_cat","embeddable":true,"href":"https:\/\/wpachem.com\/es\/wp-json\/wp\/v2\/product_cat?post=2107"},{"taxonomy":"product_tag","embeddable":true,"href":"https:\/\/wpachem.com\/es\/wp-json\/wp\/v2\/product_tag?post=2107"}],"curies":[{"name":"wp","href":"https:\/\/api.w.org\/{rel}","templated":true}]}}