{"id":2121,"date":"2022-07-05T13:30:39","date_gmt":"2022-07-05T13:30:39","guid":{"rendered":"http:\/\/site2.easyceotech.com\/?post_type=product&#038;p=2121"},"modified":"2024-03-12T08:13:06","modified_gmt":"2024-03-12T08:13:06","slug":"tartaric-acid","status":"publish","type":"product","link":"https:\/\/wpachem.com\/es\/producto\/tartaric-acid\/","title":{"rendered":"\u00c1cido tart\u00e1rico"},"content":{"rendered":"<table>\n<tbody>\n<tr>\n<td width=\"317\">T\u00edtulo del \u00edndice<\/td>\n<td width=\"317\">\u00cdndice<\/td>\n<td width=\"317\">Resultado<\/td>\n<\/tr>\n<tr>\n<td width=\"317\">Apariencia:<\/td>\n<td width=\"317\">Granulado blanco o polvo cristalino.<\/td>\n<td width=\"317\">Gr\u00e1nulos cristalinos blancos<\/td>\n<\/tr>\n<tr>\n<td width=\"317\">Ensayo, (por titulaci\u00f3n) %<\/td>\n<td width=\"317\">\u2265 98,0<\/td>\n<td width=\"317\">99.8<\/td>\n<\/tr>\n<tr>\n<td width=\"317\">Rotaci\u00f3n espec\u00edfica<\/p>\n<p>&nbsp;<\/p>\n<p>&nbsp;<\/p>\n<p>(C=25, H2O)<\/td>\n<td width=\"317\">-11,8\uff5e-12,8<\/td>\n<td width=\"317\">-12.4<\/td>\n<\/tr>\n<tr>\n<td width=\"317\">Prueba de sulfato<\/td>\n<td width=\"317\">Pasar la prueba<\/td>\n<td width=\"317\">Pasar la prueba<\/td>\n<\/tr>\n<tr>\n<td width=\"317\">Metales pesados (como Pb) %<\/td>\n<td width=\"317\">\u2264 0,001<\/td>\n<td width=\"317\">&lt;0,001<\/td>\n<\/tr>\n<tr>\n<td width=\"317\">P\u00e9rdida por secado %<\/td>\n<td width=\"317\">\u2264 0,5<\/td>\n<td width=\"317\">0.2<\/td>\n<\/tr>\n<tr>\n<td width=\"317\">Residuos en el encendido %<\/td>\n<td width=\"317\">\u2264 0,1<\/td>\n<td width=\"317\">0.03<\/td>\n<\/tr>\n<\/tbody>\n<\/table>\n<p>&nbsp;<\/p>\n<p><strong>Solicitud<\/strong><\/p>\n<p>El \u00e1cido tart\u00e1rico se utiliza habitualmente en la preparaci\u00f3n de medicamentos, mordientes y agentes curtientes, y tambi\u00e9n se utiliza habitualmente como reactivo para la resoluci\u00f3n de compuestos b\u00e1sicos rac\u00e9micos. Tambi\u00e9n es un agente agrio en aditivos alimentarios, su acidez es mejor que la del \u00e1cido m\u00e1lico, el \u00e1cido l\u00e1ctico, etc.<\/p>\n<p>Varias de sus sales tienen importantes aplicaciones. Por ejemplo, el reactivo de Fehling se formula con tartrato de sodio y potasio en el laboratorio para identificar grupos funcionales aldeh\u00eddo en la estructura de mol\u00e9culas org\u00e1nicas. Su sal de potasio y sodio tambi\u00e9n se denomina sal de Rochelle.<\/p>\n<p>Sus cristales se polarizan bajo presi\u00f3n para producir una diferencia de potencial (efecto piezoel\u00e9ctrico) en ambos extremos de la superficie, que puede convertirse en elementos piezoel\u00e9ctricos para radiodifusi\u00f3n y cable. El receptor y el captador. En medicina, el tartrato de antimonio y potasio (conocido com\u00fanmente como tartrato) se utiliza para tratar la esquistosomiasis.<\/p>\n<p><strong>Embalaje<\/strong><\/p>\n<p>25KG\/BOLSA<\/p>","protected":false},"excerpt":{"rendered":"<p>Nombre del producto: \u00c1cido tart\u00e1rico<br \/>\nN.\u00ba CAS: 147-71-7<br \/>\nN\u00famero molecular: C4H6O6<br \/>\nN\u00famero EINECS: 205-695-6<br \/>\nAspecto: Polvo cristalino blanco<\/p>","protected":false},"featured_media":2127,"template":"","meta":{"_acf_changed":false,"_gspb_post_css":""},"product_brand":[],"product_cat":[55,59],"product_tag":[],"class_list":{"0":"post-2121","1":"product","2":"type-product","3":"status-publish","4":"has-post-thumbnail","6":"product_cat-food-additives","7":"product_cat-acidity-regulators","9":"first","10":"instock","11":"shipping-taxable","12":"product-type-simple"},"acf":[],"_links":{"self":[{"href":"https:\/\/wpachem.com\/es\/wp-json\/wp\/v2\/product\/2121","targetHints":{"allow":["GET"]}}],"collection":[{"href":"https:\/\/wpachem.com\/es\/wp-json\/wp\/v2\/product"}],"about":[{"href":"https:\/\/wpachem.com\/es\/wp-json\/wp\/v2\/types\/product"}],"version-history":[{"count":0,"href":"https:\/\/wpachem.com\/es\/wp-json\/wp\/v2\/product\/2121\/revisions"}],"wp:featuredmedia":[{"embeddable":true,"href":"https:\/\/wpachem.com\/es\/wp-json\/wp\/v2\/media\/2127"}],"wp:attachment":[{"href":"https:\/\/wpachem.com\/es\/wp-json\/wp\/v2\/media?parent=2121"}],"wp:term":[{"taxonomy":"product_brand","embeddable":true,"href":"https:\/\/wpachem.com\/es\/wp-json\/wp\/v2\/product_brand?post=2121"},{"taxonomy":"product_cat","embeddable":true,"href":"https:\/\/wpachem.com\/es\/wp-json\/wp\/v2\/product_cat?post=2121"},{"taxonomy":"product_tag","embeddable":true,"href":"https:\/\/wpachem.com\/es\/wp-json\/wp\/v2\/product_tag?post=2121"}],"curies":[{"name":"wp","href":"https:\/\/api.w.org\/{rel}","templated":true}]}}