{"id":2148,"date":"2022-07-05T14:06:58","date_gmt":"2022-07-05T14:06:58","guid":{"rendered":"http:\/\/site2.easyceotech.com\/?post_type=product&#038;p=2148"},"modified":"2024-03-12T08:12:56","modified_gmt":"2024-03-12T08:12:56","slug":"polydextrose","status":"publish","type":"product","link":"https:\/\/wpachem.com\/es\/producto\/polydextrose\/","title":{"rendered":"Polidextrosa"},"content":{"rendered":"<p>La polidextrosa es una fibra diet\u00e9tica soluble en agua. Es un polisac\u00e1rido compuesto de glucosa reticulada aleatoriamente, que se forma por fusi\u00f3n y policondensaci\u00f3n a alta temperatura de la glucosa, una peque\u00f1a cantidad de sorbitol y \u00e1cido c\u00edtrico. Es f\u00e1cilmente soluble en agua, ligeramente dulce y no tiene un sabor especial. Es un componente alimenticio con funciones de cuidado de la salud y puede complementar la fibra diet\u00e9tica soluble en agua que necesita el cuerpo humano.<\/p>\n<table>\n<tbody>\n<tr>\n<td width=\"356\">Elemento de an\u00e1lisis<\/td>\n<td width=\"321\">especificaci\u00f3n<\/td>\n<td width=\"264\">Resultado<\/td>\n<\/tr>\n<tr>\n<td width=\"356\">Apariencia<\/td>\n<td width=\"321\">Polvo blanco o casi blanco<\/td>\n<td width=\"264\">Polvo blanco<\/td>\n<\/tr>\n<tr>\n<td width=\"356\">Olor<\/td>\n<td width=\"321\">Sin olor evidente<\/td>\n<td width=\"264\">Sin olor evidente<\/td>\n<\/tr>\n<tr>\n<td width=\"356\">Solubilidad<\/td>\n<td width=\"321\">Soluble en agua<\/td>\n<td width=\"264\">Soluble en agua<\/td>\n<\/tr>\n<tr>\n<td width=\"356\">Punto de ebullici\u00f3n<\/td>\n<td width=\"321\">329-331 \u2103<\/td>\n<td width=\"264\">329-331 \u2103<\/td>\n<\/tr>\n<tr>\n<td width=\"356\">punto de fusi\u00f3n<\/td>\n<td width=\"321\">118-120 \u2103<\/td>\n<td width=\"264\">118-120 \u2103<\/td>\n<\/tr>\n<tr>\n<td width=\"356\">Contenido de agua<\/td>\n<td width=\"321\">\u2264 1,0 %<\/td>\n<td width=\"264\">\u2264 1,0 %<\/td>\n<\/tr>\n<tr>\n<td width=\"356\">Pureza<\/td>\n<td width=\"321\">\u2265 99,0 %<\/td>\n<td width=\"264\">99.99 %<\/td>\n<\/tr>\n<tr>\n<td width=\"356\">Saccharomycetes<\/td>\n<td width=\"321\">\u2264 100 UFC\/g<\/td>\n<td width=\"264\">\uff1c10 UFC\/g<\/td>\n<\/tr>\n<\/tbody>\n<\/table>\n<p>&nbsp;<\/p>\n<p><strong>Solicitud<\/strong><\/p>\n<p>La polidextrosa de grado alimenticio se utiliza com\u00fanmente como sustituto del az\u00facar, el almid\u00f3n y la grasa en bebidas comerciales, pasteles, caramelos, mezclas para postres, cereales para el desayuno, gelatinas, postres helados, pudines y aderezos para ensaladas. Tambi\u00e9n se utiliza como humectante, estabilizador y agente espesante.<\/p>\n<p><strong>Embalaje<\/strong><\/p>\n<p>25KG\/TAMBOR<\/p>","protected":false},"excerpt":{"rendered":"<p>Nombre del producto: polidextrosa<br \/>\nN.\u00ba CAS: 68424-04-4<br \/>\nN\u00famero de modelo: C12H22O11<br \/>\nN\u00famero EINECS: 14-467-9<br \/>\nAspecto: Polvo cristalino blanco<\/p>","protected":false},"featured_media":2161,"template":"","meta":{"_acf_changed":false,"_gspb_post_css":""},"product_brand":[],"product_cat":[55,56],"product_tag":[],"class_list":{"0":"post-2148","1":"product","2":"type-product","3":"status-publish","4":"has-post-thumbnail","6":"product_cat-food-additives","7":"product_cat-sweetener","9":"first","10":"instock","11":"shipping-taxable","12":"product-type-simple"},"acf":[],"_links":{"self":[{"href":"https:\/\/wpachem.com\/es\/wp-json\/wp\/v2\/product\/2148","targetHints":{"allow":["GET"]}}],"collection":[{"href":"https:\/\/wpachem.com\/es\/wp-json\/wp\/v2\/product"}],"about":[{"href":"https:\/\/wpachem.com\/es\/wp-json\/wp\/v2\/types\/product"}],"version-history":[{"count":0,"href":"https:\/\/wpachem.com\/es\/wp-json\/wp\/v2\/product\/2148\/revisions"}],"wp:featuredmedia":[{"embeddable":true,"href":"https:\/\/wpachem.com\/es\/wp-json\/wp\/v2\/media\/2161"}],"wp:attachment":[{"href":"https:\/\/wpachem.com\/es\/wp-json\/wp\/v2\/media?parent=2148"}],"wp:term":[{"taxonomy":"product_brand","embeddable":true,"href":"https:\/\/wpachem.com\/es\/wp-json\/wp\/v2\/product_brand?post=2148"},{"taxonomy":"product_cat","embeddable":true,"href":"https:\/\/wpachem.com\/es\/wp-json\/wp\/v2\/product_cat?post=2148"},{"taxonomy":"product_tag","embeddable":true,"href":"https:\/\/wpachem.com\/es\/wp-json\/wp\/v2\/product_tag?post=2148"}],"curies":[{"name":"wp","href":"https:\/\/api.w.org\/{rel}","templated":true}]}}