{"id":2162,"date":"2022-07-05T14:16:47","date_gmt":"2022-07-05T14:16:47","guid":{"rendered":"http:\/\/site2.easyceotech.com\/?post_type=product&#038;p=2162"},"modified":"2024-03-12T08:12:52","modified_gmt":"2024-03-12T08:12:52","slug":"allulose-2","status":"publish","type":"product","link":"https:\/\/wpachem.com\/es\/producto\/allulose-2\/","title":{"rendered":"alulosa"},"content":{"rendered":"<p>El edulcorante de alulosa en polvo es un edulcorante bajo en calor\u00edas, totalmente natural y sin az\u00facar que sabe y puede usarse como el az\u00facar normal, pero sin los efectos adversos para la salud. Se encuentra en la naturaleza en frutas como higos y kiwis.<\/p>\n<p>Tiene menos de 10% de las calor\u00edas del az\u00facar regular. Los estudios cl\u00ednicos confirman que la alulosa no es metabolizada por el cuerpo humano y no tiene ning\u00fan impacto sobre los niveles de glucosa en sangre.<\/p>\n<p>\u00daselo para reemplazar el az\u00facar regular en bebidas, postres, para cocinar u hornear.<\/p>\n<table>\n<tbody>\n<tr>\n<td width=\"197\">N\u00famero de serie<\/td>\n<td width=\"288\">Elemento de prueba<\/td>\n<td width=\"293\">Est\u00e1ndar<\/td>\n<td width=\"234\">Resultado<\/td>\n<\/tr>\n<tr>\n<td width=\"197\"><strong>\u00a0<\/strong><\/p>\n<p>1<\/td>\n<td width=\"288\"><strong>\u00a0<\/strong><\/p>\n<p>Apariencia<\/td>\n<td width=\"293\">Polvo blanco o amarillo claro<\/td>\n<td width=\"234\"><strong>\u00a0<\/strong><\/p>\n<p>Elegible<\/td>\n<\/tr>\n<tr>\n<td width=\"197\"><strong>\u00a0<\/strong><\/p>\n<p>2<\/td>\n<td width=\"288\"><strong>\u00a0<\/strong><\/p>\n<p>Sensorial<\/td>\n<td width=\"293\">Claro dulce, sin olor inusual.<\/td>\n<td width=\"234\"><strong>\u00a0<\/strong><\/p>\n<p>Elegible<\/td>\n<\/tr>\n<tr>\n<td width=\"197\">4<\/td>\n<td width=\"288\">PH<\/td>\n<td width=\"293\">3.0-7.0<\/td>\n<td width=\"234\">5.4<\/td>\n<\/tr>\n<tr>\n<td width=\"197\">5<\/td>\n<td width=\"288\">P\u00e9rdida por secado, %<\/td>\n<td width=\"293\">\u22644<\/td>\n<td width=\"234\">0.24<\/td>\n<\/tr>\n<tr>\n<td width=\"197\">6<\/td>\n<td width=\"288\">Fresno, %<\/td>\n<td width=\"293\">\u22640,5<\/td>\n<td width=\"234\">0.065<\/td>\n<\/tr>\n<tr>\n<td width=\"197\">7<\/td>\n<td width=\"288\">Ensayo (en base seca), %<\/td>\n<td width=\"293\">\u226598<\/td>\n<td width=\"234\">99.47<\/td>\n<\/tr>\n<tr>\n<td width=\"197\"><strong>\u00a0<\/strong><\/p>\n<p>10<\/td>\n<td width=\"288\"><strong>\u00a0<\/strong><\/p>\n<p>Pb, mg\/kg<\/td>\n<td width=\"293\">\u22640,5<\/td>\n<td width=\"234\">&lt;0,5<\/td>\n<\/tr>\n<tr>\n<td width=\"197\">11<\/td>\n<td width=\"288\">Como, mg\/kg<\/td>\n<td width=\"293\">\u22640,5<\/td>\n<td width=\"234\">&lt;0,5<\/td>\n<\/tr>\n<tr>\n<td width=\"197\">12<\/td>\n<td width=\"288\">Contenido de bacterias, ufc\/g<\/td>\n<td width=\"293\">\u22641000<\/td>\n<td width=\"234\">&lt;10<\/td>\n<\/tr>\n<tr>\n<td width=\"197\">13<\/td>\n<td width=\"288\">Levaduras y mohos, ufc\/g<\/td>\n<td width=\"293\">\u226410<\/td>\n<td width=\"234\">&lt;10<\/td>\n<\/tr>\n<tr>\n<td width=\"197\">14<\/td>\n<td width=\"288\">E. coli, NMP\/g<\/td>\n<td width=\"293\">&lt;0,3<\/td>\n<td width=\"234\">Elegible<\/td>\n<\/tr>\n<tr>\n<td width=\"197\"><\/td>\n<td width=\"288\">Pat\u00f3geno<\/td>\n<td width=\"293\">Negativo<\/td>\n<td width=\"234\">Elegible<\/td>\n<\/tr>\n<tr>\n<td width=\"197\">Inspector<\/td>\n<td width=\"288\">02<\/td>\n<td width=\"293\">Asesor<\/td>\n<td width=\"234\">02<\/td>\n<\/tr>\n<\/tbody>\n<\/table>\n<p>&nbsp;<\/p>\n<p><strong>Solicitud<\/strong><\/p>\n<p>Actualmente, la alulosa se utiliza ampliamente en todo tipo de productos nuevos, dulces, productos l\u00e1cteos y bebidas son las aplicaciones m\u00e1s comunes.<\/p>\n<p><strong>Embalaje<\/strong><\/p>\n<p>25KG\/BOLSA<\/p>","protected":false},"excerpt":{"rendered":"<p>Nombre del producto: alulosa<br \/>\nN\u00famero CAS: 551-68-8<br \/>\nFrecuencia intermedia: C6H12O6<br \/>\nN\u00famero EINECS: 208-999-7<br \/>\nAspecto: Polvo cristalino blanco<\/p>","protected":false},"featured_media":2138,"template":"","meta":{"_acf_changed":false,"_gspb_post_css":""},"product_brand":[],"product_cat":[55,56],"product_tag":[],"class_list":{"0":"post-2162","1":"product","2":"type-product","3":"status-publish","4":"has-post-thumbnail","6":"product_cat-food-additives","7":"product_cat-sweetener","9":"first","10":"instock","11":"shipping-taxable","12":"product-type-simple"},"acf":[],"_links":{"self":[{"href":"https:\/\/wpachem.com\/es\/wp-json\/wp\/v2\/product\/2162","targetHints":{"allow":["GET"]}}],"collection":[{"href":"https:\/\/wpachem.com\/es\/wp-json\/wp\/v2\/product"}],"about":[{"href":"https:\/\/wpachem.com\/es\/wp-json\/wp\/v2\/types\/product"}],"version-history":[{"count":0,"href":"https:\/\/wpachem.com\/es\/wp-json\/wp\/v2\/product\/2162\/revisions"}],"wp:featuredmedia":[{"embeddable":true,"href":"https:\/\/wpachem.com\/es\/wp-json\/wp\/v2\/media\/2138"}],"wp:attachment":[{"href":"https:\/\/wpachem.com\/es\/wp-json\/wp\/v2\/media?parent=2162"}],"wp:term":[{"taxonomy":"product_brand","embeddable":true,"href":"https:\/\/wpachem.com\/es\/wp-json\/wp\/v2\/product_brand?post=2162"},{"taxonomy":"product_cat","embeddable":true,"href":"https:\/\/wpachem.com\/es\/wp-json\/wp\/v2\/product_cat?post=2162"},{"taxonomy":"product_tag","embeddable":true,"href":"https:\/\/wpachem.com\/es\/wp-json\/wp\/v2\/product_tag?post=2162"}],"curies":[{"name":"wp","href":"https:\/\/api.w.org\/{rel}","templated":true}]}}