{"id":2164,"date":"2022-07-05T14:26:26","date_gmt":"2022-07-05T14:26:26","guid":{"rendered":"http:\/\/site2.easyceotech.com\/?post_type=product&#038;p=2164"},"modified":"2024-03-12T08:12:42","modified_gmt":"2024-03-12T08:12:42","slug":"hydroxypropyl-methylcellulose","status":"publish","type":"product","link":"https:\/\/wpachem.com\/es\/producto\/hydroxypropyl-methylcellulose\/","title":{"rendered":"Hidroxipropilmetilcelulosa"},"content":{"rendered":"<p>La hidroxipropilmetilcelulosa HPMC es un \u00e9ter de propilenglicol de metilcelulosa, en el que el hidroxipropilo y el metilo est\u00e1n unidos por un enlace de \u00e9ter y un anillo de glucosa anhidro de celulosa, polvo o part\u00edculas de celulosa de color blanco a blanco gris\u00e1ceo, similar a la solubilidad en agua fr\u00eda de la metilcelulosa y propiedades insolubles en agua caliente. Su solubilidad en disolventes org\u00e1nicos es mejor que en disolventes solubles en agua, y es soluble en soluciones de metanol y etanol anhidros, as\u00ed como en hidrocarburos clorados y cetonas. Soluble en agua, su soluci\u00f3n acuosa tiene actividad superficial, formando una pel\u00edcula fina despu\u00e9s del secado, despu\u00e9s del calentamiento y enfriamiento, experimentando sucesivamente una conversi\u00f3n reversible de sol a gel. Puede usarse solo o en combinaci\u00f3n con otros emulsionantes y estabilizadores en bebidas fr\u00edas.<\/p>\n<table>\n<tbody>\n<tr>\n<td width=\"287\">Elemento de prueba<\/td>\n<td width=\"287\">Unidad<\/td>\n<td width=\"287\">Especificaci\u00f3n<\/td>\n<td width=\"287\">Resultado<\/td>\n<\/tr>\n<tr>\n<td width=\"287\">Apariencia<\/td>\n<td width=\"287\">\/<\/td>\n<td width=\"287\">Blanco<\/td>\n<td width=\"287\">Blanco<\/td>\n<\/tr>\n<tr>\n<td width=\"287\">Forma<\/td>\n<td width=\"287\">\/<\/td>\n<td width=\"287\">S\u00f3lido<\/td>\n<td width=\"287\">S\u00f3lido<\/td>\n<\/tr>\n<tr>\n<td width=\"287\">Oler<\/td>\n<td width=\"287\"><\/td>\n<td width=\"287\">Inodoro<\/td>\n<td width=\"287\">inodoro<\/td>\n<\/tr>\n<tr>\n<td width=\"287\">Viscosidad<\/td>\n<td width=\"287\">Servicios de Protecci\u00f3n Civil<\/td>\n<td width=\"287\">25 \u2103 S14\/10 rpm<\/p>\n<p>90000~110000<\/td>\n<td width=\"287\">95000<\/td>\n<\/tr>\n<tr>\n<td width=\"287\">Contenido de agua<\/td>\n<td width=\"287\">%<\/td>\n<td width=\"287\">4-6<\/td>\n<td width=\"287\">4-6<\/td>\n<\/tr>\n<tr>\n<td width=\"287\">Ceniza<\/td>\n<td width=\"287\"><\/td>\n<td width=\"287\">3<\/td>\n<td width=\"287\">3<\/td>\n<\/tr>\n<tr>\n<td width=\"287\">Metoxilo<\/td>\n<td width=\"287\">%<\/td>\n<td width=\"287\">&#8211;<\/td>\n<td width=\"287\">19-22<\/td>\n<\/tr>\n<tr>\n<td width=\"287\">Hidroxipropilo<\/td>\n<td width=\"287\">%<\/td>\n<td width=\"287\">&#8211;<\/td>\n<td width=\"287\">6-12<\/td>\n<\/tr>\n<tr>\n<td width=\"287\">Valor de pH (25\u2103\uff09<\/td>\n<td width=\"287\">&#8211;<\/td>\n<td width=\"287\">&#8211;<\/td>\n<td width=\"287\">6-8.5<\/td>\n<\/tr>\n<tr>\n<td width=\"287\">Temperatura del gel<\/td>\n<td width=\"287\">\u2103<\/td>\n<td width=\"287\">&#8211;<\/td>\n<td width=\"287\">70-90<\/td>\n<\/tr>\n<tr>\n<td width=\"287\">Finura<\/td>\n<td width=\"287\">Malla<\/td>\n<td width=\"287\">&#8211;<\/td>\n<td width=\"287\">Malla 100 \uff1e96%<\/td>\n<\/tr>\n<tr>\n<td width=\"287\">Densidad<\/td>\n<td width=\"287\">g\/\u339d3<\/td>\n<td width=\"287\">&#8211;<\/td>\n<td width=\"287\">0.4-0.6<\/td>\n<\/tr>\n<tr>\n<td width=\"287\">Proporci\u00f3n<\/td>\n<td width=\"287\">G\/l<\/td>\n<td width=\"287\">&#8211;<\/td>\n<td width=\"287\">420-520<\/td>\n<\/tr>\n<tr>\n<td width=\"287\">Tasa de retenci\u00f3n<\/td>\n<td width=\"287\">%<\/td>\n<td width=\"287\">&#8211;<\/td>\n<td width=\"287\">93%<\/td>\n<\/tr>\n<tr>\n<td width=\"287\">Transmitancia<\/td>\n<td width=\"287\">%<\/td>\n<td width=\"287\">&#8211;<\/td>\n<td width=\"287\">\u226565<\/td>\n<\/tr>\n<tr>\n<td width=\"287\">temperatura termocr\u00f3mica<\/td>\n<td width=\"287\">\u2103<\/td>\n<td width=\"287\">&#8211;<\/td>\n<td width=\"287\">190-200<\/td>\n<\/tr>\n<tr>\n<td width=\"287\">Temperatura de carbonizaci\u00f3n<\/td>\n<td width=\"287\">\u2103<\/td>\n<td width=\"287\">&#8211;<\/td>\n<td width=\"287\">280-300<\/td>\n<\/tr>\n<\/tbody>\n<\/table>\n<p>&nbsp;<\/p>\n<p><strong>Solicitud<\/strong><\/p>\n<p>Se ha utilizado ampliamente en las industrias petroqu\u00edmica, de fabricaci\u00f3n de papel, de cuero, de impresi\u00f3n y te\u00f1ido de textiles, m\u00e9dica, alimentaria, cosm\u00e9tica y otras, como dispersante, espesante, adhesivo, excipiente, c\u00e1psula, recubrimientos resistentes al aceite y rellenos.<\/p>\n<p><strong>Embalaje<\/strong><\/p>\n<p>25KG\/BOLSA<\/p>","protected":false},"excerpt":{"rendered":"<p>Nombre del producto:Hidroxipropilmetilcelulosa<br \/>\nN.\u00ba CAS: 9004-65-3<br \/>\nN\u00famero de modelo: C3H7O*<br \/>\nN\u00famero EINECS: 618-389-6<br \/>\nApariencia: Polvo blanco<\/p>","protected":false},"featured_media":2168,"template":"","meta":{"_acf_changed":false,"_gspb_post_css":""},"product_brand":[],"product_cat":[55,58],"product_tag":[],"class_list":{"0":"post-2164","1":"product","2":"type-product","3":"status-publish","4":"has-post-thumbnail","6":"product_cat-food-additives","7":"product_cat-thicknerstablizer","9":"first","10":"instock","11":"shipping-taxable","12":"product-type-simple"},"acf":[],"_links":{"self":[{"href":"https:\/\/wpachem.com\/es\/wp-json\/wp\/v2\/product\/2164","targetHints":{"allow":["GET"]}}],"collection":[{"href":"https:\/\/wpachem.com\/es\/wp-json\/wp\/v2\/product"}],"about":[{"href":"https:\/\/wpachem.com\/es\/wp-json\/wp\/v2\/types\/product"}],"version-history":[{"count":0,"href":"https:\/\/wpachem.com\/es\/wp-json\/wp\/v2\/product\/2164\/revisions"}],"wp:featuredmedia":[{"embeddable":true,"href":"https:\/\/wpachem.com\/es\/wp-json\/wp\/v2\/media\/2168"}],"wp:attachment":[{"href":"https:\/\/wpachem.com\/es\/wp-json\/wp\/v2\/media?parent=2164"}],"wp:term":[{"taxonomy":"product_brand","embeddable":true,"href":"https:\/\/wpachem.com\/es\/wp-json\/wp\/v2\/product_brand?post=2164"},{"taxonomy":"product_cat","embeddable":true,"href":"https:\/\/wpachem.com\/es\/wp-json\/wp\/v2\/product_cat?post=2164"},{"taxonomy":"product_tag","embeddable":true,"href":"https:\/\/wpachem.com\/es\/wp-json\/wp\/v2\/product_tag?post=2164"}],"curies":[{"name":"wp","href":"https:\/\/api.w.org\/{rel}","templated":true}]}}