{"id":2184,"date":"2022-07-05T14:44:57","date_gmt":"2022-07-05T14:44:57","guid":{"rendered":"http:\/\/site2.easyceotech.com\/?post_type=product&#038;p=2184"},"modified":"2024-03-12T08:12:26","modified_gmt":"2024-03-12T08:12:26","slug":"poly-aluminium-chloride","status":"publish","type":"product","link":"https:\/\/wpachem.com\/es\/producto\/poly-aluminium-chloride\/","title":{"rendered":"Cloruro de polialuminio"},"content":{"rendered":"<p>El policloruro de aluminio (PAC) en todas sus formas se utiliza ampliamente como coagulante y floculante industrial en diferentes industrias. Hay diferentes grados de PAC disponibles para diferentes prop\u00f3sitos. Los productos PAC se utilizan en el tratamiento de agua para la eliminaci\u00f3n de s\u00f3lidos suspendidos (turbidez) y otros contaminantes, como la materia org\u00e1nica natural del agua superficial, los microorganismos y las part\u00edculas coloidales, el limo y la arcilla se estabilizan mediante cargas electrost\u00e1ticas superficiales que evitan que las part\u00edculas se fusionen. Es ventajoso en agua de turbidez baja a moderada, posiblemente debido a la mayor capacidad neutralizadora de carga en relaci\u00f3n con el alumbre.<\/p>\n<table>\n<tbody>\n<tr>\n<td width=\"248\">Elementos<\/td>\n<td width=\"316\">Cloruro de polialuminio PAC s\u00f3lido, tratamiento de agua potable<\/td>\n<td width=\"568\"><strong>\u00a0<\/strong><\/p>\n<p>Especificaciones<\/td>\n<\/tr>\n<tr>\n<td width=\"248\"><strong>\u00a0<\/strong><\/p>\n<p><strong>\u00a0<\/strong><\/p>\n<p>Caracter\u00edsticas<\/td>\n<td width=\"316\">Apariencia<\/td>\n<td width=\"568\">Polvo amarillo claro<\/td>\n<\/tr>\n<tr>\n<td width=\"248\"><\/td>\n<td width=\"316\">Solubilidad<\/td>\n<td width=\"568\">F\u00e1cilmente soluble<\/td>\n<\/tr>\n<tr>\n<td width=\"248\"><\/td>\n<td width=\"316\">Toxicidad<\/td>\n<td width=\"568\">No t\u00f3xico<\/td>\n<\/tr>\n<tr>\n<td colspan=\"2\" width=\"565\"><strong>\u00a0<\/strong><\/p>\n<p>Especificaci\u00f3n<\/td>\n<td width=\"568\"><strong>\u00a0<\/strong><\/p>\n<p>Especificaci\u00f3n<\/td>\n<\/tr>\n<tr>\n<td colspan=\"2\" width=\"565\">Contenido de \u00f3xido de aluminio AL2O3<\/td>\n<td width=\"568\">30%m\u00edn<\/td>\n<\/tr>\n<tr>\n<td colspan=\"2\" width=\"565\">Basicidad<\/td>\n<td width=\"568\">40.0%-90.0%<\/td>\n<\/tr>\n<tr>\n<td colspan=\"2\" width=\"565\">Valor de PH 1% soluci\u00f3n acuosa<\/td>\n<td width=\"568\">3.5-5.0<\/td>\n<\/tr>\n<tr>\n<td colspan=\"2\" width=\"565\">Materia insoluble en agua<\/td>\n<td width=\"568\">0.6%MAX<\/td>\n<\/tr>\n<tr>\n<td colspan=\"2\" width=\"565\">Contenido de Fe<\/td>\n<td width=\"568\">0,2%m\u00e1x.<\/td>\n<\/tr>\n<tr>\n<td colspan=\"2\" width=\"565\">Como contenido<\/td>\n<td width=\"568\">0,0002%m\u00e1x<\/td>\n<\/tr>\n<tr>\n<td colspan=\"2\" width=\"565\">Contenido de libras<\/td>\n<td width=\"568\">0,001%m\u00e1x<\/td>\n<\/tr>\n<tr>\n<td colspan=\"2\" width=\"565\">Contenido Cr6+<\/td>\n<td width=\"568\">0.0005%MAX<\/td>\n<\/tr>\n<tr>\n<td colspan=\"2\" width=\"565\">Contenido del CD<\/td>\n<td width=\"568\">0,0002%m\u00e1x<\/td>\n<\/tr>\n<tr>\n<td colspan=\"2\" width=\"565\">Contenido de mercurio<\/td>\n<td width=\"568\">0.00001%MAX<\/td>\n<\/tr>\n<tr>\n<td colspan=\"2\" width=\"565\">Paquete<\/td>\n<td width=\"568\">25 kg\/bolsa en una bolsa tejida de PP con PE en el interior<\/td>\n<\/tr>\n<tr>\n<td colspan=\"2\" width=\"565\"><strong>\u00a0<\/strong><\/p>\n<p>Almacenamiento<\/td>\n<td width=\"568\">El producto deber\u00e1 sellarse y almacenarse en<\/p>\n<p>el lugar seco y ventilado para evitar la lluvia, altas temperaturas y luz solar intensa.<\/td>\n<\/tr>\n<tr>\n<td colspan=\"2\" width=\"565\">Duraci\u00f3n<\/td>\n<td width=\"568\">24 meses, si el almacenamiento es correcto<\/td>\n<\/tr>\n<tr>\n<td colspan=\"2\" width=\"565\">Funci\u00f3n<\/td>\n<td width=\"568\">tratamiento de agua potable<\/td>\n<\/tr>\n<\/tbody>\n<\/table>\n<p>&nbsp;<\/p>\n<p><strong>Solicitud<\/strong><\/p>\n<p>Aguas residuales dom\u00e9sticas, aguas residuales municipales, galvanoplastia, impresi\u00f3n y te\u00f1ido, fabricaci\u00f3n de papel, metalurgia, industria qu\u00edmica, lavado de carb\u00f3n y otros tratamientos de aguas residuales industriales.<\/p>\n<p><strong>Embalaje<\/strong><\/p>\n<p>25KG\/BOLSA<\/p>","protected":false},"excerpt":{"rendered":"<p>Nombre del producto: cloruro de polialuminio<br \/>\nN\u00famero CAS: 101707-17-9<br \/>\nMF:Al2Cl(OH)5<br \/>\nN\u00famero EINECS: 215-477-2<br \/>\nApariencia: Polvo amarillo<\/p>","protected":false},"featured_media":2185,"template":"","meta":{"_acf_changed":false,"_gspb_post_css":""},"product_brand":[],"product_cat":[65],"product_tag":[],"class_list":{"0":"post-2184","1":"product","2":"type-product","3":"status-publish","4":"has-post-thumbnail","6":"product_cat-water-treatment-agent","8":"first","9":"instock","10":"shipping-taxable","11":"product-type-simple"},"acf":[],"_links":{"self":[{"href":"https:\/\/wpachem.com\/es\/wp-json\/wp\/v2\/product\/2184","targetHints":{"allow":["GET"]}}],"collection":[{"href":"https:\/\/wpachem.com\/es\/wp-json\/wp\/v2\/product"}],"about":[{"href":"https:\/\/wpachem.com\/es\/wp-json\/wp\/v2\/types\/product"}],"version-history":[{"count":0,"href":"https:\/\/wpachem.com\/es\/wp-json\/wp\/v2\/product\/2184\/revisions"}],"wp:featuredmedia":[{"embeddable":true,"href":"https:\/\/wpachem.com\/es\/wp-json\/wp\/v2\/media\/2185"}],"wp:attachment":[{"href":"https:\/\/wpachem.com\/es\/wp-json\/wp\/v2\/media?parent=2184"}],"wp:term":[{"taxonomy":"product_brand","embeddable":true,"href":"https:\/\/wpachem.com\/es\/wp-json\/wp\/v2\/product_brand?post=2184"},{"taxonomy":"product_cat","embeddable":true,"href":"https:\/\/wpachem.com\/es\/wp-json\/wp\/v2\/product_cat?post=2184"},{"taxonomy":"product_tag","embeddable":true,"href":"https:\/\/wpachem.com\/es\/wp-json\/wp\/v2\/product_tag?post=2184"}],"curies":[{"name":"wp","href":"https:\/\/api.w.org\/{rel}","templated":true}]}}