{"id":2199,"date":"2022-07-05T14:56:36","date_gmt":"2022-07-05T14:56:36","guid":{"rendered":"http:\/\/site2.easyceotech.com\/?post_type=product&#038;p=2199"},"modified":"2024-03-12T08:11:32","modified_gmt":"2024-03-12T08:11:32","slug":"chloroprene-rubber","status":"publish","type":"product","link":"https:\/\/wpachem.com\/es\/producto\/chloroprene-rubber\/","title":{"rendered":"caucho de cloropreno"},"content":{"rendered":"<p>Un caucho de policloropreno modificado con xant\u00f3geno o dodecilmercaptano con una velocidad de cristalizaci\u00f3n r\u00e1pida y una alta fuerza de uni\u00f3n a temperatura ambiente. La densidad es 1,23. Es similar a la gama A de Denka como A-90 y a la gama AD de neopreno de Du Pont como AD-20.<\/p>\n<p>&nbsp;<\/p>\n<p style=\"text-align: center;\"><strong>Serie CR 232<\/strong><\/p>\n<table>\n<tbody>\n<tr>\n<td width=\"344\">Art\u00edculo<\/td>\n<td colspan=\"3\" width=\"585\">\u00cdndice<\/td>\n<\/tr>\n<tr>\n<td width=\"344\"><strong>\u00a0<\/strong><\/p>\n<p>Viscosidad Mooney (ML 100 \u2103 1+4)<\/td>\n<td width=\"181\">CR2321<\/td>\n<td width=\"182\">CR2322<\/td>\n<td width=\"221\">CR2323<\/td>\n<\/tr>\n<tr>\n<td width=\"344\"><\/td>\n<td width=\"181\">35-45<\/td>\n<td width=\"182\">46-55<\/td>\n<td width=\"221\">De acuerdo a<\/p>\n<p>Necesidades del consumidor<\/td>\n<\/tr>\n<tr>\n<td width=\"344\">Quemador lunar<\/p>\n<p>(MS t<sub>5<\/sub>, m\u00edn ) \u2265<\/td>\n<td colspan=\"3\" width=\"585\">11<\/td>\n<\/tr>\n<tr>\n<td width=\"344\">Resistencia a la tracci\u00f3n, MPa \u2265<\/td>\n<td colspan=\"3\" width=\"585\">12<\/td>\n<\/tr>\n<tr>\n<td width=\"344\">M\u00f3dulo a 500\uff05, MPa<\/td>\n<td colspan=\"3\" width=\"585\">1~5<\/td>\n<\/tr>\n<tr>\n<td width=\"344\">Elongaci\u00f3n de rotura,\uff05 \u2265<\/td>\n<td colspan=\"3\" width=\"585\">750<\/td>\n<\/tr>\n<tr>\n<td width=\"344\">Materia vol\u00e1til,\uff05 \u2264<\/td>\n<td colspan=\"3\" width=\"585\">1.2<\/td>\n<\/tr>\n<tr>\n<td width=\"344\">Contenido de cenizas,\uff05 \u2264<\/td>\n<td colspan=\"3\" width=\"585\">1.2<\/td>\n<\/tr>\n<\/tbody>\n<\/table>\n<p>&nbsp;<\/p>\n<hr \/>\n<p style=\"text-align: center;\"><strong>Serie CR 244<\/strong><\/p>\n<table>\n<tbody>\n<tr>\n<td width=\"331\">Art\u00edculo<\/td>\n<td colspan=\"2\" width=\"663\">\u00cdndice<\/td>\n<\/tr>\n<tr>\n<td width=\"331\"><strong>\u00a0<\/strong><\/p>\n<p>Viscosidad en soluci\u00f3n de tolueno 5%, mPa.s<\/td>\n<td width=\"331\">CR2441<\/td>\n<td width=\"331\">25-34<\/td>\n<\/tr>\n<tr>\n<td width=\"331\"><\/td>\n<td width=\"331\">CR2442<\/td>\n<td width=\"331\">35-53<\/td>\n<\/tr>\n<tr>\n<td width=\"331\"><\/td>\n<td width=\"331\">CR2443<\/td>\n<td width=\"331\">54-75<\/td>\n<\/tr>\n<tr>\n<td width=\"331\"><\/td>\n<td width=\"331\">CR2444<\/td>\n<td width=\"331\">76-115<\/td>\n<\/tr>\n<tr>\n<td width=\"331\"><\/td>\n<td width=\"331\">CR244A<\/td>\n<td width=\"331\">116-140<\/td>\n<\/tr>\n<tr>\n<td width=\"331\"><\/td>\n<td width=\"331\">CR244B<\/td>\n<td width=\"331\">\u2265 141<\/td>\n<\/tr>\n<tr>\n<td width=\"331\">Fuerza de pelado, N\/cm<\/p>\n<p>\u2265<\/td>\n<td colspan=\"2\" width=\"663\">90<\/td>\n<\/tr>\n<tr>\n<td width=\"331\">Vol\u00e1til, % \u2264<\/td>\n<td colspan=\"2\" width=\"663\">1.5<\/td>\n<\/tr>\n<tr>\n<td width=\"331\">Ceniza, % \u2264<\/td>\n<td colspan=\"2\" width=\"663\">1.5<\/td>\n<\/tr>\n<\/tbody>\n<\/table>\n<p>&nbsp;<\/p>\n<p><strong>Solicitud<\/strong><\/p>\n<p>Para la elaboraci\u00f3n de adhesivos de cloropreno. Los adhesivos de cloropreno se utilizan para unir caucho, cuero, fibra, metal, madera, productos de cemento, etc.<\/p>\n<p><strong>Embalaje<\/strong><\/p>\n<p>25KG\/BOLSA<\/p>","protected":false},"excerpt":{"rendered":"<p>Nombre del producto: caucho de cloropreno<br \/>\nN\u00famero CAS: 9010-98-4<br \/>\nFrecuencia intermedia: C4H5Cl<br \/>\nN\u00famero EINECS: 618-463-8<br \/>\nApariencia: chips blancos como la leche<\/p>","protected":false},"featured_media":2201,"template":"","meta":{"_acf_changed":false,"_gspb_post_css":""},"product_brand":[],"product_cat":[62,76],"product_tag":[],"class_list":{"0":"post-2199","1":"product","2":"type-product","3":"status-publish","4":"has-post-thumbnail","6":"product_cat-rubberplastic-ingredients","7":"product_cat-others","9":"first","10":"instock","11":"shipping-taxable","12":"product-type-simple"},"acf":[],"_links":{"self":[{"href":"https:\/\/wpachem.com\/es\/wp-json\/wp\/v2\/product\/2199","targetHints":{"allow":["GET"]}}],"collection":[{"href":"https:\/\/wpachem.com\/es\/wp-json\/wp\/v2\/product"}],"about":[{"href":"https:\/\/wpachem.com\/es\/wp-json\/wp\/v2\/types\/product"}],"version-history":[{"count":0,"href":"https:\/\/wpachem.com\/es\/wp-json\/wp\/v2\/product\/2199\/revisions"}],"wp:featuredmedia":[{"embeddable":true,"href":"https:\/\/wpachem.com\/es\/wp-json\/wp\/v2\/media\/2201"}],"wp:attachment":[{"href":"https:\/\/wpachem.com\/es\/wp-json\/wp\/v2\/media?parent=2199"}],"wp:term":[{"taxonomy":"product_brand","embeddable":true,"href":"https:\/\/wpachem.com\/es\/wp-json\/wp\/v2\/product_brand?post=2199"},{"taxonomy":"product_cat","embeddable":true,"href":"https:\/\/wpachem.com\/es\/wp-json\/wp\/v2\/product_cat?post=2199"},{"taxonomy":"product_tag","embeddable":true,"href":"https:\/\/wpachem.com\/es\/wp-json\/wp\/v2\/product_tag?post=2199"}],"curies":[{"name":"wp","href":"https:\/\/api.w.org\/{rel}","templated":true}]}}