{"id":2206,"date":"2022-07-05T15:05:22","date_gmt":"2022-07-05T15:05:22","guid":{"rendered":"http:\/\/site2.easyceotech.com\/?post_type=product&#038;p=2206"},"modified":"2024-03-12T08:11:25","modified_gmt":"2024-03-12T08:11:25","slug":"epoxy-resin","status":"publish","type":"product","link":"https:\/\/wpachem.com\/es\/producto\/epoxy-resin\/","title":{"rendered":"Resina epoxica"},"content":{"rendered":"<p><strong>Caracter\u00edsticas:<\/strong><\/p>\n<p>La resina epoxi, conocida como EP, es un t\u00e9rmino general para las resinas que contienen dos o m\u00e1s grupos epoxi en su estructura molecular. Independientemente de la longitud o longitud de la mol\u00e9cula, los dos extremos del enlace son b\u00e1sicamente un grupo epoxi, y el grado funcional del grupo epoxi es 2. Despu\u00e9s de la reticulaci\u00f3n con el agente de curado, puede formar una estructura de red tridimensional, por lo que la resina epoxi es un tipo de compuesto polim\u00e9rico. Seg\u00fan el grado de polimerizaci\u00f3n, se puede dividir en l\u00edquido o s\u00f3lido. Debido a que el grupo epoxi es un anillo ternario, este anillo ternario es f\u00e1cil de abrir y tiene una fuerte reactividad, muchas caracter\u00edsticas de la resina epoxi se derivan de esto. La variedad m\u00e1s importante de resina epoxi es la policondensaci\u00f3n de epiclorhidrina y resina epoxi de \u00e9ter prop\u00edlico de tipo bisfenol A; Adem\u00e1s, existen resinas epoxi fabricadas mediante la reacci\u00f3n con compuestos que contienen enlaces de alqueno.<\/p>\n<table>\n<tbody>\n<tr>\n<td>Informaci\u00f3n<\/td>\n<td colspan=\"3\" width=\"702\">La resina epoxi industrial AR-1 de CNMI es un tipo de resina epoxi que se cura a temperatura ambiente y a baja temperatura. Tiene un bajo poder calor\u00edfico.<br \/>\nValor, buena suavidad, antiespumante natural, baja viscosidad, alta resistencia y alta dureza. Puede curarse a temperatura ambiente o<br \/>\ncalefacci\u00f3n.<\/td>\n<td width=\"89\"><\/td>\n<\/tr>\n<tr>\n<td width=\"82\"><\/td>\n<td>Especificaci\u00f3n<br \/>\n(1)<\/td>\n<td>Resina epox\u00eddica<\/td>\n<td width=\"384\">AR-1A<\/td>\n<td width=\"89\">Est\u00e1ndar<\/td>\n<\/tr>\n<tr>\n<td width=\"82\"><\/td>\n<td><\/td>\n<td>Apariencia<\/td>\n<td width=\"384\">L\u00edquido transparente incoloro<\/td>\n<td width=\"89\">&#8212;&#8212;-<\/td>\n<\/tr>\n<tr>\n<td width=\"82\"><\/td>\n<td><\/td>\n<td>Viscosidad (mPa.s 25\u2103)<\/td>\n<td width=\"384\">500-1000<\/td>\n<td width=\"89\">GB\/T 22314-2008<\/td>\n<\/tr>\n<tr>\n<td width=\"82\"><\/td>\n<td><\/td>\n<td>Gravedad espec\u00edfica 25\u2103<\/td>\n<td width=\"384\">1.05<\/td>\n<td width=\"89\">GB\/T 4612-2008<\/td>\n<\/tr>\n<tr>\n<td width=\"82\"><\/td>\n<td><\/td>\n<td>Endurecedor<\/td>\n<td width=\"384\">AR-1B<\/td>\n<td width=\"89\">Est\u00e1ndar<\/td>\n<\/tr>\n<tr>\n<td width=\"82\"><\/td>\n<td><\/td>\n<td>Apariencia<\/td>\n<td width=\"384\">L\u00edquido transparente incoloro<\/td>\n<td width=\"89\">&#8212;&#8212;&#8211;<\/td>\n<\/tr>\n<tr>\n<td width=\"82\"><\/td>\n<td><\/td>\n<td>Viscosidad (mPa.s 25\u2103)<\/td>\n<td width=\"384\">100<\/td>\n<td width=\"89\">GB\/T 22314-2008<\/td>\n<\/tr>\n<tr>\n<td width=\"82\"><\/td>\n<td><\/td>\n<td>Gravedad espec\u00edfica 25\u2103<\/td>\n<td width=\"384\">0.96<\/td>\n<td width=\"89\">GB\/T 4612-2008<\/td>\n<\/tr>\n<\/tbody>\n<\/table>\n<p>&nbsp;<\/p>\n<p><strong>Solicitud<\/strong><\/p>\n<p>La resina epoxi se usa ampliamente como adhesivo, material anticorrosivo, revestimiento aislante, material de laminaci\u00f3n, material de fundici\u00f3n e impregnaci\u00f3n, material de moldeo, etc. Tambi\u00e9n se puede utilizar como pl\u00e1sticos reforzados con fibra de vidrio, piezas de precisi\u00f3n el\u00e9ctricas, materiales a prueba de golpes y absorbentes de sonido, agente de acabado textil. En t\u00e9rminos de revestimiento, se utiliza principalmente como revestimiento protector de metales para barcos, componentes de hierro y acero, contenedores de metal, etc. Adem\u00e1s, como portador de revestimiento electrofor\u00e9tico cati\u00f3nico, se usa ampliamente en el revestimiento inferior de la carrocer\u00eda de los autom\u00f3viles. Se usa ampliamente como pintura aislante, material de inyecci\u00f3n y material de moldeo en electrodom\u00e9sticos, especialmente en la industria electr\u00f3nica. Adem\u00e1s del tablero laminado, se usa ampliamente como LSI, IC y otros materiales de sellado. En la construcci\u00f3n civil, se utiliza como revestimiento antideslizante, material de piso y material de mortero para carreteras de fundici\u00f3n de hormig\u00f3n; Como adhesivo, con buena adherencia, se usa ampliamente en la uni\u00f3n de materiales met\u00e1licos y no met\u00e1licos (como cer\u00e1mica, vidrio, madera, etc.); Tambi\u00e9n se utiliza como resina, estabilizador de PVC; Imprimaci\u00f3n textil para evitar arrugas y encogimientos.<\/p>\n<p><strong>Embalaje<\/strong><\/p>\n<p>25KG\/TAMBOR<\/p>","protected":false},"excerpt":{"rendered":"<p>Nombre del producto: resina epoxi<br \/>\nN.\u00ba CAS: 61788-97-4<br \/>\nN\u00famero de modelo: C21H23ClFNO2<br \/>\nN.\u00ba EINECS:\/<br \/>\nAspecto: L\u00edquido transparente incoloro<\/p>","protected":false},"featured_media":2212,"template":"","meta":{"_acf_changed":false,"_gspb_post_css":""},"product_brand":[],"product_cat":[62,76],"product_tag":[],"class_list":{"0":"post-2206","1":"product","2":"type-product","3":"status-publish","4":"has-post-thumbnail","6":"product_cat-rubberplastic-ingredients","7":"product_cat-others","9":"first","10":"instock","11":"shipping-taxable","12":"product-type-simple"},"acf":[],"_links":{"self":[{"href":"https:\/\/wpachem.com\/es\/wp-json\/wp\/v2\/product\/2206","targetHints":{"allow":["GET"]}}],"collection":[{"href":"https:\/\/wpachem.com\/es\/wp-json\/wp\/v2\/product"}],"about":[{"href":"https:\/\/wpachem.com\/es\/wp-json\/wp\/v2\/types\/product"}],"version-history":[{"count":0,"href":"https:\/\/wpachem.com\/es\/wp-json\/wp\/v2\/product\/2206\/revisions"}],"wp:featuredmedia":[{"embeddable":true,"href":"https:\/\/wpachem.com\/es\/wp-json\/wp\/v2\/media\/2212"}],"wp:attachment":[{"href":"https:\/\/wpachem.com\/es\/wp-json\/wp\/v2\/media?parent=2206"}],"wp:term":[{"taxonomy":"product_brand","embeddable":true,"href":"https:\/\/wpachem.com\/es\/wp-json\/wp\/v2\/product_brand?post=2206"},{"taxonomy":"product_cat","embeddable":true,"href":"https:\/\/wpachem.com\/es\/wp-json\/wp\/v2\/product_cat?post=2206"},{"taxonomy":"product_tag","embeddable":true,"href":"https:\/\/wpachem.com\/es\/wp-json\/wp\/v2\/product_tag?post=2206"}],"curies":[{"name":"wp","href":"https:\/\/api.w.org\/{rel}","templated":true}]}}