{"id":2213,"date":"2022-07-05T15:10:34","date_gmt":"2022-07-05T15:10:34","guid":{"rendered":"http:\/\/site2.easyceotech.com\/?post_type=product&#038;p=2213"},"modified":"2024-06-12T05:32:52","modified_gmt":"2024-06-12T05:32:52","slug":"titanium-dioxide","status":"publish","type":"product","link":"https:\/\/wpachem.com\/es\/producto\/titanium-dioxide\/","title":{"rendered":"Di\u00f3xido de titanio Lomon R-996"},"content":{"rendered":"<p>El pigmento LOMON\u00ae R-996 es un pigmento de di\u00f3xido de titanio rutilado tratado con zirconia y al\u00famina producido mediante el proceso de sulfato. Es un pigmento muy duradero y vers\u00e1til, adecuado para una amplia gama de aplicaciones. El control cuidadoso del tama\u00f1o de las part\u00edculas de TiO2 durante el proceso de fabricaci\u00f3n del pigmento LOMON\u00ae R-996 da como resultado un buen brillo, una alta opacidad y una f\u00e1cil dispersabilidad.<\/p>\n<table>\n<tbody>\n<tr>\n<td width=\"262\">PAR\u00c1METRO<\/td>\n<td width=\"264\">VALOR<\/td>\n<td width=\"262\">M\u00c9TODO DE PRUEBA<\/td>\n<\/tr>\n<tr>\n<td width=\"262\">Contenido de TiO2<\/td>\n<td width=\"264\">95%<\/td>\n<td width=\"262\">XRF<\/td>\n<\/tr>\n<tr>\n<td width=\"262\">Recubrimiento inorg\u00e1nico<\/td>\n<td width=\"264\">Al\u00famina; circonita<\/td>\n<td width=\"262\">&#8211;<\/td>\n<\/tr>\n<tr>\n<td width=\"262\">Tratamiento org\u00e1nico<\/td>\n<td width=\"264\">Presente<\/td>\n<td width=\"262\">&#8211;<\/td>\n<\/tr>\n<tr>\n<td width=\"262\">Humedad al empacar*<\/td>\n<td width=\"264\">0,5% m\u00e1x.<\/td>\n<td width=\"262\">ISO 787-2<\/td>\n<\/tr>\n<tr>\n<td width=\"262\">Densidad aparente (apisonada)<\/td>\n<td width=\"264\">1,2 g\/cm3<\/td>\n<td width=\"262\">ISO 787-11<\/td>\n<\/tr>\n<tr>\n<td width=\"262\">Absorci\u00f3n de aceite<\/td>\n<td width=\"264\">18 g\/100 g<\/td>\n<td width=\"262\">ISO 787-5<\/td>\n<\/tr>\n<tr>\n<td width=\"262\">pH<\/td>\n<td width=\"264\">7.0<\/td>\n<td width=\"262\">ISO 787-9<\/td>\n<\/tr>\n<tr>\n<td width=\"262\">Gravedad espec\u00edfica<\/td>\n<td width=\"264\">4,1 g\/cm3<\/td>\n<td width=\"262\">ISO 787-10<\/td>\n<\/tr>\n<tr>\n<td width=\"262\">Clasificaci\u00f3n ISO 591<\/td>\n<td width=\"264\">R2<\/td>\n<td width=\"262\">&#8211;<\/td>\n<\/tr>\n<tr>\n<td width=\"262\">n\u00famero CAS<\/td>\n<td width=\"264\">13463-67-7<\/td>\n<td width=\"262\">&#8211;<\/td>\n<\/tr>\n<tr>\n<td width=\"262\">Indice de color<\/td>\n<td width=\"264\">pigmento blanco 6<\/td>\n<td width=\"262\">&#8211;<\/td>\n<\/tr>\n<\/tbody>\n<\/table>\n<p>&nbsp;<\/p>\n<p><strong>Solicitud<\/strong><\/p>\n<p>Recubrimientos industriales<br \/>\nRecubrimientos en polvo<br \/>\nRecubrimientos arquitect\u00f3nicos para exteriores e interiores<\/p>\n<p><strong>Embalaje: <\/strong>25 KG\/BOLSA, 500 KG\/BOLSA, 1000 KG\/BOLSA<\/p>","protected":false},"excerpt":{"rendered":"<p>Nombre del producto: Di\u00f3xido de titanio Lomon R-996<br \/>\nN.\u00ba CAS: 1317-80-2<br \/>\nMF: Tio2<br \/>\nN\u00famero EINECS: 215-282-2<br \/>\nAspecto: polvo blanco<\/p>","protected":false},"featured_media":2214,"template":"","meta":{"_acf_changed":false,"_gspb_post_css":""},"product_brand":[],"product_cat":[67,54,66],"product_tag":[],"class_list":{"0":"post-2213","1":"product","2":"type-product","3":"status-publish","4":"has-post-thumbnail","6":"product_cat-sulfate-process","7":"product_cat-inorganic-pigments","8":"product_cat-titanium-dioxide","10":"first","11":"instock","12":"shipping-taxable","13":"product-type-simple"},"acf":[],"_links":{"self":[{"href":"https:\/\/wpachem.com\/es\/wp-json\/wp\/v2\/product\/2213","targetHints":{"allow":["GET"]}}],"collection":[{"href":"https:\/\/wpachem.com\/es\/wp-json\/wp\/v2\/product"}],"about":[{"href":"https:\/\/wpachem.com\/es\/wp-json\/wp\/v2\/types\/product"}],"version-history":[{"count":0,"href":"https:\/\/wpachem.com\/es\/wp-json\/wp\/v2\/product\/2213\/revisions"}],"wp:featuredmedia":[{"embeddable":true,"href":"https:\/\/wpachem.com\/es\/wp-json\/wp\/v2\/media\/2214"}],"wp:attachment":[{"href":"https:\/\/wpachem.com\/es\/wp-json\/wp\/v2\/media?parent=2213"}],"wp:term":[{"taxonomy":"product_brand","embeddable":true,"href":"https:\/\/wpachem.com\/es\/wp-json\/wp\/v2\/product_brand?post=2213"},{"taxonomy":"product_cat","embeddable":true,"href":"https:\/\/wpachem.com\/es\/wp-json\/wp\/v2\/product_cat?post=2213"},{"taxonomy":"product_tag","embeddable":true,"href":"https:\/\/wpachem.com\/es\/wp-json\/wp\/v2\/product_tag?post=2213"}],"curies":[{"name":"wp","href":"https:\/\/api.w.org\/{rel}","templated":true}]}}