{"id":2219,"date":"2022-07-05T15:14:26","date_gmt":"2022-07-05T15:14:26","guid":{"rendered":"http:\/\/site2.easyceotech.com\/?post_type=product&#038;p=2219"},"modified":"2024-03-12T08:11:15","modified_gmt":"2024-03-12T08:11:15","slug":"iron-oxide-red","status":"publish","type":"product","link":"https:\/\/wpachem.com\/es\/producto\/iron-oxide-red\/","title":{"rendered":"\u00d3xido de hierro rojo"},"content":{"rendered":"<p>Los pigmentos de \u00f3xido de hierro son compuestos qu\u00edmicos compuestos con la f\u00f3rmula Fe3O4. Es un pigmento inorg\u00e1nico de color, con estabilidad qu\u00edmica, fuerte intensidad de color, dispersi\u00f3n fina y excelente resistencia a la luz, resistencia a la intemperie, ampliamente utilizado en pintura, materiales de construcci\u00f3n, con una amplia gama de espacio de mercado.<\/p>\n<table>\n<tbody>\n<tr>\n<td width=\"266\"><strong>Especificaciones<\/strong><\/td>\n<td width=\"315\">Contenido (Fe2O3\u00b7\u03b1 H2O)<\/td>\n<td width=\"130\">%<\/td>\n<td width=\"142\">\u226596<\/td>\n<td width=\"254\">ISO1248<\/td>\n<\/tr>\n<tr>\n<td width=\"266\"><\/td>\n<td width=\"315\">Absorci\u00f3n de aceite<\/td>\n<td width=\"130\">ml\/100 g<\/td>\n<td width=\"142\">15~25<\/td>\n<td width=\"254\">ISO787-5<\/td>\n<\/tr>\n<tr>\n<td width=\"266\"><\/td>\n<td width=\"315\">Res. en malla 325<\/td>\n<td width=\"130\">%<\/td>\n<td width=\"142\">\u22640,3<\/td>\n<td width=\"254\">ISO787-7<\/td>\n<\/tr>\n<tr>\n<td width=\"266\"><\/td>\n<td width=\"315\">Sales solubles en agua<\/td>\n<td width=\"130\">%<\/td>\n<td width=\"142\">\u22640,3<\/td>\n<td width=\"254\">ISO787-3<\/td>\n<\/tr>\n<tr>\n<td width=\"266\"><\/td>\n<td width=\"315\">Humedad<\/td>\n<td width=\"130\">%<\/td>\n<td width=\"142\">\u22641,0<\/td>\n<td width=\"254\">ISO787-2<\/td>\n<\/tr>\n<tr>\n<td width=\"266\"><\/td>\n<td width=\"315\">valor de pH<\/td>\n<td width=\"130\"><\/td>\n<td width=\"142\">3~7<\/td>\n<td width=\"254\">ISO787-9<\/td>\n<\/tr>\n<tr>\n<td width=\"266\"><\/td>\n<td width=\"315\">P\u00e9rdida de encendido (1.000<sup>o<\/sup>C, \u00bd h)<\/td>\n<td width=\"130\">%<\/td>\n<td width=\"142\">\u22641,0<\/td>\n<td width=\"254\">DIN55913<\/td>\n<\/tr>\n<tr>\n<td width=\"266\"><\/td>\n<td width=\"315\">Densidad aparente<\/td>\n<td width=\"130\">g\/cm<sup>3<\/sup><\/td>\n<td width=\"142\">0.7~1.1<\/td>\n<td width=\"254\">ISO787-11<\/td>\n<\/tr>\n<tr>\n<td width=\"266\"><\/td>\n<td width=\"315\">Gravedad espec\u00edfica<\/td>\n<td width=\"130\">g\/cm<sup>3<\/sup><\/td>\n<td width=\"142\">5.0<\/td>\n<td width=\"254\">ISO787-10<\/td>\n<\/tr>\n<tr>\n<td width=\"266\"><\/td>\n<td width=\"315\">Tama\u00f1o de part\u00edcula BET<\/td>\n<td width=\"130\">micras<\/td>\n<td width=\"142\">0.17<\/td>\n<td width=\"254\">Micrograf\u00edas electr\u00f3nicas<\/td>\n<\/tr>\n<tr>\n<td width=\"266\"><\/td>\n<td width=\"315\">Dispersibilidad (Hegman)<\/td>\n<td width=\"130\">micras<\/td>\n<td width=\"142\">20\/25\/30<\/td>\n<td width=\"254\">ISO787-20<\/td>\n<\/tr>\n<tr>\n<td width=\"266\"><\/td>\n<td width=\"315\">Intensidad del tinte (en comparaci\u00f3n con el est\u00e1ndar)<\/td>\n<td width=\"130\">%<\/td>\n<td width=\"142\">95~105<\/td>\n<td width=\"254\">ISO787-24<\/td>\n<\/tr>\n<tr>\n<td width=\"266\"><\/td>\n<td width=\"315\">Diferencia de color \u25b3E<\/p>\n<p>(Comparado con el est\u00e1ndar)<\/td>\n<td width=\"130\"><\/td>\n<td width=\"142\">\u22641,0<\/td>\n<td width=\"254\">ISO787-1<\/td>\n<\/tr>\n<\/tbody>\n<\/table>\n<p>&nbsp;<\/p>\n<p><strong>Solicitud<\/strong><\/p>\n<p>En la industria de materiales de construcci\u00f3n, el \u00f3xido de hierro se utiliza principalmente para cemento de color, baldosas de cemento de color, baldosas de cemento de color, baldosas de imitaci\u00f3n esmaltadas, baldosas de hormig\u00f3n, mortero de color, asfalto de color, terrazo, mosaicos, m\u00e1rmol artificial y pintura mural, etc. Se utiliza para todo tipo de colorantes y protectores de pintura, incluyendo revestimientos exteriores e interiores a base de agua, revestimientos en polvo, etc. Tambi\u00e9n se puede utilizar para pinturas al \u00f3leo, como epoxi, alqu\u00eddicas, amino y otras imprimaciones y capas de acabado; tambi\u00e9n se puede utilizar para pintura para juguetes, pintura decorativa, pintura para muebles, pintura electrofor\u00e9tica y esmalte. La imprimaci\u00f3n roja de hierro tiene propiedades antioxidantes y puede sustituir a la costosa pintura roja de plomo, ahorrando metales no ferrosos.<\/p>\n<p>Se utiliza para colorear productos pl\u00e1sticos, como pl\u00e1sticos termoestables y termopl\u00e1sticos, y productos de caucho, como c\u00e1maras de aire de autom\u00f3viles, aviones y bicicletas, entre otros. Se utiliza para materiales de rectificado de alta precisi\u00f3n, como el pulido de instrumentos de hardware de precisi\u00f3n, vidrio \u00f3ptico, etc. Su alta pureza es la principal materia prima para la pulvimetalurgia, utiliz\u00e1ndose para fundir diversas aleaciones magn\u00e9ticas y otros aceros de aleaci\u00f3n avanzada. Se obtiene mediante sulfato ferroso, \u00f3xido de hierro amarillo o hierro de pie, mezclado mediante calcinaci\u00f3n a alta temperatura o directamente a partir del medio l\u00edquido.<\/p>\n<p><strong>Embalaje<\/strong><\/p>\n<p>25KG\/BOLSA<\/p>","protected":false},"excerpt":{"rendered":"<p>Nombre del producto: \u00d3xido de hierro rojo<br \/>\nN.\u00ba CAS: 1332-37-2<br \/>\nMF: Fe2O3<br \/>\nN.\u00ba EINECS: 215-570-8<br \/>\nAspecto: Polvo rojo o rojo oscuro<\/p>","protected":false},"featured_media":2223,"template":"","meta":{"_acf_changed":false,"_gspb_post_css":""},"product_brand":[],"product_cat":[69],"product_tag":[],"class_list":{"0":"post-2219","1":"product","2":"type-product","3":"status-publish","4":"has-post-thumbnail","6":"product_cat-more","8":"first","9":"instock","10":"shipping-taxable","11":"product-type-simple"},"acf":[],"_links":{"self":[{"href":"https:\/\/wpachem.com\/es\/wp-json\/wp\/v2\/product\/2219","targetHints":{"allow":["GET"]}}],"collection":[{"href":"https:\/\/wpachem.com\/es\/wp-json\/wp\/v2\/product"}],"about":[{"href":"https:\/\/wpachem.com\/es\/wp-json\/wp\/v2\/types\/product"}],"version-history":[{"count":0,"href":"https:\/\/wpachem.com\/es\/wp-json\/wp\/v2\/product\/2219\/revisions"}],"wp:featuredmedia":[{"embeddable":true,"href":"https:\/\/wpachem.com\/es\/wp-json\/wp\/v2\/media\/2223"}],"wp:attachment":[{"href":"https:\/\/wpachem.com\/es\/wp-json\/wp\/v2\/media?parent=2219"}],"wp:term":[{"taxonomy":"product_brand","embeddable":true,"href":"https:\/\/wpachem.com\/es\/wp-json\/wp\/v2\/product_brand?post=2219"},{"taxonomy":"product_cat","embeddable":true,"href":"https:\/\/wpachem.com\/es\/wp-json\/wp\/v2\/product_cat?post=2219"},{"taxonomy":"product_tag","embeddable":true,"href":"https:\/\/wpachem.com\/es\/wp-json\/wp\/v2\/product_tag?post=2219"}],"curies":[{"name":"wp","href":"https:\/\/api.w.org\/{rel}","templated":true}]}}