{"id":3017,"date":"2022-08-31T08:19:32","date_gmt":"2022-08-31T08:19:32","guid":{"rendered":"http:\/\/site2.easyceotech.com\/?post_type=product&#038;p=3017"},"modified":"2024-06-12T05:32:50","modified_gmt":"2024-06-12T05:32:50","slug":"titanium-dioxide-blr-699","status":"publish","type":"product","link":"https:\/\/wpachem.com\/es\/producto\/titanium-dioxide-blr-699\/","title":{"rendered":"Di\u00f3xido de titanio BLR-699"},"content":{"rendered":"<p>El pigmento BILLIONS\u2122 BLR-699 es un pigmento de di\u00f3xido de titanio rutilo, producido mediante el proceso de sulfato y dise\u00f1ado para ser adecuado en una variedad de recubrimientos y aplicaciones de tintas de impresi\u00f3n.<\/p>\n<p>El pigmento BILLIONS\u2122 BLR-699 tiene un excelente rendimiento \u00f3ptico integral y se dispersa r\u00e1pidamente en formulaciones a base de agua y solventes. Su tratamiento superficial de circonio y al\u00famina le proporciona un excelente rendimiento ante la intemperie, lo que significa que tiene la flexibilidad de ser adecuado tanto para aplicaciones exteriores como interiores.<\/p>\n<p>&nbsp;<\/p>\n<table>\n<tbody>\n<tr>\n<td width=\"252\">PAR\u00c1METRO<\/td>\n<td width=\"252\">VALOR<\/td>\n<td width=\"252\">M\u00c9TODO DE PRUEBA<\/td>\n<\/tr>\n<tr>\n<td width=\"252\">Contenido de tio2<\/td>\n<td width=\"252\">94.0%<\/td>\n<td width=\"252\">XRF<\/td>\n<\/tr>\n<tr>\n<td width=\"252\">Recubrimiento inorg\u00e1nico<\/td>\n<td width=\"252\">Al\u00famina; circonita<\/td>\n<td width=\"252\">&#8211;<\/td>\n<\/tr>\n<tr>\n<td width=\"252\">Tratamiento org\u00e1nico<\/td>\n<td width=\"252\">Presente<\/td>\n<td width=\"252\">&#8211;<\/td>\n<\/tr>\n<tr>\n<td width=\"252\">Humedad al empacar*<\/td>\n<td width=\"252\">0,5% m\u00e1x.<\/td>\n<td width=\"252\">ISO 787-2<\/td>\n<\/tr>\n<tr>\n<td width=\"252\">Densidad aparente (apisonada)<\/td>\n<td width=\"252\">1,1g\/cm3<\/td>\n<td width=\"252\">ISO 787-11<\/td>\n<\/tr>\n<tr>\n<td width=\"252\">Absorci\u00f3n de aceite<\/td>\n<td width=\"252\">17g\/100g<\/td>\n<td width=\"252\">ISO 787-5<\/td>\n<\/tr>\n<tr>\n<td width=\"252\">pH<\/td>\n<td width=\"252\">7.9<\/td>\n<td width=\"252\">ISO 787-9<\/td>\n<\/tr>\n<tr>\n<td width=\"252\">Gravedad espec\u00edfica<\/td>\n<td width=\"252\">4,1g\/cm3<\/td>\n<td width=\"252\">ISO 787-10<\/td>\n<\/tr>\n<tr>\n<td width=\"252\">Clasificaci\u00f3n ISO 591<\/td>\n<td width=\"252\">R2<\/td>\n<td width=\"252\">&#8211;<\/td>\n<\/tr>\n<tr>\n<td width=\"252\">n\u00famero CAS<\/td>\n<td width=\"252\">13463-67-7<\/td>\n<td width=\"252\">&#8211;<\/td>\n<\/tr>\n<tr>\n<td width=\"252\">Indice de color<\/td>\n<td width=\"252\">pigmento blanco 6<\/td>\n<td width=\"252\">&#8211;<\/td>\n<\/tr>\n<\/tbody>\n<\/table>\n<p>&nbsp;<\/p>\n<p>Solicitud:<\/p>\n<p>1: Revestimientos arquitect\u00f3nicos interiores<\/p>\n<p>2: Recubrimientos arquitect\u00f3nicos exteriores<\/p>\n<p>3: Recubrimientos industriales<\/p>\n<p>4: Tintas de impresi\u00f3n<\/p>\n<p>&nbsp;<\/p>\n<p>Presentaci\u00f3n: Saco de 25 kg, Saco de 500 kg, Saco de 1000 kg.<\/p>","protected":false},"excerpt":{"rendered":"<p>Nombre del producto: Di\u00f3xido de titanio BLR-699<\/p>\n<p>N\u00famero CAS: 1317-80-2<\/p>\n<p>MF: Tio2<\/p>\n<p>N\u00famero EINECS: 215-282-2<\/p>\n<p>Apariencia: Polvo blanco<\/p>","protected":false},"featured_media":3005,"template":"","meta":{"_acf_changed":false,"_gspb_post_css":""},"product_brand":[],"product_cat":[67,54,66],"product_tag":[],"class_list":{"0":"post-3017","1":"product","2":"type-product","3":"status-publish","4":"has-post-thumbnail","6":"product_cat-sulfate-process","7":"product_cat-inorganic-pigments","8":"product_cat-titanium-dioxide","10":"first","11":"instock","12":"shipping-taxable","13":"product-type-simple"},"acf":[],"_links":{"self":[{"href":"https:\/\/wpachem.com\/es\/wp-json\/wp\/v2\/product\/3017","targetHints":{"allow":["GET"]}}],"collection":[{"href":"https:\/\/wpachem.com\/es\/wp-json\/wp\/v2\/product"}],"about":[{"href":"https:\/\/wpachem.com\/es\/wp-json\/wp\/v2\/types\/product"}],"version-history":[{"count":0,"href":"https:\/\/wpachem.com\/es\/wp-json\/wp\/v2\/product\/3017\/revisions"}],"wp:featuredmedia":[{"embeddable":true,"href":"https:\/\/wpachem.com\/es\/wp-json\/wp\/v2\/media\/3005"}],"wp:attachment":[{"href":"https:\/\/wpachem.com\/es\/wp-json\/wp\/v2\/media?parent=3017"}],"wp:term":[{"taxonomy":"product_brand","embeddable":true,"href":"https:\/\/wpachem.com\/es\/wp-json\/wp\/v2\/product_brand?post=3017"},{"taxonomy":"product_cat","embeddable":true,"href":"https:\/\/wpachem.com\/es\/wp-json\/wp\/v2\/product_cat?post=3017"},{"taxonomy":"product_tag","embeddable":true,"href":"https:\/\/wpachem.com\/es\/wp-json\/wp\/v2\/product_tag?post=3017"}],"curies":[{"name":"wp","href":"https:\/\/api.w.org\/{rel}","templated":true}]}}