{"id":3021,"date":"2022-08-31T08:36:03","date_gmt":"2022-08-31T08:36:03","guid":{"rendered":"http:\/\/site2.easyceotech.com\/?post_type=product&#038;p=3021"},"modified":"2024-06-12T05:31:40","modified_gmt":"2024-06-12T05:31:40","slug":"titanium-dioxide-lr-108","status":"publish","type":"product","link":"https:\/\/wpachem.com\/es\/producto\/titanium-dioxide-lr-108\/","title":{"rendered":"Di\u00f3xido de titanio LR-108"},"content":{"rendered":"<p>El pigmento BILLIONS\u2122 LR-108 es un pigmento de di\u00f3xido de titanio rutilo tratado con al\u00famina elaborado mediante el proceso de sulfato. Est\u00e1 especialmente dise\u00f1ado para aplicaciones de masterbatch y compuestos. El pigmento BILLIONS\u2122 LR-108 se dispersa f\u00e1cilmente en poliolefinas, con un efecto m\u00ednimo sobre el \u00edndice de flujo de fusi\u00f3n, de modo que incluso un masterbatch con alta concentraci\u00f3n de TiO2 puede producir una pel\u00edcula con alta opacidad y blancura.<\/p>\n<p>El pigmento BILLIONS\u2122 LR-108 se recomienda para aplicaciones de pl\u00e1sticos que requieren alta estabilidad t\u00e9rmica. Est\u00e1 dise\u00f1ado con una superficie hidrof\u00f3bica que act\u00faa como una barrera para ayudar a evitar que el pigmento absorba la humedad del aire.<\/p>\n<p>&nbsp;<\/p>\n<table>\n<tbody>\n<tr>\n<td width=\"252\">PAR\u00c1METRO<\/td>\n<td width=\"252\">VALOR<\/td>\n<td width=\"252\">M\u00c9TODO DE PRUEBA<\/td>\n<\/tr>\n<tr>\n<td width=\"252\">Contenido de tio2<\/td>\n<td width=\"252\">98%<\/td>\n<td width=\"252\">XRF<\/td>\n<\/tr>\n<tr>\n<td width=\"252\">Recubrimiento inorg\u00e1nico<\/td>\n<td width=\"252\">Al\u00famina<\/td>\n<td width=\"252\">&#8211;<\/td>\n<\/tr>\n<tr>\n<td width=\"252\">Tratamiento org\u00e1nico<\/td>\n<td width=\"252\">Presente<\/td>\n<td width=\"252\">&#8211;<\/td>\n<\/tr>\n<tr>\n<td width=\"252\">Humedad al empacar*<\/td>\n<td width=\"252\">0,4 % m\u00e1x.<\/td>\n<td width=\"252\">ISO 787-2<\/td>\n<\/tr>\n<tr>\n<td width=\"252\">Densidad aparente (apisonada)<\/td>\n<td width=\"252\">1,1g\/cm3<\/td>\n<td width=\"252\">ISO 787-11<\/td>\n<\/tr>\n<tr>\n<td width=\"252\">Absorci\u00f3n de aceite<\/td>\n<td width=\"252\">15g\/100g<\/td>\n<td width=\"252\">ISO 787-5<\/td>\n<\/tr>\n<tr>\n<td width=\"252\">Gravedad espec\u00edfica<\/td>\n<td width=\"252\">4,1g\/cm3<\/td>\n<td width=\"252\">ISO 787-10<\/td>\n<\/tr>\n<tr>\n<td width=\"252\">Clasificaci\u00f3n ISO 591<\/td>\n<td width=\"252\">R2<\/td>\n<td width=\"252\">&#8211;<\/td>\n<\/tr>\n<tr>\n<td width=\"252\">n\u00famero CAS<\/td>\n<td width=\"252\">13463-67-7<\/td>\n<td width=\"252\">&#8211;<\/td>\n<\/tr>\n<tr>\n<td width=\"252\">Indice de color<\/td>\n<td width=\"252\">pigmento blanco 6<\/td>\n<td width=\"252\">&#8211;<\/td>\n<\/tr>\n<\/tbody>\n<\/table>\n<p>&nbsp;<\/p>\n<p><b>APLICACIONES RECOMENDADAS <\/b><\/p>\n<ol>\n<li>Masterbatch y compuestos<\/li>\n<li>Pel\u00edcula de poliolefina y PVC<\/li>\n<li>Pl\u00e1sticos con alta estabilidad t\u00e9rmica.<\/li>\n<\/ol>\n<p>&nbsp;<\/p>\n<p><b>CARACTER\u00cdSTICAS CLAVE <\/b><\/p>\n<ol>\n<li>Alta estabilidad al calor<\/li>\n<li>Alta opacidad y blancura.<\/li>\n<li>Baja absorci\u00f3n de humedad<\/li>\n<li>Baja absorci\u00f3n de aceite<\/li>\n<li>Baja reactividad con antioxidantes.<\/li>\n<li>Excelente compatibilidad con resina pl\u00e1stica.<\/li>\n<li>Dispersi\u00f3n r\u00e1pida y completa<\/li>\n<\/ol>\n<p>&nbsp;<\/p>\n<p><strong>PAQUETE : <\/strong>Saco de 25 kg, saco de 500 kg, saco de 1000 kg.<\/p>","protected":false},"excerpt":{"rendered":"<p>Nombre del producto: Di\u00f3xido de titanio LR-108<\/p>\n<p>N\u00famero CAS: 1317-80-2<\/p>\n<p>MF: Tio2<\/p>\n<p>N\u00famero EINECS: 215-282-2<\/p>\n<p>Apariencia: Polvo blanco<\/p>","protected":false},"featured_media":3005,"template":"","meta":{"_acf_changed":false,"_gspb_post_css":""},"product_brand":[],"product_cat":[67,54,66],"product_tag":[],"class_list":{"0":"post-3021","1":"product","2":"type-product","3":"status-publish","4":"has-post-thumbnail","6":"product_cat-sulfate-process","7":"product_cat-inorganic-pigments","8":"product_cat-titanium-dioxide","10":"first","11":"instock","12":"shipping-taxable","13":"product-type-simple"},"acf":[],"_links":{"self":[{"href":"https:\/\/wpachem.com\/es\/wp-json\/wp\/v2\/product\/3021","targetHints":{"allow":["GET"]}}],"collection":[{"href":"https:\/\/wpachem.com\/es\/wp-json\/wp\/v2\/product"}],"about":[{"href":"https:\/\/wpachem.com\/es\/wp-json\/wp\/v2\/types\/product"}],"version-history":[{"count":0,"href":"https:\/\/wpachem.com\/es\/wp-json\/wp\/v2\/product\/3021\/revisions"}],"wp:featuredmedia":[{"embeddable":true,"href":"https:\/\/wpachem.com\/es\/wp-json\/wp\/v2\/media\/3005"}],"wp:attachment":[{"href":"https:\/\/wpachem.com\/es\/wp-json\/wp\/v2\/media?parent=3021"}],"wp:term":[{"taxonomy":"product_brand","embeddable":true,"href":"https:\/\/wpachem.com\/es\/wp-json\/wp\/v2\/product_brand?post=3021"},{"taxonomy":"product_cat","embeddable":true,"href":"https:\/\/wpachem.com\/es\/wp-json\/wp\/v2\/product_cat?post=3021"},{"taxonomy":"product_tag","embeddable":true,"href":"https:\/\/wpachem.com\/es\/wp-json\/wp\/v2\/product_tag?post=3021"}],"curies":[{"name":"wp","href":"https:\/\/api.w.org\/{rel}","templated":true}]}}