{"id":3024,"date":"2022-08-31T09:27:18","date_gmt":"2022-08-31T09:27:18","guid":{"rendered":"http:\/\/site2.easyceotech.com\/?post_type=product&#038;p=3024"},"modified":"2024-06-12T05:31:39","modified_gmt":"2024-06-12T05:31:39","slug":"titanium-dioxide-na-100","status":"publish","type":"product","link":"https:\/\/wpachem.com\/es\/producto\/titanium-dioxide-na-100\/","title":{"rendered":"Di\u00f3xido de titanio Anatasa NA 100"},"content":{"rendered":"<p style=\"text-align: center;\"><strong>Anatasa de di\u00f3xido de titanio NA100<\/strong><\/p>\n<p><b>F\u00f3rmula molecular<\/b><b>:<\/b>TiO2<\/p>\n<p><b>Peso molecular <\/b><b>:<\/b>79.9<\/p>\n<p><b>Personajes<\/b><b>:<\/b>Producto de uso general con alta pureza y buena distribuci\u00f3n del tama\u00f1o de part\u00edcula. Posee buenas caracter\u00edsticas de blancura, fuerte poder cubriente, alta reducci\u00f3n de tinte y se dispersa f\u00e1cilmente.<\/p>\n<p><b>Calidad estandar<\/b><b>:<\/b>Q\/320116 NJTB 002-2017<\/p>\n<p>&nbsp;<\/p>\n<p><b>Especificaciones del producto<\/b><\/p>\n<table>\n<tbody>\n<tr>\n<td colspan=\"2\" width=\"450\"><strong><b>Art\u00edculo<\/b><\/strong><strong><b>EM<\/b><\/strong><\/td>\n<td width=\"155\"><strong><b>Especificado<\/b><\/strong><strong><b>ion<\/b><\/strong><\/td>\n<td width=\"127\"><strong><b>t<\/b><\/strong><strong><b>t\u00edpico<\/b><\/strong>\u00a0<strong><b>Un<\/b><\/strong><strong><b>an\u00e1lisis<\/b><\/strong><\/td>\n<td width=\"255\"><strong><b>Prueba<\/b><\/strong>\u00a0<strong><b>Conoc\u00ed<\/b><\/strong><strong><b>capacho<\/b><\/strong><\/td>\n<\/tr>\n<tr>\n<td width=\"287\">Contenido de TiO2 (peso %)<\/td>\n<td width=\"162\">m\u00edn.<\/td>\n<td width=\"155\">98.0<\/td>\n<td width=\"127\">98.4<\/td>\n<td width=\"255\">GB\/T 1706-2006-7.1<\/td>\n<\/tr>\n<tr>\n<td colspan=\"2\" width=\"450\">Materia vol\u00e1til a 105\u2103 (peso %) m\u00e1x.<\/td>\n<td width=\"155\">0.5<\/td>\n<td width=\"127\">0.2<\/td>\n<td width=\"255\">GB\/T 5211.3-1985(2004)<\/td>\n<\/tr>\n<tr>\n<td colspan=\"2\" width=\"450\">Materia soluble en agua (peso %) m\u00e1x.<\/td>\n<td width=\"155\">0.5<\/td>\n<td width=\"127\">0.3<\/td>\n<td width=\"255\">GB\/T 5211.2-2003<\/td>\n<\/tr>\n<tr>\n<td colspan=\"2\" width=\"450\">Residuo en tamiz (45\u03bcm) (peso %) m\u00e1x.<\/td>\n<td width=\"155\">0.05<\/td>\n<td width=\"127\">0.02<\/td>\n<td width=\"255\">GB\/T 5211.14-1988(2004)<\/td>\n<\/tr>\n<tr>\n<td width=\"287\">Color ( L* )<\/td>\n<td width=\"162\">m\u00edn.<\/td>\n<td width=\"155\">95.0<\/td>\n<td width=\"127\">96.0<\/td>\n<td width=\"255\">GB\/T 1706-2006-7.5.2 A<\/td>\n<\/tr>\n<tr>\n<td colspan=\"2\" width=\"450\">Poder de dispersi\u00f3n (%) min.<\/td>\n<td width=\"155\">100<\/td>\n<td width=\"127\">102<\/td>\n<td width=\"255\">GB\/T 1706-2006-7.6<\/td>\n<\/tr>\n<tr>\n<td colspan=\"2\" width=\"450\">pH de suspensi\u00f3n acuosa<\/td>\n<td width=\"155\">6.5 ~ 8.5<\/td>\n<td width=\"127\">7.5<\/td>\n<td width=\"255\">GB\/T 1717-1986(2004)<\/td>\n<\/tr>\n<tr>\n<td colspan=\"2\" width=\"450\">Absorci\u00f3n de aceite (g\/100g) m\u00e1x.<\/td>\n<td width=\"155\">26<\/td>\n<td width=\"127\">24<\/td>\n<td width=\"255\">GB\/T 5211.15-2014<\/td>\n<\/tr>\n<tr>\n<td colspan=\"2\" width=\"450\">Resistividad del extracto acuoso (\u03a9 \u00b7m) m\u00edn.<\/td>\n<td width=\"155\">20<\/td>\n<td width=\"127\">25<\/td>\n<td width=\"255\">GB\/T 5211.12-2007<\/td>\n<\/tr>\n<\/tbody>\n<\/table>\n<p>&nbsp;<\/p>\n<p><strong><b>Aplicaciones<\/b><\/strong><strong><b>:<\/b><\/strong>\u00a0Se utiliza para revestir paredes interiores, tuber\u00edas de pl\u00e1stico en interiores, pel\u00edculas, hilos de l\u00e1tex, esmalte, fabricaci\u00f3n de papel, etc.<\/p>\n<p>&nbsp;<\/p>\n<p><strong>Paquete: <\/strong>Saco de 25 kg, saco de 500 kg, saco de 1000 kg.<\/p>\n<p>&nbsp;<\/p>","protected":false},"excerpt":{"rendered":"<p>Nombre del producto: Di\u00f3xido de titanio Anatasa NA 100<\/p>\n<p>N\u00famero CAS: 1317-80-2<\/p>\n<p>MF: Tio2<\/p>\n<p>N\u00famero EINECS: 215-282-2<\/p>\n<p>Apariencia: Polvo blanco<\/p>","protected":false},"featured_media":3027,"template":"","meta":{"_acf_changed":false,"_gspb_post_css":""},"product_brand":[],"product_cat":[67,54,66],"product_tag":[],"class_list":{"0":"post-3024","1":"product","2":"type-product","3":"status-publish","4":"has-post-thumbnail","6":"product_cat-sulfate-process","7":"product_cat-inorganic-pigments","8":"product_cat-titanium-dioxide","10":"first","11":"instock","12":"shipping-taxable","13":"product-type-simple"},"acf":[],"_links":{"self":[{"href":"https:\/\/wpachem.com\/es\/wp-json\/wp\/v2\/product\/3024","targetHints":{"allow":["GET"]}}],"collection":[{"href":"https:\/\/wpachem.com\/es\/wp-json\/wp\/v2\/product"}],"about":[{"href":"https:\/\/wpachem.com\/es\/wp-json\/wp\/v2\/types\/product"}],"version-history":[{"count":0,"href":"https:\/\/wpachem.com\/es\/wp-json\/wp\/v2\/product\/3024\/revisions"}],"wp:featuredmedia":[{"embeddable":true,"href":"https:\/\/wpachem.com\/es\/wp-json\/wp\/v2\/media\/3027"}],"wp:attachment":[{"href":"https:\/\/wpachem.com\/es\/wp-json\/wp\/v2\/media?parent=3024"}],"wp:term":[{"taxonomy":"product_brand","embeddable":true,"href":"https:\/\/wpachem.com\/es\/wp-json\/wp\/v2\/product_brand?post=3024"},{"taxonomy":"product_cat","embeddable":true,"href":"https:\/\/wpachem.com\/es\/wp-json\/wp\/v2\/product_cat?post=3024"},{"taxonomy":"product_tag","embeddable":true,"href":"https:\/\/wpachem.com\/es\/wp-json\/wp\/v2\/product_tag?post=3024"}],"curies":[{"name":"wp","href":"https:\/\/api.w.org\/{rel}","templated":true}]}}