{"id":3032,"date":"2022-09-02T02:32:51","date_gmt":"2022-09-02T02:32:51","guid":{"rendered":"http:\/\/site2.easyceotech.com\/?post_type=product&#038;p=3032"},"modified":"2024-06-12T05:31:37","modified_gmt":"2024-06-12T05:31:37","slug":"titanium-dioxide-rutile-nr960","status":"publish","type":"product","link":"https:\/\/wpachem.com\/es\/producto\/titanium-dioxide-rutile-nr960\/","title":{"rendered":"Rutilo de di\u00f3xido de titanio NR960"},"content":{"rendered":"<p style=\"text-align: center;\"><strong>Di\u00f3xido de titanio rutilo NR960<\/strong><\/p>\n<p><strong><b>Molecular<\/b><\/strong>\u00a0<strong><b>f\u00f3rmula<\/b><\/strong>\u00a0:TiO2<\/p>\n<p><strong><b>Molecular<\/b><\/strong>\u00a0<strong><b>peso<\/b><\/strong>\u00a0\uff1a79,9<\/p>\n<p><strong><b>C<\/b><\/strong><strong><b>personajes<\/b><\/strong>\u00a0:Es un producto multiusos, molido en h\u00famedo mediante molino importado con buena distribuci\u00f3n del tama\u00f1o de part\u00edcula, recubierto con compuestos inorg\u00e1nicos de \u00f3xido de circonio y \u00f3xido de aluminio.<\/p>\n<p><strong><b>Calidad<\/b><\/strong>\u00a0<strong><b>Est\u00e1ndar<\/b><\/strong>\u00a0\uff1aQ\/320116 NJTB 003-2018<\/p>\n<p><strong><b>Producto<\/b><\/strong>\u00a0<strong><b>es<\/b><\/strong><strong><b>ecificaci\u00f3n<\/b><\/strong><\/p>\n<table>\n<tbody>\n<tr>\n<td colspan=\"2\" width=\"450\"><strong><b>Art\u00edculo<\/b><\/strong><strong><b>EM<\/b><\/strong><\/td>\n<td width=\"162\"><strong><b>Especificado<\/b><\/strong><strong><b>ion<\/b><\/strong><\/td>\n<td width=\"120\"><strong><b>t<\/b><\/strong><strong><b>t\u00edpico<\/b><\/strong>\u00a0<strong><b>Un<\/b><\/strong><strong><b>an\u00e1lisis<\/b><\/strong><\/td>\n<td width=\"241\"><strong><b>Prueba<\/b><\/strong>\u00a0<strong><b>Conoc\u00ed<\/b><\/strong><strong><b>capacho<\/b><\/strong><\/td>\n<\/tr>\n<tr>\n<td width=\"276\">Contenido de TiO2 (wt%)<\/td>\n<td width=\"174\">m\u00edn.<\/td>\n<td width=\"162\">95.0<\/td>\n<td width=\"120\">95.0<\/td>\n<td width=\"241\">GB\/T 1706-2006-7.1<\/td>\n<\/tr>\n<tr>\n<td colspan=\"2\" width=\"450\">Materia vol\u00e1til a 105\u2103 (wt%) m\u00e1x.<\/td>\n<td width=\"162\">0.5<\/td>\n<td width=\"120\">0.3<\/td>\n<td width=\"241\">GB\/T 5211.3-1985(2004)<\/td>\n<\/tr>\n<tr>\n<td colspan=\"2\" width=\"450\">Materia soluble en agua (wt%) m\u00e1x.<\/td>\n<td width=\"162\">0.3<\/td>\n<td width=\"120\">0.2<\/td>\n<td width=\"241\">GB\/T 5211.2-2003<\/td>\n<\/tr>\n<tr>\n<td colspan=\"2\" width=\"450\">Residuo en tamiz (45\u03bcm) (wt%) m\u00e1x.<\/td>\n<td width=\"162\">0.05<\/td>\n<td width=\"120\">0.02<\/td>\n<td width=\"241\">GB\/T 5211.18-2015<\/td>\n<\/tr>\n<tr>\n<td width=\"276\">Color ( L* )<\/td>\n<td width=\"174\">m\u00edn.<\/td>\n<td width=\"162\">94.5<\/td>\n<td width=\"120\">95.5<\/td>\n<td width=\"241\">GB\/T 1864-2012<\/td>\n<\/tr>\n<tr>\n<td colspan=\"2\" width=\"450\">Poder de dispersi\u00f3n (%) min.<\/td>\n<td width=\"162\">100<\/td>\n<td width=\"120\">110<\/td>\n<td width=\"241\">GB\/T 1706-2006-7.6<\/td>\n<\/tr>\n<tr>\n<td colspan=\"2\" width=\"450\">pH de suspensi\u00f3n acuosa<\/td>\n<td width=\"162\">5.5~7.5<\/td>\n<td width=\"120\">6.5<\/td>\n<td width=\"241\">GB\/T 1717-1986(2004)<\/td>\n<\/tr>\n<tr>\n<td colspan=\"2\" width=\"450\">Absorci\u00f3n de aceite (g\/100g) m\u00e1x.<\/td>\n<td width=\"162\">21<\/td>\n<td width=\"120\">18<\/td>\n<td width=\"241\">GB\/T 5211.15-2014<\/td>\n<\/tr>\n<tr>\n<td colspan=\"2\" width=\"450\">Resistividad del extracto acuoso (\u03a9 \u00b7m) m\u00edn.<\/td>\n<td width=\"162\">100<\/td>\n<td width=\"120\">120<\/td>\n<td width=\"241\">GB\/T 5211.12-2007<\/td>\n<\/tr>\n<tr>\n<td colspan=\"2\" width=\"450\">Contenido de Rutilo (%) min.<\/td>\n<td width=\"162\">98<\/td>\n<td width=\"120\">99<\/td>\n<td width=\"241\">GB\/T 30793-2014<\/td>\n<\/tr>\n<\/tbody>\n<\/table>\n<p>&nbsp;<\/p>\n<p><strong><b>Aplicaciones<\/b><\/strong><strong><b>:<\/b><\/strong>\u00a0Se utiliza para pintar y recubrir con tinta de serigraf\u00eda de uso general.<\/p>\n<p>&nbsp;<\/p>\n<p style=\"text-align: left;\"><strong>Paquete:<\/strong> Saco de 25 kg, saco de 500 kg, saco de 1000 kg.<\/p>\n<p>&nbsp;<\/p>","protected":false},"excerpt":{"rendered":"<p>Nombre del producto: Di\u00f3xido de titanio rutilo NR960<\/p>\n<p>N\u00famero CAS: 1317-80-2<\/p>\n<p>MF: Tio2<\/p>\n<p>N\u00famero EINECS: 215-282-2<\/p>\n<p>Apariencia: Polvo blanco<\/p>","protected":false},"featured_media":3027,"template":"","meta":{"_acf_changed":false,"_gspb_post_css":""},"product_brand":[],"product_cat":[67,54,66],"product_tag":[],"class_list":{"0":"post-3032","1":"product","2":"type-product","3":"status-publish","4":"has-post-thumbnail","6":"product_cat-sulfate-process","7":"product_cat-inorganic-pigments","8":"product_cat-titanium-dioxide","10":"first","11":"instock","12":"shipping-taxable","13":"product-type-simple"},"acf":[],"_links":{"self":[{"href":"https:\/\/wpachem.com\/es\/wp-json\/wp\/v2\/product\/3032","targetHints":{"allow":["GET"]}}],"collection":[{"href":"https:\/\/wpachem.com\/es\/wp-json\/wp\/v2\/product"}],"about":[{"href":"https:\/\/wpachem.com\/es\/wp-json\/wp\/v2\/types\/product"}],"version-history":[{"count":0,"href":"https:\/\/wpachem.com\/es\/wp-json\/wp\/v2\/product\/3032\/revisions"}],"wp:featuredmedia":[{"embeddable":true,"href":"https:\/\/wpachem.com\/es\/wp-json\/wp\/v2\/media\/3027"}],"wp:attachment":[{"href":"https:\/\/wpachem.com\/es\/wp-json\/wp\/v2\/media?parent=3032"}],"wp:term":[{"taxonomy":"product_brand","embeddable":true,"href":"https:\/\/wpachem.com\/es\/wp-json\/wp\/v2\/product_brand?post=3032"},{"taxonomy":"product_cat","embeddable":true,"href":"https:\/\/wpachem.com\/es\/wp-json\/wp\/v2\/product_cat?post=3032"},{"taxonomy":"product_tag","embeddable":true,"href":"https:\/\/wpachem.com\/es\/wp-json\/wp\/v2\/product_tag?post=3032"}],"curies":[{"name":"wp","href":"https:\/\/api.w.org\/{rel}","templated":true}]}}