{"id":3035,"date":"2022-09-02T02:58:13","date_gmt":"2022-09-02T02:58:13","guid":{"rendered":"http:\/\/site2.easyceotech.com\/?post_type=product&#038;p=3035"},"modified":"2024-06-12T05:31:36","modified_gmt":"2024-06-12T05:31:36","slug":"titanium-dioxide-r-219","status":"publish","type":"product","link":"https:\/\/wpachem.com\/es\/producto\/titanium-dioxide-r-219\/","title":{"rendered":"Di\u00f3xido de titanio R-219"},"content":{"rendered":"<p style=\"text-align: center;\"><strong>Di\u00f3xido de titanio R-219<\/strong><\/p>\n<p>&nbsp;<\/p>\n<p>R-219 es un pigmento Tio2 dise\u00f1ado para ofrecer alta opacidad en perfiles y tuber\u00edas de PVC, recubrimientos en polvo, pinturas para carreteras y productos pl\u00e1sticos resistentes a la intemperie.<\/p>\n<p><strong>t<\/strong><strong>Propiedades t\u00edpicas<\/strong><\/p>\n<table>\n<tbody>\n<tr>\n<td width=\"484\">M\u00e9todo de procesamiento<\/td>\n<td width=\"353\">Sulfato<\/td>\n<\/tr>\n<tr>\n<td width=\"484\">Estructura cristalina<\/td>\n<td width=\"353\">rutilo<\/td>\n<\/tr>\n<tr>\n<td width=\"484\">Tratamiento de superficies<\/td>\n<td width=\"353\">SiO<sub>2<\/sub>,Alabama<sub>2<\/sub>oh<sub>3<\/sub><\/td>\n<\/tr>\n<tr>\n<td width=\"484\">Tratamiento Org\u00e1nico<\/td>\n<td width=\"353\">S\u00ed<\/td>\n<\/tr>\n<tr>\n<td width=\"484\">Clasificaci\u00f3n (ISO 591-1)<\/td>\n<td width=\"353\">R2<\/td>\n<\/tr>\n<tr>\n<td width=\"484\">Color (ISO 787-25)<\/td>\n<td width=\"353\">\u25b3E\u22640.5<\/td>\n<\/tr>\n<tr>\n<td width=\"484\">Fuerza de dispersi\u00f3n relativa (ISO 787-24)<\/td>\n<td width=\"353\">95%-105%<\/td>\n<\/tr>\n<tr>\n<td width=\"484\">Densidad (ISO 787-10)<\/td>\n<td width=\"353\">4,0 g\/cm3<sup>3<\/sup><\/td>\n<\/tr>\n<\/tbody>\n<\/table>\n<p>&nbsp;<\/p>\n<p><strong>Caracter\u00edsticas clave<\/strong><\/p>\n<ul>\n<li>Excelente fluidez en seco<\/li>\n<li>Excelente resistencia a altas temperaturas y al amarillamiento.<\/li>\n<li>Excelente resistencia a la intemperie<\/li>\n<\/ul>\n<p><strong>Datos t\u00e9cnicos<\/strong><\/p>\n<table>\n<tbody>\n<tr>\n<td width=\"494\">TiO2<sub>2<\/sub>%\uff08ISO 591-1\uff09<\/td>\n<td width=\"360\">93%<\/td>\n<\/tr>\n<tr>\n<td width=\"494\">CEI\uff08L<sup>*<\/sup>\uff09(GB\/T 1864-2012)<\/td>\n<td width=\"360\">95.4<\/td>\n<\/tr>\n<tr>\n<td width=\"494\">Reducci\u00f3n de potencia (TCS)<\/td>\n<td width=\"360\">2000<\/td>\n<\/tr>\n<tr>\n<td width=\"494\">Valor de PH (ISO 787-9)<\/td>\n<td width=\"360\">7.2<\/td>\n<\/tr>\n<tr>\n<td width=\"494\">Absorci\u00f3n de aceite (ISO 787-5)<\/td>\n<td width=\"360\">19g\/100g<\/td>\n<\/tr>\n<tr>\n<td width=\"494\">Residuo a 45\u03bcm\uff08ISO 787-18\uff09<\/td>\n<td width=\"360\">0.01%<\/td>\n<\/tr>\n<tr>\n<td width=\"494\">Resistividad (ISO 787-14)<\/td>\n<td width=\"360\">100\u03a9\u00b7m<\/td>\n<\/tr>\n<tr>\n<td width=\"494\">Vol\u00e1tiles a 105 \u2103 (ISO 787-2)<\/td>\n<td width=\"360\">0.4%<\/td>\n<\/tr>\n<\/tbody>\n<\/table>\n<p><strong>Salud y <\/strong><strong>Precauciones de seguridad<\/strong><strong>\u00a0(Detalles en MSDS)<\/strong><\/p>\n<p>El R-219 es un producto seguro, no t\u00f3xico e inofensivo, que cumple con las normas internacionales pertinentes.<\/p>\n<p>En caso de ventilaci\u00f3n inadecuada o riesgo de inhalaci\u00f3n de polvo, utilizar equipo respiratorio adecuado con filtro de part\u00edculas. Utilice guantes adecuados para proteger las manos. Utilice gafas de seguridad resistentes al polvo cuando exista riesgo de contacto con los ojos. Observe siempre buenas medidas de higiene personal.<\/p>\n<p><strong>Paquete: <\/strong>El R-219 est\u00e1 disponible en sacos de 25 kg, contenedores de 500 kg y 1000 kg.<\/p>","protected":false},"excerpt":{"rendered":"<p>Nombre del producto: Di\u00f3xido de titanio R-219<\/p>\n<p>N\u00famero CAS: 1317-80-2<\/p>\n<p>MF: Tio2<\/p>\n<p>N\u00famero EINECS: 215-282-2<\/p>\n<p>Apariencia: Polvo blanco<\/p>","protected":false},"featured_media":3006,"template":"","meta":{"_acf_changed":false,"_gspb_post_css":""},"product_brand":[],"product_cat":[67,54,66],"product_tag":[],"class_list":{"0":"post-3035","1":"product","2":"type-product","3":"status-publish","4":"has-post-thumbnail","6":"product_cat-sulfate-process","7":"product_cat-inorganic-pigments","8":"product_cat-titanium-dioxide","10":"first","11":"instock","12":"shipping-taxable","13":"product-type-simple"},"acf":[],"_links":{"self":[{"href":"https:\/\/wpachem.com\/es\/wp-json\/wp\/v2\/product\/3035","targetHints":{"allow":["GET"]}}],"collection":[{"href":"https:\/\/wpachem.com\/es\/wp-json\/wp\/v2\/product"}],"about":[{"href":"https:\/\/wpachem.com\/es\/wp-json\/wp\/v2\/types\/product"}],"version-history":[{"count":0,"href":"https:\/\/wpachem.com\/es\/wp-json\/wp\/v2\/product\/3035\/revisions"}],"wp:featuredmedia":[{"embeddable":true,"href":"https:\/\/wpachem.com\/es\/wp-json\/wp\/v2\/media\/3006"}],"wp:attachment":[{"href":"https:\/\/wpachem.com\/es\/wp-json\/wp\/v2\/media?parent=3035"}],"wp:term":[{"taxonomy":"product_brand","embeddable":true,"href":"https:\/\/wpachem.com\/es\/wp-json\/wp\/v2\/product_brand?post=3035"},{"taxonomy":"product_cat","embeddable":true,"href":"https:\/\/wpachem.com\/es\/wp-json\/wp\/v2\/product_cat?post=3035"},{"taxonomy":"product_tag","embeddable":true,"href":"https:\/\/wpachem.com\/es\/wp-json\/wp\/v2\/product_tag?post=3035"}],"curies":[{"name":"wp","href":"https:\/\/api.w.org\/{rel}","templated":true}]}}