{"id":3038,"date":"2022-09-02T03:12:23","date_gmt":"2022-09-02T03:12:23","guid":{"rendered":"http:\/\/site2.easyceotech.com\/?post_type=product&#038;p=3038"},"modified":"2024-06-12T05:31:35","modified_gmt":"2024-06-12T05:31:35","slug":"titanium-dioxide-r-213","status":"publish","type":"product","link":"https:\/\/wpachem.com\/es\/producto\/titanium-dioxide-r-213\/","title":{"rendered":"Di\u00f3xido de titanio R-213"},"content":{"rendered":"<p style=\"text-align: center;\"><strong>Di\u00f3xido de titanio R-213<\/strong><\/p>\n<p>&nbsp;<\/p>\n<p><strong>Excelente dispersabilidad, flujo de fusi\u00f3n y resistencia al cord\u00f3n.<\/strong><\/p>\n<p>R-213 es un Tio2 especial con alta blancura y matiz azul, dise\u00f1ado para masterbatch y l\u00e1minas de color de alta calidad.<\/p>\n<p><strong>t<\/strong><strong>Propiedades t\u00edpicas<\/strong><\/p>\n<table>\n<tbody>\n<tr>\n<td width=\"484\">M\u00e9todo de procesamiento<\/td>\n<td width=\"353\">Sulfato<\/td>\n<\/tr>\n<tr>\n<td width=\"484\">Estructura cristalina<\/td>\n<td width=\"353\">rutilo<\/td>\n<\/tr>\n<tr>\n<td width=\"484\">Tratamiento de superficies<\/td>\n<td width=\"353\">Alabama<sub>2<\/sub>oh<sub>3<\/sub><\/td>\n<\/tr>\n<tr>\n<td width=\"484\">Tratamiento Org\u00e1nico<\/td>\n<td width=\"353\">S\u00ed<\/td>\n<\/tr>\n<tr>\n<td width=\"484\">Clasificaci\u00f3n (ISO 591-1)<\/td>\n<td width=\"353\">R1<\/td>\n<\/tr>\n<tr>\n<td width=\"484\">Color (ISO 787-25)<\/td>\n<td width=\"353\">\u25b3E\u22640.5<\/td>\n<\/tr>\n<tr>\n<td width=\"484\">Fuerza de dispersi\u00f3n relativa (ISO 787-24)<\/td>\n<td width=\"353\">95%-105%<\/td>\n<\/tr>\n<tr>\n<td width=\"484\">Densidad (ISO 787-10)<\/td>\n<td width=\"353\">4,2 gramos\/cm<sup>3<\/sup><\/td>\n<\/tr>\n<\/tbody>\n<\/table>\n<p>&nbsp;<\/p>\n<p><strong>Caracter\u00edsticas clave<\/strong><\/p>\n<ul>\n<li>R-213 cumple con las regulaciones de la FDA para materiales en contacto con alimentos.<\/li>\n<li>El R-213 es hidrof\u00f3bico y bajo en vol\u00e1tiles para mejorar la resistencia al entrelazado en el procesamiento de pl\u00e1stico.<\/li>\n<li>R-213 tiene una excelente blancura y matiz azul.<\/li>\n<li>R-213 tiene alta dispersabilidad y flujo de fusi\u00f3n.<\/li>\n<\/ul>\n<p><strong>Datos t\u00e9cnicos<\/strong><\/p>\n<table>\n<tbody>\n<tr>\n<td width=\"494\">TiO2<sub>2<\/sub>%\uff08ISO 591-1\uff09<\/td>\n<td width=\"360\">97%<\/td>\n<\/tr>\n<tr>\n<td width=\"494\">CEI\uff08L<sup>*<\/sup>\uff09(GB\/T 1864-2012)<\/td>\n<td width=\"360\">98.0<\/td>\n<\/tr>\n<tr>\n<td width=\"494\">Polvo de dispersi\u00f3n relativa (ISO 787-24)<\/td>\n<td width=\"360\">95-100%<\/td>\n<\/tr>\n<tr>\n<td width=\"494\">Absorci\u00f3n de aceite (ISO 787-5)<\/td>\n<td width=\"360\">15g\/100g<\/td>\n<\/tr>\n<tr>\n<td width=\"494\">Vol\u00e1tiles a 105 \u2103 (ISO 787-2)<\/td>\n<td width=\"360\">0.2%<\/td>\n<\/tr>\n<\/tbody>\n<\/table>\n<p><strong>Salud y <\/strong><strong>Precauciones de seguridad<\/strong><strong>\u00a0(Detalles en MSDS)<\/strong><\/p>\n<p>Se deben seguir las directrices locales de salud y seguridad pertinentes. Se deben usar guantes, gafas de seguridad y un respirador con filtraci\u00f3n de part\u00edculas submicr\u00f3nicas; MSDS est\u00e1 disponible a pedido.<\/p>\n<p><strong>Embalaje: <\/strong>El R-213 est\u00e1 disponible en sacos de 25 kg, contenedores de 500 kg y 1000 kg.<\/p>\n<p>&nbsp;<\/p>","protected":false},"excerpt":{"rendered":"<p>Nombre del producto: Di\u00f3xido de titanio R-213<\/p>\n<p>N\u00famero CAS: 1317-80-2<\/p>\n<p>MF: Tio2<\/p>\n<p>N\u00famero EINECS: 215-282-2<\/p>\n<p>Apariencia: Polvo blanco<\/p>","protected":false},"featured_media":3006,"template":"","meta":{"_acf_changed":false,"_gspb_post_css":""},"product_brand":[],"product_cat":[67,54,66],"product_tag":[],"class_list":{"0":"post-3038","1":"product","2":"type-product","3":"status-publish","4":"has-post-thumbnail","6":"product_cat-sulfate-process","7":"product_cat-inorganic-pigments","8":"product_cat-titanium-dioxide","10":"first","11":"instock","12":"shipping-taxable","13":"product-type-simple"},"acf":[],"_links":{"self":[{"href":"https:\/\/wpachem.com\/es\/wp-json\/wp\/v2\/product\/3038","targetHints":{"allow":["GET"]}}],"collection":[{"href":"https:\/\/wpachem.com\/es\/wp-json\/wp\/v2\/product"}],"about":[{"href":"https:\/\/wpachem.com\/es\/wp-json\/wp\/v2\/types\/product"}],"version-history":[{"count":0,"href":"https:\/\/wpachem.com\/es\/wp-json\/wp\/v2\/product\/3038\/revisions"}],"wp:featuredmedia":[{"embeddable":true,"href":"https:\/\/wpachem.com\/es\/wp-json\/wp\/v2\/media\/3006"}],"wp:attachment":[{"href":"https:\/\/wpachem.com\/es\/wp-json\/wp\/v2\/media?parent=3038"}],"wp:term":[{"taxonomy":"product_brand","embeddable":true,"href":"https:\/\/wpachem.com\/es\/wp-json\/wp\/v2\/product_brand?post=3038"},{"taxonomy":"product_cat","embeddable":true,"href":"https:\/\/wpachem.com\/es\/wp-json\/wp\/v2\/product_cat?post=3038"},{"taxonomy":"product_tag","embeddable":true,"href":"https:\/\/wpachem.com\/es\/wp-json\/wp\/v2\/product_tag?post=3038"}],"curies":[{"name":"wp","href":"https:\/\/api.w.org\/{rel}","templated":true}]}}