{"id":3040,"date":"2022-09-02T03:23:32","date_gmt":"2022-09-02T03:23:32","guid":{"rendered":"http:\/\/site2.easyceotech.com\/?post_type=product&#038;p=3040"},"modified":"2024-06-12T05:31:35","modified_gmt":"2024-06-12T05:31:35","slug":"titanium-dioxide-rutile-r818","status":"publish","type":"product","link":"https:\/\/wpachem.com\/es\/producto\/titanium-dioxide-rutile-r818\/","title":{"rendered":"Di\u00f3xido de titanio Rutilo R818"},"content":{"rendered":"<p style=\"text-align: center;\"><strong>Di\u00f3xido de titanio Rutilo R818<\/strong><\/p>\n<p>&nbsp;<\/p>\n<p><strong>Descripci\u00f3n del Producto<\/strong><\/p>\n<p>R818 se produce mediante proceso de sulfato, es un rutilo TiO<sub>2<\/sub> pigmento que es una superficie org\u00e1nica tratada con un revestimiento de superficie inorg\u00e1nico de Si, Al. Muestra un rendimiento superior en aplicaciones interiores, exteriores e industriales, es un TiO de nivel universal<sub>2 <\/sub>pigmento de alta calidad.<\/p>\n<p><strong>Caracter\u00edsticas del producto<\/strong><\/p>\n<ul>\n<li>Excelente blancura, alto poder cubriente y poder colorante.<\/li>\n<li>Alta resistencia a la intemperie y estabilidad qu\u00edmica, buena capacidad antipolvo.<\/li>\n<li>Buena fluidez y resistencia a la intemperie, alta dispersi\u00f3n y excelente rendimiento de aplicaci\u00f3n en industrias de pl\u00e1sticos y recubrimientos.<\/li>\n<\/ul>\n<table>\n<tbody>\n<tr>\n<td width=\"348\">Art\u00edculo<\/td>\n<td width=\"125\">Especificaci\u00f3n<\/td>\n<\/tr>\n<tr>\n<td width=\"348\">Pureza TiO2 % N<\/td>\n<td width=\"125\">94<\/td>\n<\/tr>\n<tr>\n<td width=\"348\">Materia vol\u00e1til a 105 t% w<\/td>\n<td width=\"125\">0.8<\/td>\n<\/tr>\n<tr>\n<td width=\"348\">Hidrotropo % w<\/td>\n<td width=\"125\">0.5<\/td>\n<\/tr>\n<tr>\n<td width=\"348\">Residuo sobre tamiz 45\u5369m % w<\/td>\n<td width=\"125\">0.05<\/td>\n<\/tr>\n<tr>\n<td width=\"348\">Comparaci\u00f3n de colores con el est\u00e1ndar.<\/td>\n<td width=\"125\">No inferior a<\/td>\n<\/tr>\n<tr>\n<td width=\"348\">Fuerza de te\u00f1ido en comparaci\u00f3n con el est\u00e1ndar % &gt;<\/td>\n<td width=\"125\">112<\/td>\n<\/tr>\n<tr>\n<td width=\"348\">PH de la suspensi\u00f3n, soluci\u00f3n acuosa retenida<\/td>\n<td width=\"125\">6.5-8.5<\/td>\n<\/tr>\n<tr>\n<td width=\"348\">Absorci\u00f3n de aceite g\/1 OOg w<\/td>\n<td width=\"125\">22<\/td>\n<\/tr>\n<tr>\n<td width=\"348\">Resistividad del extracto acuoso Qm N<\/td>\n<td width=\"125\">50<\/td>\n<\/tr>\n<tr>\n<td width=\"348\">Conversi\u00f3n de forma cristalina de rutilo % N<\/td>\n<td width=\"125\">98.0<\/td>\n<\/tr>\n<tr>\n<td width=\"348\">Di\u00e1metro medio de part\u00edcula pm<\/td>\n<td width=\"125\">0.22-0.26<\/td>\n<\/tr>\n<tr>\n<td width=\"348\">Materia org\u00e1nica<\/td>\n<td width=\"125\">S\u00ed<\/td>\n<\/tr>\n<\/tbody>\n<\/table>\n<p>&nbsp;<\/p>\n<p><strong>Solicitud:<\/strong> Perfil de grado universal, revestimiento de construcci\u00f3n de tuber\u00edas, revestimiento de bobina, revestimiento en polvo de tinta de impresi\u00f3n.<\/p>\n<p>&nbsp;<\/p>\n<p><strong>Paquete:<\/strong> Bolsa de papel-PE multicapa de 25 kg, bolsa de PP de 500 kg y 1000 kg<\/p>","protected":false},"excerpt":{"rendered":"<p>Nombre del producto: Di\u00f3xido de titanio rutilo R818<\/p>\n<p>N\u00famero CAS: 1317-80-2<\/p>\n<p>MF: Tio2<\/p>\n<p>N\u00famero EINECS: 215-282-2<\/p>\n<p>Apariencia: Polvo blanco<\/p>","protected":false},"featured_media":3003,"template":"","meta":{"_acf_changed":false,"_gspb_post_css":""},"product_brand":[],"product_cat":[67,54,66],"product_tag":[],"class_list":{"0":"post-3040","1":"product","2":"type-product","3":"status-publish","4":"has-post-thumbnail","6":"product_cat-sulfate-process","7":"product_cat-inorganic-pigments","8":"product_cat-titanium-dioxide","10":"first","11":"instock","12":"shipping-taxable","13":"product-type-simple"},"acf":[],"_links":{"self":[{"href":"https:\/\/wpachem.com\/es\/wp-json\/wp\/v2\/product\/3040","targetHints":{"allow":["GET"]}}],"collection":[{"href":"https:\/\/wpachem.com\/es\/wp-json\/wp\/v2\/product"}],"about":[{"href":"https:\/\/wpachem.com\/es\/wp-json\/wp\/v2\/types\/product"}],"version-history":[{"count":0,"href":"https:\/\/wpachem.com\/es\/wp-json\/wp\/v2\/product\/3040\/revisions"}],"wp:featuredmedia":[{"embeddable":true,"href":"https:\/\/wpachem.com\/es\/wp-json\/wp\/v2\/media\/3003"}],"wp:attachment":[{"href":"https:\/\/wpachem.com\/es\/wp-json\/wp\/v2\/media?parent=3040"}],"wp:term":[{"taxonomy":"product_brand","embeddable":true,"href":"https:\/\/wpachem.com\/es\/wp-json\/wp\/v2\/product_brand?post=3040"},{"taxonomy":"product_cat","embeddable":true,"href":"https:\/\/wpachem.com\/es\/wp-json\/wp\/v2\/product_cat?post=3040"},{"taxonomy":"product_tag","embeddable":true,"href":"https:\/\/wpachem.com\/es\/wp-json\/wp\/v2\/product_tag?post=3040"}],"curies":[{"name":"wp","href":"https:\/\/api.w.org\/{rel}","templated":true}]}}