{"id":3042,"date":"2022-09-02T03:30:09","date_gmt":"2022-09-02T03:30:09","guid":{"rendered":"http:\/\/site2.easyceotech.com\/?post_type=product&#038;p=3042"},"modified":"2024-06-12T05:31:34","modified_gmt":"2024-06-12T05:31:34","slug":"titanium-dioxide-rutile-r-2295","status":"publish","type":"product","link":"https:\/\/wpachem.com\/es\/producto\/titanium-dioxide-rutile-r-2295\/","title":{"rendered":"Di\u00f3xido de titanio Rutilo R-2295"},"content":{"rendered":"<p style=\"text-align: center;\"><strong>Di\u00f3xido de titanio Rutilo R-2295<\/strong><\/p>\n<p>&nbsp;<\/p>\n<p><b><\/b><strong><b>Producto <\/b><\/strong><strong><b>introducci\u00f3n<\/b><\/strong><\/p>\n<p>El producto es pigmento de di\u00f3xido de titanio rutilo con circonio, tratamiento de superficie inorg\u00e1nico de aluminio, tratamiento de superficie org\u00e1nico, con tono azul, alta blancura, buena dispersabilidad, buen poder de te\u00f1ido, etc.<\/p>\n<p><strong><b>Solicitud <\/b><\/strong><strong><b>campo<\/b><\/strong><\/p>\n<p>El producto es adecuado para revestimientos interiores y exteriores, pintura de l\u00e1tex, tinta, papel, pl\u00e1stico, masterbatches, etc.<\/p>\n<p><strong><b>R<\/b><\/strong><strong><b>-2295 <\/b><\/strong><strong><b>rutilo<\/b><\/strong>\u00a0<strong><b>Titanio<\/b><\/strong>\u00a0<strong><b>Di\u00f3xido<\/b><\/strong>\u00a0<strong><b>t\u00e9cnico<\/b><\/strong>\u00a0<strong><b>especificaciones<\/b><\/strong><\/p>\n<table>\n<tbody>\n<tr>\n<td width=\"319\">Contenido de TiO2<\/td>\n<td width=\"429\">\u226594.0%<\/td>\n<\/tr>\n<tr>\n<td width=\"319\">Tasa de transformaci\u00f3n del rutilo<\/td>\n<td width=\"429\">\u226597.0%<\/td>\n<\/tr>\n<tr>\n<td width=\"319\">Recubrimiento inorg\u00e1nico<\/td>\n<td width=\"429\">Zr\u3001AL<\/td>\n<\/tr>\n<tr>\n<td width=\"319\">Tratamiento org\u00e1nico<\/td>\n<td width=\"429\">S\u00cd<\/td>\n<\/tr>\n<tr>\n<td width=\"319\">Tama\u00f1o de part\u00edcula<\/td>\n<td width=\"429\">0,25 \u00b5m<\/td>\n<\/tr>\n<tr>\n<td width=\"319\">Densidad<\/td>\n<td width=\"429\">4,0g\/m3<\/td>\n<\/tr>\n<tr>\n<td width=\"319\">Absorci\u00f3n de agua<\/td>\n<td width=\"429\">28<\/td>\n<\/tr>\n<tr>\n<td width=\"319\">Color<\/td>\n<td width=\"429\">\u226594,5<\/td>\n<\/tr>\n<tr>\n<td width=\"319\">Absorci\u00f3n de aceite<\/td>\n<td width=\"429\">20-22<\/td>\n<\/tr>\n<tr>\n<td width=\"319\">Resistencia al clima<\/td>\n<td width=\"429\">medio<\/td>\n<\/tr>\n<tr>\n<td width=\"319\">Clasificaci\u00f3n est\u00e1ndar (ISO<\/p>\n<p>591)<\/td>\n<td width=\"429\">R2<\/td>\n<\/tr>\n<tr>\n<td width=\"319\">ASTMD476<\/td>\n<td width=\"429\">\u2162 W \u2165<\/td>\n<\/tr>\n<\/tbody>\n<\/table>\n<p>&nbsp;<\/p>\n<p><strong><b>Paquete<\/b><\/strong>\uff1a Pl\u00e1stico y papel de 25 kg, sacos de 500 kg\/1000 kg Ton<\/p>","protected":false},"excerpt":{"rendered":"<p>Nombre del producto: Di\u00f3xido de titanio Rutilo R-2295<\/p>\n<p>N\u00famero CAS: 1317-80-2<\/p>\n<p>MF: Tio2<\/p>\n<p>N\u00famero EINECS: 215-282-2<\/p>\n<p>Apariencia: Polvo blanco<\/p>","protected":false},"featured_media":3004,"template":"","meta":{"_acf_changed":false,"_gspb_post_css":""},"product_brand":[],"product_cat":[67,54,66],"product_tag":[],"class_list":{"0":"post-3042","1":"product","2":"type-product","3":"status-publish","4":"has-post-thumbnail","6":"product_cat-sulfate-process","7":"product_cat-inorganic-pigments","8":"product_cat-titanium-dioxide","10":"first","11":"instock","12":"shipping-taxable","13":"product-type-simple"},"acf":[],"_links":{"self":[{"href":"https:\/\/wpachem.com\/es\/wp-json\/wp\/v2\/product\/3042","targetHints":{"allow":["GET"]}}],"collection":[{"href":"https:\/\/wpachem.com\/es\/wp-json\/wp\/v2\/product"}],"about":[{"href":"https:\/\/wpachem.com\/es\/wp-json\/wp\/v2\/types\/product"}],"version-history":[{"count":0,"href":"https:\/\/wpachem.com\/es\/wp-json\/wp\/v2\/product\/3042\/revisions"}],"wp:featuredmedia":[{"embeddable":true,"href":"https:\/\/wpachem.com\/es\/wp-json\/wp\/v2\/media\/3004"}],"wp:attachment":[{"href":"https:\/\/wpachem.com\/es\/wp-json\/wp\/v2\/media?parent=3042"}],"wp:term":[{"taxonomy":"product_brand","embeddable":true,"href":"https:\/\/wpachem.com\/es\/wp-json\/wp\/v2\/product_brand?post=3042"},{"taxonomy":"product_cat","embeddable":true,"href":"https:\/\/wpachem.com\/es\/wp-json\/wp\/v2\/product_cat?post=3042"},{"taxonomy":"product_tag","embeddable":true,"href":"https:\/\/wpachem.com\/es\/wp-json\/wp\/v2\/product_tag?post=3042"}],"curies":[{"name":"wp","href":"https:\/\/api.w.org\/{rel}","templated":true}]}}