{"id":3047,"date":"2022-09-02T06:32:03","date_gmt":"2022-09-02T06:32:03","guid":{"rendered":"http:\/\/site2.easyceotech.com\/?post_type=product&#038;p=3047"},"modified":"2024-06-12T05:31:33","modified_gmt":"2024-06-12T05:31:33","slug":"titanium-dioxide-food-grade","status":"publish","type":"product","link":"https:\/\/wpachem.com\/es\/producto\/titanium-dioxide-food-grade\/","title":{"rendered":"Di\u00f3xido de titanio de calidad alimentaria"},"content":{"rendered":"<p style=\"text-align: center;\"><strong>Di\u00f3xido de titanio de calidad alimentaria<\/strong><\/p>\n<p>&nbsp;<\/p>\n<p><strong>Caracter\u00edsticas<\/strong><\/p>\n<p>Este producto es un aditivo alimentario espec\u00edfico preparado a partir de di\u00f3xido de titanio anatasa espec\u00edfico para alimentos. El producto no es t\u00f3xico ni tiene sabor, es un polvo blanco y tiene propiedades qu\u00edmicas estables. Tiene un efecto blanqueador sobre los alimentos y tambi\u00e9n se puede utilizar en combinaci\u00f3n con otros pigmentos para producir un color suave. Adem\u00e1s, puede proteger los rayos ultravioleta y ayudar a mejorar la vida \u00fatil de los alimentos.<\/p>\n<p>&nbsp;<\/p>\n<p><strong>Solicitud<\/strong><\/p>\n<p>Se utiliza como recubrimiento, aditivo, colorante blanqueador, etc. en la preparaci\u00f3n de alimentos. Se utiliza principalmente en dulces de chocolate, frutas frescas, instant\u00e1neas, gelatinas, mermeladas, aderezos para ensaladas, mayonesas, alimentos inflados, chicles y bebidas s\u00f3lidas sin edulcorantes, bebidas s\u00f3lidas concentradas, bebidas que contienen emulsi\u00f3n, etc.<\/p>\n<p>&nbsp;<\/p>\n<table>\n<tbody>\n<tr>\n<td width=\"426\"><strong><b>Art\u00edculo<\/b><\/strong><\/td>\n<td width=\"426\"><strong><b>\u00cdndice<\/b><\/strong><\/td>\n<\/tr>\n<tr>\n<td width=\"426\">Contenido de Tio2 (%), \u2265<\/td>\n<td width=\"426\">99<\/td>\n<\/tr>\n<tr>\n<td width=\"426\">Contenido de metales pesados<\/p>\n<p>(en Pb, mg\/kg),\u2264<\/td>\n<td width=\"426\">10<\/td>\n<\/tr>\n<tr>\n<td width=\"426\">Como contenido (mg\/kg), \uff1c<\/td>\n<td width=\"426\">3<\/td>\n<\/tr>\n<tr>\n<td width=\"426\">Sustancia soluble en agua %, \u2264<\/td>\n<td width=\"426\">0.4<\/td>\n<\/tr>\n<tr>\n<td width=\"426\">Sustancia soluble en \u00e1cido %, \uff1c<\/td>\n<td width=\"426\">0.5<\/td>\n<\/tr>\n<tr>\n<td width=\"426\">P\u00e9rdida por secado %, \uff1c<\/td>\n<td width=\"426\">0.5<\/td>\n<\/tr>\n<tr>\n<td width=\"426\">P\u00e9rdida por ignici\u00f3n %, \uff1c<\/td>\n<td width=\"426\">0.5<\/td>\n<\/tr>\n<tr>\n<td width=\"426\">Tubididad (NTU), \u2265<\/td>\n<td width=\"426\">2000<\/td>\n<\/tr>\n<\/tbody>\n<\/table>\n<p>&nbsp;<\/p>\n<p><strong>Paquete:<\/strong> Saco de 25 kg, saco de 500 kg, saco de 1000 kg.<\/p>","protected":false},"excerpt":{"rendered":"<p>Nombre del producto: Di\u00f3xido de titanio de calidad alimentaria<\/p>\n<p>N\u00famero CAS: 1317-80-2<\/p>\n<p>MF: Tio2<\/p>\n<p>N\u00famero EINECS: 215-282-2<\/p>\n<p>Apariencia: Polvo blanco<\/p>","protected":false},"featured_media":2179,"template":"","meta":{"_acf_changed":false,"_gspb_post_css":""},"product_brand":[],"product_cat":[67,54,66],"product_tag":[],"class_list":{"0":"post-3047","1":"product","2":"type-product","3":"status-publish","4":"has-post-thumbnail","6":"product_cat-sulfate-process","7":"product_cat-inorganic-pigments","8":"product_cat-titanium-dioxide","10":"first","11":"instock","12":"shipping-taxable","13":"product-type-simple"},"acf":[],"_links":{"self":[{"href":"https:\/\/wpachem.com\/es\/wp-json\/wp\/v2\/product\/3047","targetHints":{"allow":["GET"]}}],"collection":[{"href":"https:\/\/wpachem.com\/es\/wp-json\/wp\/v2\/product"}],"about":[{"href":"https:\/\/wpachem.com\/es\/wp-json\/wp\/v2\/types\/product"}],"version-history":[{"count":0,"href":"https:\/\/wpachem.com\/es\/wp-json\/wp\/v2\/product\/3047\/revisions"}],"wp:featuredmedia":[{"embeddable":true,"href":"https:\/\/wpachem.com\/es\/wp-json\/wp\/v2\/media\/2179"}],"wp:attachment":[{"href":"https:\/\/wpachem.com\/es\/wp-json\/wp\/v2\/media?parent=3047"}],"wp:term":[{"taxonomy":"product_brand","embeddable":true,"href":"https:\/\/wpachem.com\/es\/wp-json\/wp\/v2\/product_brand?post=3047"},{"taxonomy":"product_cat","embeddable":true,"href":"https:\/\/wpachem.com\/es\/wp-json\/wp\/v2\/product_cat?post=3047"},{"taxonomy":"product_tag","embeddable":true,"href":"https:\/\/wpachem.com\/es\/wp-json\/wp\/v2\/product_tag?post=3047"}],"curies":[{"name":"wp","href":"https:\/\/api.w.org\/{rel}","templated":true}]}}