{"id":3056,"date":"2022-09-13T08:17:50","date_gmt":"2022-09-13T08:17:50","guid":{"rendered":"http:\/\/site2.easyceotech.com\/?post_type=product&#038;p=3056"},"modified":"2024-03-12T08:09:06","modified_gmt":"2024-03-12T08:09:06","slug":"rubber-accelerator-cbs%ef%bc%88cz%ef%bc%89","status":"publish","type":"product","link":"https:\/\/wpachem.com\/es\/producto\/rubber-accelerator-cbs%ef%bc%88cz%ef%bc%89\/","title":{"rendered":"Acelerador de goma -CBS\uff08CZ\uff09"},"content":{"rendered":"<p><strong>Nombre qu\u00edmico: <\/strong>Sulfenamida de N-ciclohexil-2-benzotiazol<br \/>\nCAS\uff1a95-33-0<\/p>\n<p>Peso molecular = 264,42<\/p>\n<table>\n<tbody>\n<tr>\n<td width=\"276\"><strong>Especificaci\u00f3n<\/strong><strong>norte<\/strong><\/td>\n<td width=\"473\"><\/td>\n<\/tr>\n<tr>\n<td width=\"276\">Apariencia<\/td>\n<td width=\"473\">Polvo blanco gris\u00e1ceo o amarillo claro<\/td>\n<\/tr>\n<tr>\n<td width=\"276\">Punto de fusi\u00f3n inicial<\/td>\n<td width=\"473\">98,0 \u00b0C m\u00edn.<\/td>\n<\/tr>\n<tr>\n<td width=\"276\">P\u00e9rdida de calor<\/td>\n<td width=\"473\">0,30% m\u00e1x.<\/td>\n<\/tr>\n<tr>\n<td width=\"276\">Ceniza<\/td>\n<td width=\"473\">0,30% m\u00e1x.<\/td>\n<\/tr>\n<tr>\n<td width=\"276\">Residuo en tamiz de 150um<\/td>\n<td width=\"473\">0,10% m\u00e1x.<\/td>\n<\/tr>\n<tr>\n<td width=\"276\">Amina libre<\/td>\n<td width=\"473\">0,40% m\u00e1x.<\/td>\n<\/tr>\n<\/tbody>\n<\/table>\n<p>&nbsp;<\/p>\n<p><strong><b>Descripci\u00f3n:<\/b><\/strong> Olor ligero, no t\u00f3xico. Gravedad espec\u00edfica: 1,31-1,34. Soluble en benceno, metilbenceno, cloroformo, disulfuro de carbono, tetracloruro de carbono, cloruro de metileno, acetona y acetato de etilo; dif\u00edcilmente soluble en alcohol et\u00edlico; insoluble en agua, \u00e1cido diluido, \u00e1lcali diluido y gasolina.<\/p>\n<p><strong>Usos<\/strong><strong>: <\/strong>El CBS(CZ) es un acelerador de alta actividad y acci\u00f3n muy retardada. Se utiliza principalmente en la fabricaci\u00f3n de neum\u00e1ticos, calzado de caucho, c\u00e1maras de caucho, cables y otros productos t\u00e9cnicos de caucho.<\/p>\n<p><strong>Embalaje<\/strong><strong>:<\/strong>Bolsa de tejido peritoneal con impresi\u00f3n a color de 25 kg netos, forrada con polietileno. (12 mt\/FCL)<\/p>","protected":false},"excerpt":{"rendered":"<p>Nombre del producto: Acelerador de caucho -CBS (CZ)<\/p>\n<p>N.\u00ba CAS: 95-33-0<\/p>\n<p>MF: C13H16N2S2<\/p>\n<p>N.\u00ba EINECS: 202-411-2<\/p>\n<p>Aspecto: Polvo blanco gris\u00e1ceo o amarillo claro.<\/p>","protected":false},"featured_media":2105,"template":"","meta":{"_acf_changed":false,"_gspb_post_css":""},"product_brand":[],"product_cat":[62,72],"product_tag":[],"class_list":{"0":"post-3056","1":"product","2":"type-product","3":"status-publish","4":"has-post-thumbnail","6":"product_cat-rubberplastic-ingredients","7":"product_cat-rubber-accelerator","9":"first","10":"instock","11":"shipping-taxable","12":"product-type-simple"},"acf":[],"_links":{"self":[{"href":"https:\/\/wpachem.com\/es\/wp-json\/wp\/v2\/product\/3056","targetHints":{"allow":["GET"]}}],"collection":[{"href":"https:\/\/wpachem.com\/es\/wp-json\/wp\/v2\/product"}],"about":[{"href":"https:\/\/wpachem.com\/es\/wp-json\/wp\/v2\/types\/product"}],"version-history":[{"count":0,"href":"https:\/\/wpachem.com\/es\/wp-json\/wp\/v2\/product\/3056\/revisions"}],"wp:featuredmedia":[{"embeddable":true,"href":"https:\/\/wpachem.com\/es\/wp-json\/wp\/v2\/media\/2105"}],"wp:attachment":[{"href":"https:\/\/wpachem.com\/es\/wp-json\/wp\/v2\/media?parent=3056"}],"wp:term":[{"taxonomy":"product_brand","embeddable":true,"href":"https:\/\/wpachem.com\/es\/wp-json\/wp\/v2\/product_brand?post=3056"},{"taxonomy":"product_cat","embeddable":true,"href":"https:\/\/wpachem.com\/es\/wp-json\/wp\/v2\/product_cat?post=3056"},{"taxonomy":"product_tag","embeddable":true,"href":"https:\/\/wpachem.com\/es\/wp-json\/wp\/v2\/product_tag?post=3056"}],"curies":[{"name":"wp","href":"https:\/\/api.w.org\/{rel}","templated":true}]}}