{"id":3058,"date":"2022-09-13T08:59:22","date_gmt":"2022-09-13T08:59:22","guid":{"rendered":"http:\/\/site2.easyceotech.com\/?post_type=product&#038;p=3058"},"modified":"2024-03-12T08:09:00","modified_gmt":"2024-03-12T08:09:00","slug":"rubber-accelerator-mbtm","status":"publish","type":"product","link":"https:\/\/wpachem.com\/es\/producto\/rubber-accelerator-mbtm\/","title":{"rendered":"Acelerador de goma MBT(M)"},"content":{"rendered":"<p><strong><b>Nombre qu\u00edmico:<\/b><\/strong><strong><b>\u00a0<\/b><\/strong>2-Mercaptobenzotiazol<\/p>\n<p>N.\u00ba CAS: 149-30-4<\/p>\n<p>(peso medio=167,26)<\/p>\n<p>&nbsp;<\/p>\n<p><strong><b>Descripci\u00f3n<\/b><\/strong><strong><b>;<\/b><\/strong>\u00a0Olor ligeramente desagradable y sabor amargo, no t\u00f3xico. Gravedad espec\u00edfica: 1,42-1,52. F\u00e1cilmente soluble en acetona de etilo, soluci\u00f3n diluida de hidr\u00f3xido de sodio y carbonato de sodio, soluble en alcohol et\u00edlico, no f\u00e1cilmente soluble en benceno, insoluble en agua y gasolina.<\/p>\n<table>\n<tbody>\n<tr>\n<td colspan=\"2\" width=\"750\">Especificaci\u00f3n<\/td>\n<\/tr>\n<tr>\n<td width=\"271\">Apariencia<\/td>\n<td width=\"478\">Grano de polvo de color blanco gris\u00e1ceo o amarillo claro<\/td>\n<\/tr>\n<tr>\n<td width=\"271\">Punto de fusi\u00f3n inicial<\/td>\n<td width=\"478\">171,0 \u2103 m\u00edn.<\/td>\n<\/tr>\n<tr>\n<td width=\"271\">P\u00e9rdida de calor<\/td>\n<td width=\"478\">0,40% m\u00e1x.<\/td>\n<\/tr>\n<tr>\n<td width=\"271\">Ceniza<\/td>\n<td width=\"478\">0,30% m\u00e1x.<\/td>\n<\/tr>\n<tr>\n<td width=\"271\">Residuo en tamiz de 150um<\/td>\n<td width=\"478\">0,10% m\u00e1x.<\/td>\n<\/tr>\n<\/tbody>\n<\/table>\n<p>&nbsp;<\/p>\n<p><strong><b>Usos:<\/b><\/strong><strong><b>\u00a0<\/b><\/strong>El producto es un acelerador semi-ultra, ampliamente utilizado en la vulcanizaci\u00f3n de cauchos naturales y sint\u00e9ticos. Se utiliza principalmente en la fabricaci\u00f3n de neum\u00e1ticos de caucho, cinturones de caucho, zapatos de caucho y otros productos t\u00e9cnicos de caucho.<\/p>\n<p><strong><b>Embalaje:<\/b><\/strong> Bolsa de tejido peritoneal con impresi\u00f3n a color de 25 kg netos y forrada con bolsa de polietileno. (12 MT\/20 FCL)<\/p>\n<p>&nbsp;<\/p>","protected":false},"excerpt":{"rendered":"<p>Nombre del producto: Acelerador de caucho MBT(M)<\/p>\n<p>N.\u00ba CAS: 149-30-4<\/p>\n<p>MF: C7H5NS2<\/p>\n<p>N\u00famero EINECS: 205-736-8<\/p>\n<p>Aspecto: Grano de polvo de color blanco gris\u00e1ceo o amarillo claro.<\/p>","protected":false},"featured_media":2096,"template":"","meta":{"_acf_changed":false,"_gspb_post_css":""},"product_brand":[],"product_cat":[62,72],"product_tag":[],"class_list":{"0":"post-3058","1":"product","2":"type-product","3":"status-publish","4":"has-post-thumbnail","6":"product_cat-rubberplastic-ingredients","7":"product_cat-rubber-accelerator","9":"first","10":"instock","11":"shipping-taxable","12":"product-type-simple"},"acf":[],"_links":{"self":[{"href":"https:\/\/wpachem.com\/es\/wp-json\/wp\/v2\/product\/3058","targetHints":{"allow":["GET"]}}],"collection":[{"href":"https:\/\/wpachem.com\/es\/wp-json\/wp\/v2\/product"}],"about":[{"href":"https:\/\/wpachem.com\/es\/wp-json\/wp\/v2\/types\/product"}],"version-history":[{"count":0,"href":"https:\/\/wpachem.com\/es\/wp-json\/wp\/v2\/product\/3058\/revisions"}],"wp:featuredmedia":[{"embeddable":true,"href":"https:\/\/wpachem.com\/es\/wp-json\/wp\/v2\/media\/2096"}],"wp:attachment":[{"href":"https:\/\/wpachem.com\/es\/wp-json\/wp\/v2\/media?parent=3058"}],"wp:term":[{"taxonomy":"product_brand","embeddable":true,"href":"https:\/\/wpachem.com\/es\/wp-json\/wp\/v2\/product_brand?post=3058"},{"taxonomy":"product_cat","embeddable":true,"href":"https:\/\/wpachem.com\/es\/wp-json\/wp\/v2\/product_cat?post=3058"},{"taxonomy":"product_tag","embeddable":true,"href":"https:\/\/wpachem.com\/es\/wp-json\/wp\/v2\/product_tag?post=3058"}],"curies":[{"name":"wp","href":"https:\/\/api.w.org\/{rel}","templated":true}]}}