{"id":3060,"date":"2022-09-13T09:32:26","date_gmt":"2022-09-13T09:32:26","guid":{"rendered":"http:\/\/site2.easyceotech.com\/?post_type=product&#038;p=3060"},"modified":"2024-03-12T08:08:17","modified_gmt":"2024-03-12T08:08:17","slug":"rubber-accelerator-dcbs-dz","status":"publish","type":"product","link":"https:\/\/wpachem.com\/es\/producto\/rubber-accelerator-dcbs-dz\/","title":{"rendered":"Acelerador de caucho DCBS (DZ)"},"content":{"rendered":"<p><strong>Nombre qu\u00edmico: <\/strong>Sulfenamida de N,N-diciclohexil-2-benzotiazol<\/p>\n<p><strong>F\u00f3rmula molecular<\/strong>C<sub>19<\/sub>h<sub>26<\/sub>norte<sub>2<\/sub>S<sub>2<\/sub><\/p>\n<p><strong>Peso molecular: <\/strong>346.56<\/p>\n<p><strong>Calidad estandar: <\/strong>Q\/SH001-2000<\/p>\n<p><strong>NO CAS:<\/strong>4979-32-2<\/p>\n<p>&nbsp;<\/p>\n<p><strong>Especificaci\u00f3n:<\/strong><\/p>\n<table>\n<tbody>\n<tr>\n<td width=\"288\"><strong>Art\u00edculo<\/strong><\/td>\n<td width=\"133\">Polvo<\/td>\n<td width=\"154\">Polvo aceitado<\/td>\n<td width=\"148\">Gr\u00e1nulo<\/td>\n<\/tr>\n<tr>\n<td width=\"288\"><strong>Apariencia<\/strong><\/td>\n<td colspan=\"3\" width=\"436\">Granulado de color crema<\/td>\n<\/tr>\n<tr>\n<td width=\"288\"><strong>MP inicial \u2103 \u2265<\/strong><\/td>\n<td width=\"133\">97.0<\/td>\n<td width=\"154\">97.0<\/td>\n<td width=\"148\">97.0<\/td>\n<\/tr>\n<tr>\n<td width=\"288\"><strong>P\u00e9rdida por secado % \u2264<\/strong><\/td>\n<td width=\"133\">0.30<\/td>\n<td width=\"154\">0.50<\/td>\n<td width=\"148\">0.30<\/td>\n<\/tr>\n<tr>\n<td width=\"288\"><strong>Ceniza % \u2264<\/strong><\/td>\n<td width=\"133\">0.30<\/td>\n<td width=\"154\">0.30<\/td>\n<td width=\"148\">0.30<\/td>\n<\/tr>\n<tr>\n<td width=\"288\"><strong>Residuo en tamiz de 150 \u03bcm % \u2264<\/strong><\/td>\n<td width=\"133\">0.10<\/td>\n<td width=\"154\">0.10<\/td>\n<td width=\"148\">\\<\/td>\n<\/tr>\n<tr>\n<td width=\"288\"><strong>Aditivo %<\/strong><\/td>\n<td width=\"133\">\\<\/td>\n<td width=\"154\">1.0-2.0<\/td>\n<td width=\"148\">\\<\/td>\n<\/tr>\n<tr>\n<td width=\"288\"><strong>Di\u00e1metro del gr\u00e1nulo mm<\/strong><\/td>\n<td width=\"133\">\\<\/td>\n<td width=\"154\">\\<\/td>\n<td width=\"148\">1.0-3.0<\/td>\n<\/tr>\n<\/tbody>\n<\/table>\n<p>&nbsp;<\/p>\n<p><strong>Propiedades:<\/strong>\u00a0Granulado de color crema de sabor amargo. Densidad 1,26. Soluble en acetona, l\u00edquidos org\u00e1nicos, incluidas grasas y aceites, insoluble en agua.<\/p>\n<p><strong>Solicitud:<\/strong>\u00a0El DCBS es un acelerador de sulfenamida con excelentes propiedades anti-quemaduras y un inicio de curado retardado. Es compatible con cauchos naturales y sint\u00e9ticos, adecuado para neum\u00e1ticos radiales, cinturones de caucho y amortiguadores, etc. En particular, produce una buena adhesi\u00f3n al metal.<\/p>\n<p><strong>Embalaje:<\/strong>\u00a0Bolsa tejida de pl\u00e1stico de 25 kg, bolsa de papel con pel\u00edcula de pl\u00e1stico, tambor de 25 kg.<\/p>\n<p><strong>Almacenamiento:<\/strong>\u00a0El producto debe almacenarse en un lugar seco y fresco con buena ventilaci\u00f3n, evitando la exposici\u00f3n del producto envasado a la luz solar directa. La validez es de 1 a\u00f1o.<\/p>\n<p>Notas El producto podr\u00eda ser un polvo ultrafino seg\u00fan los requisitos precisos del cliente.<\/p>\n<p>&nbsp;<\/p>","protected":false},"excerpt":{"rendered":"<p>Nombre del producto: Acelerador de caucho DCBS (DZ)<\/p>\n<p>N.\u00ba CAS: 4979-32-2<\/p>\n<p>MF: C19H26N2S2<\/p>\n<p>N\u00famero EINECS: 225-625-8<\/p>\n<p>Aspecto: Gr\u00e1nulo de color crema.<\/p>","protected":false},"featured_media":3062,"template":"","meta":{"_acf_changed":false,"_gspb_post_css":""},"product_brand":[],"product_cat":[62,72],"product_tag":[],"class_list":{"0":"post-3060","1":"product","2":"type-product","3":"status-publish","4":"has-post-thumbnail","6":"product_cat-rubberplastic-ingredients","7":"product_cat-rubber-accelerator","9":"first","10":"instock","11":"shipping-taxable","12":"product-type-simple"},"acf":[],"_links":{"self":[{"href":"https:\/\/wpachem.com\/es\/wp-json\/wp\/v2\/product\/3060","targetHints":{"allow":["GET"]}}],"collection":[{"href":"https:\/\/wpachem.com\/es\/wp-json\/wp\/v2\/product"}],"about":[{"href":"https:\/\/wpachem.com\/es\/wp-json\/wp\/v2\/types\/product"}],"version-history":[{"count":0,"href":"https:\/\/wpachem.com\/es\/wp-json\/wp\/v2\/product\/3060\/revisions"}],"wp:featuredmedia":[{"embeddable":true,"href":"https:\/\/wpachem.com\/es\/wp-json\/wp\/v2\/media\/3062"}],"wp:attachment":[{"href":"https:\/\/wpachem.com\/es\/wp-json\/wp\/v2\/media?parent=3060"}],"wp:term":[{"taxonomy":"product_brand","embeddable":true,"href":"https:\/\/wpachem.com\/es\/wp-json\/wp\/v2\/product_brand?post=3060"},{"taxonomy":"product_cat","embeddable":true,"href":"https:\/\/wpachem.com\/es\/wp-json\/wp\/v2\/product_cat?post=3060"},{"taxonomy":"product_tag","embeddable":true,"href":"https:\/\/wpachem.com\/es\/wp-json\/wp\/v2\/product_tag?post=3060"}],"curies":[{"name":"wp","href":"https:\/\/api.w.org\/{rel}","templated":true}]}}