{"id":3063,"date":"2022-09-14T03:08:29","date_gmt":"2022-09-14T03:08:29","guid":{"rendered":"http:\/\/site2.easyceotech.com\/?post_type=product&#038;p=3063"},"modified":"2024-03-12T08:08:13","modified_gmt":"2024-03-12T08:08:13","slug":"rubber-accelerator-mbtsdm","status":"publish","type":"product","link":"https:\/\/wpachem.com\/es\/producto\/rubber-accelerator-mbtsdm\/","title":{"rendered":"Acelerador de caucho MBTS(DM)"},"content":{"rendered":"<p><strong><b>Nombre qu\u00edmico<\/b><\/strong>: Disulfuro de dibenzotiazol<br \/>\nN.\u00ba CAS: 120-78-5<br \/>\n(PM=332,50)<\/p>\n<p><strong><b>Propiedades<\/b><\/strong>Sabor ligeramente amargo, no t\u00f3xico. Gravedad espec\u00edfica: 1,45-1,54. Soluble en cloroformo, ligeramente soluble en benceno, alcohol et\u00edlico y tetracloruro de carbono. Insoluble en gasolina, agua y acetato de etilo.<\/p>\n<p>&nbsp;<\/p>\n<table>\n<tbody>\n<tr>\n<td colspan=\"2\" width=\"750\"><strong><b>Especificaci\u00f3n<\/b><\/strong><\/td>\n<\/tr>\n<tr>\n<td width=\"312\">Apariencia<\/td>\n<td width=\"437\">Polvo blanco o amarillo claro<\/td>\n<\/tr>\n<tr>\n<td width=\"312\">Punto de fusi\u00f3n inicial<\/td>\n<td width=\"437\">166,0 \u00b0C m\u00edn.<\/td>\n<\/tr>\n<tr>\n<td width=\"312\">P\u00e9rdida de calor<\/td>\n<td width=\"437\">0,40% m\u00e1x.<\/td>\n<\/tr>\n<tr>\n<td width=\"312\">Ceniza<\/td>\n<td width=\"437\">0,50% m\u00e1x.<\/td>\n<\/tr>\n<tr>\n<td width=\"312\">Residuo en tamiz de 150um<\/td>\n<td width=\"437\">0,10% m\u00e1x.<\/td>\n<\/tr>\n<\/tbody>\n<\/table>\n<p>&nbsp;<\/p>\n<p><strong><b>Solicitud<\/b><\/strong>Generalmente se utiliza para cauchos naturales y muchos sint\u00e9ticos. Se utiliza en la fabricaci\u00f3n de neum\u00e1ticos, c\u00e1maras de caucho, calzado de caucho, telas de caucho y otros productos t\u00e9cnicos de caucho. El acelerador MBTS funciona como plastificante y activador de cationes retardados en el policloropreno.<\/p>\n<p><strong><b>Paquetes<\/b><\/strong>:Bolsa de tejido peritoneal impresa a color de 20 kg netos, forrada con bolsa de polietileno. 12 MT\/20&#039; FCL<\/p>\n<p><strong><b>Almacenamiento<\/b><\/strong>:Estable indefinidamente en condiciones normales de almacenamiento.<\/p>","protected":false},"excerpt":{"rendered":"<p>Nombre del producto: Acelerador de caucho MBTS(DM)<\/p>\n<p>N.\u00ba CAS: 120-78-5<\/p>\n<p>MF: C14H8N2S4<\/p>\n<p>N.\u00ba EINECS: 204-424-9<\/p>\n<p>Aspecto: Polvo blanco o amarillo claro, grano.<\/p>","protected":false},"featured_media":3012,"template":"","meta":{"_acf_changed":false,"_gspb_post_css":""},"product_brand":[],"product_cat":[62,72],"product_tag":[],"class_list":{"0":"post-3063","1":"product","2":"type-product","3":"status-publish","4":"has-post-thumbnail","6":"product_cat-rubberplastic-ingredients","7":"product_cat-rubber-accelerator","9":"first","10":"instock","11":"shipping-taxable","12":"product-type-simple"},"acf":[],"_links":{"self":[{"href":"https:\/\/wpachem.com\/es\/wp-json\/wp\/v2\/product\/3063","targetHints":{"allow":["GET"]}}],"collection":[{"href":"https:\/\/wpachem.com\/es\/wp-json\/wp\/v2\/product"}],"about":[{"href":"https:\/\/wpachem.com\/es\/wp-json\/wp\/v2\/types\/product"}],"version-history":[{"count":0,"href":"https:\/\/wpachem.com\/es\/wp-json\/wp\/v2\/product\/3063\/revisions"}],"wp:featuredmedia":[{"embeddable":true,"href":"https:\/\/wpachem.com\/es\/wp-json\/wp\/v2\/media\/3012"}],"wp:attachment":[{"href":"https:\/\/wpachem.com\/es\/wp-json\/wp\/v2\/media?parent=3063"}],"wp:term":[{"taxonomy":"product_brand","embeddable":true,"href":"https:\/\/wpachem.com\/es\/wp-json\/wp\/v2\/product_brand?post=3063"},{"taxonomy":"product_cat","embeddable":true,"href":"https:\/\/wpachem.com\/es\/wp-json\/wp\/v2\/product_cat?post=3063"},{"taxonomy":"product_tag","embeddable":true,"href":"https:\/\/wpachem.com\/es\/wp-json\/wp\/v2\/product_tag?post=3063"}],"curies":[{"name":"wp","href":"https:\/\/api.w.org\/{rel}","templated":true}]}}