{"id":3065,"date":"2022-09-14T03:28:09","date_gmt":"2022-09-14T03:28:09","guid":{"rendered":"http:\/\/site2.easyceotech.com\/?post_type=product&#038;p=3065"},"modified":"2024-03-12T08:08:08","modified_gmt":"2024-03-12T08:08:08","slug":"rubber-accelerator-tmtd","status":"publish","type":"product","link":"https:\/\/wpachem.com\/es\/producto\/rubber-accelerator-tmtd\/","title":{"rendered":"Acelerador de caucho TMTD"},"content":{"rendered":"<p><strong><b>Nombre qu\u00edmico<\/b><\/strong><strong><b>:\u00a0\u00a0<\/b><\/strong>\u00a0Disulfuro de tetrametiltiuram<br \/>\n<strong><b>F\u00f3rmula:<\/b><\/strong>\u00a0C6H12N2S4<br \/>\n<strong><b>N.\u00ba CAS.<\/b><\/strong>:\u00a0\u00a0\u00a0137-26-8<\/p>\n<table>\n<tbody>\n<tr>\n<td colspan=\"3\" width=\"794\"><strong><b>Especificaci\u00f3n<\/b><\/strong><\/td>\n<\/tr>\n<tr>\n<td width=\"517\">Apariencia<\/td>\n<td width=\"277\">polvo blanco<\/td>\n<td width=\"0\"><\/td>\n<\/tr>\n<tr>\n<td width=\"517\">Punto de fusi\u00f3n inicial<\/td>\n<td width=\"277\">142 \u2103 m\u00edn.<\/td>\n<td width=\"0\"><\/td>\n<\/tr>\n<tr>\n<td width=\"517\">P\u00e9rdida por calentamiento<\/td>\n<td width=\"277\">0,40% m\u00e1x.<\/td>\n<td width=\"0\"><\/td>\n<\/tr>\n<tr>\n<td width=\"517\">Contenido de cenizas<\/td>\n<td width=\"277\">0,30% m\u00e1x.<\/td>\n<td width=\"0\"><\/td>\n<\/tr>\n<tr>\n<td width=\"517\">Residuo en tamiz (100 mallas)<\/td>\n<td width=\"277\">0,10% m\u00e1x.<\/td>\n<td width=\"0\"><\/td>\n<\/tr>\n<\/tbody>\n<\/table>\n<p>&nbsp;<\/p>\n<p><strong><b>Aplicaci\u00f3n<\/b><\/strong><strong><b>:<\/b><\/strong><strong><b> TMD (Terapia transd\u00e9rmica) <\/b><\/strong>Se puede utilizar como acelerador \u00fanico, como acelerador secundario o como donante de azufre en la mayor\u00eda de los elast\u00f3meros curados con azufre. Es abrasador y proporciona velocidades de curado r\u00e1pidas. Produce una excelente meseta de vulcanizaci\u00f3n con buena resistencia al envejecimiento por calor y a la deformaci\u00f3n por compresi\u00f3n en sistemas de curado sin azufre y EV. Se obtiene una buena retenci\u00f3n del color en la vulcanizaci\u00f3n no negra. Un acelerador secundario valioso para EPDM. Se puede utilizar como retardador en la vulcanizaci\u00f3n de caucho de policloropreno con ETU y tambi\u00e9n se puede utilizar como bactericida y pesticida.<\/p>\n<p><strong><b>Paquete<\/b><\/strong>:<strong><b>\u00a0<\/b><\/strong>Bolsa de papel de 25 kg o bolsa tejida de polipropileno revestida con una bolsa de pl\u00e1stico. O bien, se puede embalar seg\u00fan las necesidades (12 MT\/20&#039; FCL)<\/p>","protected":false},"excerpt":{"rendered":"<p>Nombre del producto: Acelerador de caucho TMTD<\/p>\n<p>N.\u00ba CAS: 137-26-8<\/p>\n<p>N\u00famero de modelo: C6H12N2S4<\/p>\n<p>N\u00famero EINECS: 205-286-2<\/p>\n<p>Apariencia: Polvo blanco<\/p>","protected":false},"featured_media":2217,"template":"","meta":{"_acf_changed":false,"_gspb_post_css":""},"product_brand":[],"product_cat":[62,72],"product_tag":[],"class_list":{"0":"post-3065","1":"product","2":"type-product","3":"status-publish","4":"has-post-thumbnail","6":"product_cat-rubberplastic-ingredients","7":"product_cat-rubber-accelerator","9":"first","10":"instock","11":"shipping-taxable","12":"product-type-simple"},"acf":[],"_links":{"self":[{"href":"https:\/\/wpachem.com\/es\/wp-json\/wp\/v2\/product\/3065","targetHints":{"allow":["GET"]}}],"collection":[{"href":"https:\/\/wpachem.com\/es\/wp-json\/wp\/v2\/product"}],"about":[{"href":"https:\/\/wpachem.com\/es\/wp-json\/wp\/v2\/types\/product"}],"version-history":[{"count":0,"href":"https:\/\/wpachem.com\/es\/wp-json\/wp\/v2\/product\/3065\/revisions"}],"wp:featuredmedia":[{"embeddable":true,"href":"https:\/\/wpachem.com\/es\/wp-json\/wp\/v2\/media\/2217"}],"wp:attachment":[{"href":"https:\/\/wpachem.com\/es\/wp-json\/wp\/v2\/media?parent=3065"}],"wp:term":[{"taxonomy":"product_brand","embeddable":true,"href":"https:\/\/wpachem.com\/es\/wp-json\/wp\/v2\/product_brand?post=3065"},{"taxonomy":"product_cat","embeddable":true,"href":"https:\/\/wpachem.com\/es\/wp-json\/wp\/v2\/product_cat?post=3065"},{"taxonomy":"product_tag","embeddable":true,"href":"https:\/\/wpachem.com\/es\/wp-json\/wp\/v2\/product_tag?post=3065"}],"curies":[{"name":"wp","href":"https:\/\/api.w.org\/{rel}","templated":true}]}}