{"id":3073,"date":"2022-09-14T05:38:23","date_gmt":"2022-09-14T05:38:23","guid":{"rendered":"http:\/\/site2.easyceotech.com\/?post_type=product&#038;p=3073"},"modified":"2024-03-12T08:08:03","modified_gmt":"2024-03-12T08:08:03","slug":"rubber-accelerator-mbs","status":"publish","type":"product","link":"https:\/\/wpachem.com\/es\/producto\/rubber-accelerator-mbs\/","title":{"rendered":"Acelerador de caucho MBS"},"content":{"rendered":"<p><strong>Nombre qu\u00edmico:<\/strong><strong>\u00a0<\/strong>Sulfonamida de N-oxidietilen-2-benzotiazol<\/p>\n<p><strong>F\u00f3rmula molecular: <\/strong>C<sub>11<\/sub>h<sub>12<\/sub>norte<sub>2<\/sub>S<sub>2<\/sub>oh<\/p>\n<p><strong>Peso molecular:<\/strong>253.35<\/p>\n<p><strong>NO CAS:<\/strong>102-77-2<\/p>\n<p>&nbsp;<\/p>\n<p><strong>Especificaci\u00f3n:<\/strong><\/p>\n<table>\n<tbody>\n<tr>\n<td width=\"250\">Art\u00edculo<\/td>\n<td width=\"288\">Cristal<\/td>\n<td width=\"254\">Gr\u00e1nulo<\/td>\n<\/tr>\n<tr>\n<td width=\"250\">Apariencia<\/td>\n<td colspan=\"2\" width=\"542\">Cristal (gr\u00e1nulo) de color amarillo claro o naranja<\/td>\n<\/tr>\n<tr>\n<td width=\"250\">MP inicial<sup>o<\/sup>C\u2265<\/td>\n<td width=\"288\">80.0<\/td>\n<td width=\"254\">80.0<\/td>\n<\/tr>\n<tr>\n<td width=\"250\">P\u00e9rdida por secado%\u2264<\/td>\n<td width=\"288\">0.30<\/td>\n<td width=\"254\">0.30<\/td>\n<\/tr>\n<tr>\n<td width=\"250\">Ceniza%\u2264<\/td>\n<td width=\"288\">0.30<\/td>\n<td width=\"254\">0.30<\/td>\n<\/tr>\n<tr>\n<td width=\"250\">Di\u00e1metro del gr\u00e1nulo, mm<\/td>\n<td width=\"288\">\\<\/td>\n<td width=\"254\">1.50<\/td>\n<\/tr>\n<\/tbody>\n<\/table>\n<p>&nbsp;<\/p>\n<p><strong>Propiedades:<\/strong>\u00a0Cristal (gr\u00e1nulo) de color amarillo claro o naranja. No es t\u00f3xico y tiene un ligero olor a amon\u00edaco. La densidad es de 1,34 a 1,40. Es soluble en benceno, acetona, cloroformo, insoluble en agua, \u00e1cidos y \u00e1lcalis en concentraciones m\u00e1s bajas.<\/p>\n<p><strong>Solicitud: <\/strong>Excelente acelerador retardado. El rendimiento es similar al del CZ con mejor seguridad frente a quemaduras. Se utiliza ampliamente en NR, IR, SBR, NBR y EPDM. Se puede utilizar solo o con otros aceleradores de vulcanizaci\u00f3n como tiuramas, guanidinas y ditiocarbamatos para mejorar la actividad. Se utiliza principalmente en la fabricaci\u00f3n de neum\u00e1ticos, zapatos y cinturones.<\/p>\n<p><strong>Embalaje:<\/strong>\u00a0Bolsa tejida de pl\u00e1stico de 25 kg, bolsa de papel con pel\u00edcula de pl\u00e1stico, bolsa de papel kraft o bolsa jumbo.<\/p>\n<p>&nbsp;<\/p>\n<p><strong>Almacenamiento: <\/strong>El producto debe almacenarse en un lugar seco y fresco con buena ventilaci\u00f3n, evitando la exposici\u00f3n del producto envasado a la luz solar directa. La validez es de 1 a\u00f1o.<\/p>\n<p>&nbsp;<\/p>","protected":false},"excerpt":{"rendered":"<p>Nombre del producto: Acelerador de caucho MBS<\/p>\n<p>N.\u00ba CAS: 102-77-2<\/p>\n<p>N\u00famero de modelo: C11H12N2OS2<\/p>\n<p>N\u00famero EINECS: 203-052-4<\/p>\n<p>Aspecto: Cristal (gr\u00e1nulo) de color amarillo claro o naranja.<\/p>","protected":false},"featured_media":3079,"template":"","meta":{"_acf_changed":false,"_gspb_post_css":""},"product_brand":[],"product_cat":[62,72],"product_tag":[],"class_list":{"0":"post-3073","1":"product","2":"type-product","3":"status-publish","4":"has-post-thumbnail","6":"product_cat-rubberplastic-ingredients","7":"product_cat-rubber-accelerator","9":"first","10":"instock","11":"shipping-taxable","12":"product-type-simple"},"acf":[],"_links":{"self":[{"href":"https:\/\/wpachem.com\/es\/wp-json\/wp\/v2\/product\/3073","targetHints":{"allow":["GET"]}}],"collection":[{"href":"https:\/\/wpachem.com\/es\/wp-json\/wp\/v2\/product"}],"about":[{"href":"https:\/\/wpachem.com\/es\/wp-json\/wp\/v2\/types\/product"}],"version-history":[{"count":0,"href":"https:\/\/wpachem.com\/es\/wp-json\/wp\/v2\/product\/3073\/revisions"}],"wp:featuredmedia":[{"embeddable":true,"href":"https:\/\/wpachem.com\/es\/wp-json\/wp\/v2\/media\/3079"}],"wp:attachment":[{"href":"https:\/\/wpachem.com\/es\/wp-json\/wp\/v2\/media?parent=3073"}],"wp:term":[{"taxonomy":"product_brand","embeddable":true,"href":"https:\/\/wpachem.com\/es\/wp-json\/wp\/v2\/product_brand?post=3073"},{"taxonomy":"product_cat","embeddable":true,"href":"https:\/\/wpachem.com\/es\/wp-json\/wp\/v2\/product_cat?post=3073"},{"taxonomy":"product_tag","embeddable":true,"href":"https:\/\/wpachem.com\/es\/wp-json\/wp\/v2\/product_tag?post=3073"}],"curies":[{"name":"wp","href":"https:\/\/api.w.org\/{rel}","templated":true}]}}