{"id":3085,"date":"2022-09-14T05:42:05","date_gmt":"2022-09-14T05:42:05","guid":{"rendered":"http:\/\/site2.easyceotech.com\/?post_type=product&#038;p=3085"},"modified":"2024-03-12T08:07:58","modified_gmt":"2024-03-12T08:07:58","slug":"rubber-accelerator-etu","status":"publish","type":"product","link":"https:\/\/wpachem.com\/es\/producto\/rubber-accelerator-etu\/","title":{"rendered":"ETU de acelerador de caucho"},"content":{"rendered":"<p><strong>Nombre qu\u00edmico: <\/strong>1,3-Etileno tiourea<\/p>\n<p><strong>F\u00f3rmula molecular: <\/strong>C<sub>3<\/sub>h<sub>6<\/sub>norte<sub>2<\/sub>S<\/p>\n<p><strong>Peso molecular: <\/strong>102.17<\/p>\n<p><strong>NO CAS: <\/strong>96-45-7<\/p>\n<p>&nbsp;<\/p>\n<p><strong>Especificaci\u00f3n:<\/strong><\/p>\n<table>\n<tbody>\n<tr>\n<td width=\"413\"><strong>Art\u00edculo<\/strong><\/td>\n<td width=\"192\"><strong>Polvo<\/strong><\/td>\n<td width=\"233\"><strong>Polvo aceitado<\/strong><\/td>\n<\/tr>\n<tr>\n<td width=\"413\"><strong>Apariencia<\/strong><\/td>\n<td colspan=\"2\" width=\"426\">polvo blanco<\/td>\n<\/tr>\n<tr>\n<td width=\"413\"><strong>MP\u2103 inicial\u2265<\/strong><\/td>\n<td width=\"192\">195.0<\/td>\n<td width=\"233\">195.0<\/td>\n<\/tr>\n<tr>\n<td width=\"413\"><strong>P\u00e9rdida por secado % \u2264<\/strong><\/td>\n<td width=\"192\">0.30<\/td>\n<td width=\"233\">0.50<\/td>\n<\/tr>\n<tr>\n<td width=\"413\"><strong>Ceniza % \u2264<\/strong><\/td>\n<td width=\"192\">0.30<\/td>\n<td width=\"233\">0.30<\/td>\n<\/tr>\n<tr>\n<td width=\"413\"><strong>Residuos en tamiz de 150 \u03bcm, % \u2264<\/strong><\/td>\n<td width=\"192\">0.10<\/td>\n<td width=\"233\">0.10<\/td>\n<\/tr>\n<tr>\n<td width=\"413\"><strong>Residuos en 63\u03bcm), % \u2264<\/strong><\/td>\n<td width=\"192\">0.50<\/td>\n<td width=\"233\">0.50<\/td>\n<\/tr>\n<tr>\n<td width=\"413\"><strong>Aditivo, %<\/strong><\/td>\n<td width=\"192\">\\<\/td>\n<td width=\"233\">0.1-2.0<\/td>\n<\/tr>\n<\/tbody>\n<\/table>\n<p>&nbsp;<\/p>\n<p><strong>Propiedades: <\/strong>Polvo blanco. Un poco amargo. Densidad 2,00. Soluble en alcohol, ligeramente soluble en agua. No contamina los productos finales. Almacenamiento de estabilizaci\u00f3n.<\/p>\n<p><strong>Solicitud: <\/strong>El ETU tiene poca tendencia a quemarse, un alto grado de seguridad de procesamiento y permite lograr una vulcanizaci\u00f3n adecuada r\u00e1pidamente a temperaturas de vulcanizaci\u00f3n normales. Presenta caracter\u00edsticas cin\u00e9ticas de vulcanizaci\u00f3n y proporciona vulcanizaci\u00f3n con excelentes propiedades f\u00edsicas (alta resistencia a la tracci\u00f3n, baja deformaci\u00f3n permanente por compresi\u00f3n, gran plasticidad y buena resistencia al calor).<\/p>\n<p><strong>Embalaje:<\/strong>\u00a0Bolsa de pl\u00e1stico tejida de 25 kg, bolsa de papel con pel\u00edcula de pl\u00e1stico, bolsa de papel kraft<\/p>\n<p><strong>Almacenamiento:<\/strong> El producto debe almacenarse en un lugar seco y fresco con buena ventilaci\u00f3n, evitando la exposici\u00f3n del producto envasado a la luz solar directa. La validez es de 1 a\u00f1o en condiciones normales.<\/p>","protected":false},"excerpt":{"rendered":"<p>Nombre del producto: Acelerador de caucho ETU<\/p>\n<p>N.\u00ba CAS: 96-45-7<\/p>\n<p>MF: C3H6N2S<\/p>\n<p>N\u00famero EINECS: 202-506-9<\/p>\n<p>Apariencia: Polvo blanco<\/p>","protected":false},"featured_media":2176,"template":"","meta":{"_acf_changed":false,"_gspb_post_css":""},"product_brand":[],"product_cat":[62,72],"product_tag":[],"class_list":{"0":"post-3085","1":"product","2":"type-product","3":"status-publish","4":"has-post-thumbnail","6":"product_cat-rubberplastic-ingredients","7":"product_cat-rubber-accelerator","9":"first","10":"instock","11":"shipping-taxable","12":"product-type-simple"},"acf":[],"_links":{"self":[{"href":"https:\/\/wpachem.com\/es\/wp-json\/wp\/v2\/product\/3085","targetHints":{"allow":["GET"]}}],"collection":[{"href":"https:\/\/wpachem.com\/es\/wp-json\/wp\/v2\/product"}],"about":[{"href":"https:\/\/wpachem.com\/es\/wp-json\/wp\/v2\/types\/product"}],"version-history":[{"count":0,"href":"https:\/\/wpachem.com\/es\/wp-json\/wp\/v2\/product\/3085\/revisions"}],"wp:featuredmedia":[{"embeddable":true,"href":"https:\/\/wpachem.com\/es\/wp-json\/wp\/v2\/media\/2176"}],"wp:attachment":[{"href":"https:\/\/wpachem.com\/es\/wp-json\/wp\/v2\/media?parent=3085"}],"wp:term":[{"taxonomy":"product_brand","embeddable":true,"href":"https:\/\/wpachem.com\/es\/wp-json\/wp\/v2\/product_brand?post=3085"},{"taxonomy":"product_cat","embeddable":true,"href":"https:\/\/wpachem.com\/es\/wp-json\/wp\/v2\/product_cat?post=3085"},{"taxonomy":"product_tag","embeddable":true,"href":"https:\/\/wpachem.com\/es\/wp-json\/wp\/v2\/product_tag?post=3085"}],"curies":[{"name":"wp","href":"https:\/\/api.w.org\/{rel}","templated":true}]}}