{"id":3087,"date":"2022-09-14T05:50:27","date_gmt":"2022-09-14T05:50:27","guid":{"rendered":"http:\/\/site2.easyceotech.com\/?post_type=product&#038;p=3087"},"modified":"2024-03-12T08:07:54","modified_gmt":"2024-03-12T08:07:54","slug":"rubber-accelerator-zdbc","status":"publish","type":"product","link":"https:\/\/wpachem.com\/es\/producto\/rubber-accelerator-zdbc\/","title":{"rendered":"Acelerador de caucho ZDBC"},"content":{"rendered":"<p><strong>Nombre qu\u00edmico:<\/strong>\u00a0Dibutil ditiocarbamato de zinc<\/p>\n<p><strong>F\u00f3rmula molecular:<\/strong>\u00a0C<sub>18<\/sub>h<sub>36<\/sub>norte<sub>2<\/sub>S<sub>4<\/sub>Zinc<\/p>\n<p><strong>Peso molecular:<\/strong>\u00a0474.1<\/p>\n<p><strong>NO CAS:<\/strong>\u00a0136-23-2<\/p>\n<p>&nbsp;<\/p>\n<p><strong>Especificaci\u00f3n:<\/strong><\/p>\n<table>\n<tbody>\n<tr>\n<td width=\"322\">Art\u00edculo<\/td>\n<td width=\"150\">Polvo<\/td>\n<td width=\"172\">Polvo aceitado<\/td>\n<td width=\"163\">Gr\u00e1nulo<\/td>\n<\/tr>\n<tr>\n<td width=\"322\">Apariencia<\/td>\n<td colspan=\"3\" width=\"485\">Polvo blanco (gr\u00e1nulo)<\/td>\n<\/tr>\n<tr>\n<td width=\"322\">MP inicial \u2103 \u2265<\/td>\n<td width=\"150\">104.0<\/td>\n<td width=\"172\">104.0<\/td>\n<td width=\"163\">104.0<\/td>\n<\/tr>\n<tr>\n<td width=\"322\">P\u00e9rdida por secado % \u2264<\/td>\n<td width=\"150\">0.30<\/td>\n<td width=\"172\">0.50<\/td>\n<td width=\"163\">0.30<\/td>\n<\/tr>\n<tr>\n<td width=\"322\">Contenido de zinc %<\/td>\n<td width=\"150\">13.0-15.0<\/td>\n<td width=\"172\">13.0-15.0<\/td>\n<td width=\"163\">13.0-15.0<\/td>\n<\/tr>\n<tr>\n<td width=\"322\">Residuo en tamiz de 150 \u03bcm % \u2264<\/td>\n<td width=\"150\">0.10<\/td>\n<td width=\"172\">0.10<\/td>\n<td width=\"163\">\\<\/td>\n<\/tr>\n<tr>\n<td width=\"322\">Residuo en tamiz de 63 \u03bcm % \u2264<\/td>\n<td width=\"150\">0.50<\/td>\n<td width=\"172\">0.50<\/td>\n<td width=\"163\">\\<\/td>\n<\/tr>\n<tr>\n<td width=\"322\">Contenido de zinc soluble % \u2264<\/td>\n<td width=\"150\">0.01<\/td>\n<td width=\"172\">0.01<\/td>\n<td width=\"163\">0.01<\/td>\n<\/tr>\n<tr>\n<td width=\"322\">Aditivo %<\/td>\n<td width=\"150\">\\<\/td>\n<td width=\"172\">0.1-2.0<\/td>\n<td width=\"163\">\\<\/td>\n<\/tr>\n<tr>\n<td width=\"322\">Di\u00e1metro del gr\u00e1nulo mm<\/td>\n<td width=\"150\">\\<\/td>\n<td width=\"172\">\\<\/td>\n<td width=\"163\">1.50<\/td>\n<\/tr>\n<\/tbody>\n<\/table>\n<p>&nbsp;<\/p>\n<p><strong>Propiedades: <\/strong>Polvo blanco (gr\u00e1nulo). La densidad es 1,24. Soluble en CS2, benceno, cloroformo, alcohol, \u00e9ter diet\u00edlico, insoluble en agua y \u00e1lcalis de baja concentraci\u00f3n. Buena estabilidad de almacenamiento.<\/p>\n<p><strong>Solicitud: <\/strong>Se utiliza como ultraacelerador primario o secundario en NR, IR, BR, SBR, NBR, HR, EPDM y sus l\u00e1tex. Propiedades similares a las de PZ y EZ. Menores efectos aceleradores que PZ y EZ para secar caucho. Se utiliza de manera eficaz tanto en l\u00e1tex naturales como sint\u00e9ticos para un curado m\u00e1s r\u00e1pido a temperatura normal (baja) que con PZ y EZ, y menos quemaduras y eflorescencias.<\/p>\n<p><strong>Embalaje:<\/strong>Bolsa de pl\u00e1stico tejida de 25 kg, bolsa de papel con pel\u00edcula de pl\u00e1stico, bolsa de papel kraft o bolsa gigante<\/p>\n<p><strong>Almacenamiento: <\/strong>El producto debe almacenarse en un lugar seco y fresco, con buena ventilaci\u00f3n, evitando la exposici\u00f3n del producto envasado a la luz solar directa. La validez es de 2 a\u00f1os.<\/p>\n<p>&nbsp;<\/p>","protected":false},"excerpt":{"rendered":"<p>Nombre del producto: Acelerador de caucho ZDBC<\/p>\n<p>N.\u00ba CAS: 136-23-2<\/p>\n<p>N\u00famero de modelo: C18H36N2S4Zn<\/p>\n<p>N\u00famero EINECS: 205-232-8<\/p>\n<p>Aspecto: Polvo blanco (gr\u00e1nulo)<\/p>","protected":false},"featured_media":2182,"template":"","meta":{"_acf_changed":false,"_gspb_post_css":""},"product_brand":[],"product_cat":[62,72],"product_tag":[],"class_list":{"0":"post-3087","1":"product","2":"type-product","3":"status-publish","4":"has-post-thumbnail","6":"product_cat-rubberplastic-ingredients","7":"product_cat-rubber-accelerator","9":"first","10":"instock","11":"shipping-taxable","12":"product-type-simple"},"acf":[],"_links":{"self":[{"href":"https:\/\/wpachem.com\/es\/wp-json\/wp\/v2\/product\/3087","targetHints":{"allow":["GET"]}}],"collection":[{"href":"https:\/\/wpachem.com\/es\/wp-json\/wp\/v2\/product"}],"about":[{"href":"https:\/\/wpachem.com\/es\/wp-json\/wp\/v2\/types\/product"}],"version-history":[{"count":0,"href":"https:\/\/wpachem.com\/es\/wp-json\/wp\/v2\/product\/3087\/revisions"}],"wp:featuredmedia":[{"embeddable":true,"href":"https:\/\/wpachem.com\/es\/wp-json\/wp\/v2\/media\/2182"}],"wp:attachment":[{"href":"https:\/\/wpachem.com\/es\/wp-json\/wp\/v2\/media?parent=3087"}],"wp:term":[{"taxonomy":"product_brand","embeddable":true,"href":"https:\/\/wpachem.com\/es\/wp-json\/wp\/v2\/product_brand?post=3087"},{"taxonomy":"product_cat","embeddable":true,"href":"https:\/\/wpachem.com\/es\/wp-json\/wp\/v2\/product_cat?post=3087"},{"taxonomy":"product_tag","embeddable":true,"href":"https:\/\/wpachem.com\/es\/wp-json\/wp\/v2\/product_tag?post=3087"}],"curies":[{"name":"wp","href":"https:\/\/api.w.org\/{rel}","templated":true}]}}