{"id":3089,"date":"2022-09-14T06:11:26","date_gmt":"2022-09-14T06:11:26","guid":{"rendered":"http:\/\/site2.easyceotech.com\/?post_type=product&#038;p=3089"},"modified":"2024-03-12T08:07:51","modified_gmt":"2024-03-12T08:07:51","slug":"rubber-accelerator-zdec-ez","status":"publish","type":"product","link":"https:\/\/wpachem.com\/es\/producto\/rubber-accelerator-zdec-ez\/","title":{"rendered":"Acelerador de caucho ZDEC (EZ)"},"content":{"rendered":"<p><strong>Nombre qu\u00edmico:\u00a0<\/strong>Dietilditiocarbamato de zinc<\/p>\n<p><strong>F\u00f3rmula molecular:<\/strong>C<sub>10<\/sub>h<sub>2<\/sub>0N<sub>2<\/sub>S<sub>4<\/sub>Zinc<\/p>\n<p><strong>Peso molecular:<\/strong>361.9<\/p>\n<p><strong>NO CAS.:<\/strong>14324-55-1<\/p>\n<p>&nbsp;<\/p>\n<p><strong>Especificaci\u00f3n:<\/strong><\/p>\n<table>\n<tbody>\n<tr>\n<td width=\"311\">Art\u00edculo<\/td>\n<td width=\"114\">Polvo<\/td>\n<td width=\"213\">Polvo aceitado<\/td>\n<td width=\"213\">Gr\u00e1nulo<\/td>\n<\/tr>\n<tr>\n<td width=\"311\">Apariencia<\/td>\n<td colspan=\"3\" width=\"540\">Polvo blanco (gr\u00e1nulo)<\/td>\n<\/tr>\n<tr>\n<td width=\"311\">MP\u03bfC inicial \u2265<\/td>\n<td width=\"114\">174.0<\/td>\n<td width=\"213\">174.0<\/td>\n<td width=\"213\">174.0<\/td>\n<\/tr>\n<tr>\n<td width=\"311\">P\u00e9rdida por secado%\u2264<\/td>\n<td width=\"114\">0.30<\/td>\n<td width=\"213\">0.50<\/td>\n<td width=\"213\">0.30<\/td>\n<\/tr>\n<tr>\n<td width=\"311\">Contenido de zinc%<\/td>\n<td width=\"114\">17.0-19.0<\/td>\n<td width=\"213\">17.0-19.0<\/td>\n<td width=\"213\">17.0-19.0<\/td>\n<\/tr>\n<tr>\n<td width=\"311\">Residuos en tamiz de 150 \u03bcm, %\u2264<\/td>\n<td width=\"114\">0.10<\/td>\n<td width=\"213\">0.10<\/td>\n<td width=\"213\">\/<\/td>\n<\/tr>\n<tr>\n<td width=\"311\">Residuos en 63\u03bcm), %\u2264<\/td>\n<td width=\"114\">0.50<\/td>\n<td width=\"213\">0.50<\/td>\n<td width=\"213\">\/<\/td>\n<\/tr>\n<tr>\n<td width=\"311\">Contenido de zinc soluble, %\u2264<\/td>\n<td width=\"114\">0.01<\/td>\n<td width=\"213\">0.01<\/td>\n<td width=\"213\">0.01<\/td>\n<\/tr>\n<tr>\n<td width=\"311\">Aditivo, %<\/td>\n<td width=\"114\">\/<\/td>\n<td width=\"213\">0.1-2.0<\/td>\n<td width=\"213\">\/<\/td>\n<\/tr>\n<tr>\n<td width=\"311\">Di\u00e1metro del gr\u00e1nulo, mm<\/td>\n<td width=\"114\">\/<\/td>\n<td width=\"213\">\/<\/td>\n<td width=\"213\">1.0-3.0<\/td>\n<\/tr>\n<\/tbody>\n<\/table>\n<p>&nbsp;<\/p>\n<p><strong>Propiedades: <\/strong>Polvo blanco (gr\u00e1nulo). Densidad 1,41. Soluble en soluci\u00f3n de NaOH 1%, CS2, benceno, cloroformo, ligeramente soluble en alcohol, insoluble en gasolina.<\/p>\n<p><strong>Solicitud: <\/strong>Se utiliza para NR, IR, SR, SBR, NBR, EPDM y sus l\u00e1texes. Ultraacelerador primario o secundario de curado r\u00e1pido y eficaz para compuestos de l\u00e1tex sint\u00e9tico y natural. Se puede utilizar de forma ventajosa para productos sumergidos, esparcidos y fundidos. Propiedades similares a las del PZ. Menor resistencia al quemado que el PZ y muestra una ligera tendencia a la vulcanizaci\u00f3n prematura. Antioxidante en sistemas adhesivos<\/p>\n<p><strong>Embalaje:<\/strong>Bolsa de pl\u00e1stico tejida de 25 kg, bolsa de papel con pel\u00edcula de pl\u00e1stico, bolsa de papel kraft<\/p>\n<p><strong>Almacenamiento: <\/strong>El producto debe almacenarse en un lugar seco y fresco con buena ventilaci\u00f3n, evitando la exposici\u00f3n del producto envasado a la luz solar directa. La validez es de 2 a\u00f1os.<\/p>","protected":false},"excerpt":{"rendered":"<p>Nombre del producto: Acelerador de caucho ZDEC (EZ)<\/p>\n<p>N.\u00ba CAS: 14324-55-1<\/p>\n<p>N\u00famero de modelo: C10H20N2S4Zn<\/p>\n<p>N\u00famero EINECS: 238-270-9<\/p>\n<p>Aspecto: Polvo blanco (gr\u00e1nulo)<\/p>","protected":false},"featured_media":2103,"template":"","meta":{"_acf_changed":false,"_gspb_post_css":""},"product_brand":[],"product_cat":[62,72],"product_tag":[],"class_list":{"0":"post-3089","1":"product","2":"type-product","3":"status-publish","4":"has-post-thumbnail","6":"product_cat-rubberplastic-ingredients","7":"product_cat-rubber-accelerator","9":"first","10":"instock","11":"shipping-taxable","12":"product-type-simple"},"acf":[],"_links":{"self":[{"href":"https:\/\/wpachem.com\/es\/wp-json\/wp\/v2\/product\/3089","targetHints":{"allow":["GET"]}}],"collection":[{"href":"https:\/\/wpachem.com\/es\/wp-json\/wp\/v2\/product"}],"about":[{"href":"https:\/\/wpachem.com\/es\/wp-json\/wp\/v2\/types\/product"}],"version-history":[{"count":0,"href":"https:\/\/wpachem.com\/es\/wp-json\/wp\/v2\/product\/3089\/revisions"}],"wp:featuredmedia":[{"embeddable":true,"href":"https:\/\/wpachem.com\/es\/wp-json\/wp\/v2\/media\/2103"}],"wp:attachment":[{"href":"https:\/\/wpachem.com\/es\/wp-json\/wp\/v2\/media?parent=3089"}],"wp:term":[{"taxonomy":"product_brand","embeddable":true,"href":"https:\/\/wpachem.com\/es\/wp-json\/wp\/v2\/product_brand?post=3089"},{"taxonomy":"product_cat","embeddable":true,"href":"https:\/\/wpachem.com\/es\/wp-json\/wp\/v2\/product_cat?post=3089"},{"taxonomy":"product_tag","embeddable":true,"href":"https:\/\/wpachem.com\/es\/wp-json\/wp\/v2\/product_tag?post=3089"}],"curies":[{"name":"wp","href":"https:\/\/api.w.org\/{rel}","templated":true}]}}