{"id":3092,"date":"2022-09-14T06:20:03","date_gmt":"2022-09-14T06:20:03","guid":{"rendered":"http:\/\/site2.easyceotech.com\/?post_type=product&#038;p=3092"},"modified":"2024-03-12T08:07:47","modified_gmt":"2024-03-12T08:07:47","slug":"rubber-accelerator-dpg","status":"publish","type":"product","link":"https:\/\/wpachem.com\/es\/producto\/rubber-accelerator-dpg\/","title":{"rendered":"Acelerador de caucho DPG"},"content":{"rendered":"<p><strong>Nombre qu\u00edmico: <\/strong>Difenilguanidina<\/p>\n<p><strong>F\u00f3rmula molecular:<\/strong>\u00a0C<sub>13<\/sub>h<sub>13<\/sub>norte<sub>3<\/sub><\/p>\n<p><strong>Peso molecular: <\/strong>211.27<\/p>\n<p><strong>Calidad estandar: <\/strong>HG\/T2342-92<\/p>\n<p><strong>NO CAS: <\/strong>102-06-7<\/p>\n<p>&nbsp;<\/p>\n<p><strong>Especificaci\u00f3n:\u00a0<\/strong><\/p>\n<table>\n<tbody>\n<tr>\n<td width=\"277\">Art\u00edculo<\/td>\n<td width=\"195\">Polvo<\/td>\n<td width=\"165\">Polvo aceitado<\/td>\n<td width=\"134\">Gr\u00e1nulo<\/td>\n<\/tr>\n<tr>\n<td width=\"277\">Art\u00edculo<\/td>\n<td colspan=\"3\" width=\"494\">Polvo (gr\u00e1nulo) de color blanco gris\u00e1ceo<\/td>\n<\/tr>\n<tr>\n<td width=\"277\">MP inicial \u2103 \u2265<\/td>\n<td width=\"195\">145.0<\/td>\n<td width=\"165\">145.0<\/td>\n<td width=\"134\">145.0<\/td>\n<\/tr>\n<tr>\n<td width=\"277\">P\u00e9rdida por secado % \u2264<\/td>\n<td width=\"195\">0.30<\/td>\n<td width=\"165\">0.50<\/td>\n<td width=\"134\">0.30<\/td>\n<\/tr>\n<tr>\n<td width=\"277\">Ceniza % \u2264<\/td>\n<td width=\"195\">0.30<\/td>\n<td width=\"165\">0.30<\/td>\n<td width=\"134\">0.30<\/td>\n<\/tr>\n<tr>\n<td width=\"277\">Residuo en tamiz de 150 \u03bcm % \u2264<\/td>\n<td width=\"195\">0.10<\/td>\n<td width=\"165\">0.10<\/td>\n<td width=\"134\">\\<\/td>\n<\/tr>\n<tr>\n<td width=\"277\">Residuo en tamiz de 63 \u03bcm % \u2264<\/td>\n<td width=\"195\">0.50<\/td>\n<td width=\"165\">0.50<\/td>\n<td width=\"134\">\\<\/td>\n<\/tr>\n<tr>\n<td width=\"277\">Aditivo %<\/td>\n<td width=\"195\">\\<\/td>\n<td width=\"165\">0.1-2.0<\/td>\n<td width=\"134\">\\<\/td>\n<\/tr>\n<tr>\n<td width=\"277\">Di\u00e1metro del gr\u00e1nulo mm<\/td>\n<td width=\"195\">\\<\/td>\n<td width=\"165\">\\<\/td>\n<td width=\"134\">1.50<\/td>\n<\/tr>\n<\/tbody>\n<\/table>\n<p>&nbsp;<\/p>\n<p><strong>Propiedades:<\/strong> Polvo (gr\u00e1nulo) de color blanco gris\u00e1ceo. Sin sabor ni veneno. La densidad es de 1,08 a 1,19. Soluble en acetona, acetato de etilo, benceno, alcohol, ligeramente soluble en CCl4; insoluble en agua y gasolina.<\/p>\n<p><strong>Solicitud:<\/strong>\u00a0Se utiliza como acelerador secundario con tiazoles y sulfenamidas en compuestos NR y SBR. Presenta una mejor estabilidad en almacenamiento en comparaci\u00f3n con el tiuram y los ditiocarbamatos, pero no es tan activo. El DPG se puede utilizar en l\u00e1tex como agente gelificante secundario (estabilizador de espuma) en el proceso de espuma de silicofluoruro.<\/p>\n<p><strong>Embalaje:<\/strong>\u00a0Bolsa tejida de pl\u00e1stico de 25 kg, bolsa de papel con pel\u00edcula de pl\u00e1stico, bolsa de papel kraft o bolsa jumbo.<\/p>\n<p><strong>Almacenamiento: <\/strong>Mantener el envase bien cerrado en un lugar fresco y bien ventilado. La vida \u00fatil m\u00e1xima recomendada es de 2 a\u00f1os cuando se almacena en condiciones normales.<\/p>","protected":false},"excerpt":{"rendered":"<p>Nombre del producto: Acelerador de caucho DPG<\/p>\n<p>N.\u00ba CAS: 102-06-7<\/p>\n<p>MF: C13H13N3<\/p>\n<p>N\u00famero EINECS: 203-002-1<\/p>\n<p>Aspecto: Polvo (gr\u00e1nulo) de color blanco gris\u00e1ceo<\/p>","protected":false},"featured_media":2218,"template":"","meta":{"_acf_changed":false,"_gspb_post_css":""},"product_brand":[],"product_cat":[62,72],"product_tag":[],"class_list":{"0":"post-3092","1":"product","2":"type-product","3":"status-publish","4":"has-post-thumbnail","6":"product_cat-rubberplastic-ingredients","7":"product_cat-rubber-accelerator","9":"first","10":"instock","11":"shipping-taxable","12":"product-type-simple"},"acf":[],"_links":{"self":[{"href":"https:\/\/wpachem.com\/es\/wp-json\/wp\/v2\/product\/3092","targetHints":{"allow":["GET"]}}],"collection":[{"href":"https:\/\/wpachem.com\/es\/wp-json\/wp\/v2\/product"}],"about":[{"href":"https:\/\/wpachem.com\/es\/wp-json\/wp\/v2\/types\/product"}],"version-history":[{"count":0,"href":"https:\/\/wpachem.com\/es\/wp-json\/wp\/v2\/product\/3092\/revisions"}],"wp:featuredmedia":[{"embeddable":true,"href":"https:\/\/wpachem.com\/es\/wp-json\/wp\/v2\/media\/2218"}],"wp:attachment":[{"href":"https:\/\/wpachem.com\/es\/wp-json\/wp\/v2\/media?parent=3092"}],"wp:term":[{"taxonomy":"product_brand","embeddable":true,"href":"https:\/\/wpachem.com\/es\/wp-json\/wp\/v2\/product_brand?post=3092"},{"taxonomy":"product_cat","embeddable":true,"href":"https:\/\/wpachem.com\/es\/wp-json\/wp\/v2\/product_cat?post=3092"},{"taxonomy":"product_tag","embeddable":true,"href":"https:\/\/wpachem.com\/es\/wp-json\/wp\/v2\/product_tag?post=3092"}],"curies":[{"name":"wp","href":"https:\/\/api.w.org\/{rel}","templated":true}]}}