{"id":3094,"date":"2022-09-14T06:32:34","date_gmt":"2022-09-14T06:32:34","guid":{"rendered":"http:\/\/site2.easyceotech.com\/?post_type=product&#038;p=3094"},"modified":"2024-03-12T08:07:41","modified_gmt":"2024-03-12T08:07:41","slug":"rubber-accelerator-tbbsns","status":"publish","type":"product","link":"https:\/\/wpachem.com\/es\/producto\/rubber-accelerator-tbbsns\/","title":{"rendered":"Acelerador de caucho TBBS(NS)"},"content":{"rendered":"<p><strong>Nombre qu\u00edmico:\u00a0<\/strong>N-terciarbutil-2-benzotiazol sulfenamida<\/p>\n<p><strong>F\u00f3rmula molecular:<\/strong>C<sub>11<\/sub>h<sub>14<\/sub>norte<sub>2<\/sub>S<sub>2<\/sub><\/p>\n<p><strong>Peso molecular:<\/strong>238.37<\/p>\n<p><strong>Calidad estandar: <\/strong>HG\/T2744-96<\/p>\n<p><strong>NO CAS:<\/strong>95-31-8<\/p>\n<p>&nbsp;<\/p>\n<p><strong>Especificaci\u00f3n:<\/strong><\/p>\n<table>\n<tbody>\n<tr>\n<td width=\"298\">Art\u00edculo<\/td>\n<td width=\"136\">Polvo<\/td>\n<td width=\"150\">Polvo aceitado<\/td>\n<td width=\"155\">Gr\u00e1nulo<\/td>\n<\/tr>\n<tr>\n<td width=\"298\">Apariencia<\/td>\n<td colspan=\"3\" width=\"442\">Polvo blanco gris\u00e1ceo (gr\u00e1nulo)<\/td>\n<\/tr>\n<tr>\n<td width=\"298\">MP inicial \u2103 \u2265<\/td>\n<td width=\"136\">105.0<\/td>\n<td width=\"150\">105.0<\/td>\n<td width=\"155\">105.0<\/td>\n<\/tr>\n<tr>\n<td width=\"298\">P\u00e9rdida por secado % \u2264<\/td>\n<td width=\"136\">0.30<\/td>\n<td width=\"150\">0.50<\/td>\n<td width=\"155\">0.30<\/td>\n<\/tr>\n<tr>\n<td width=\"298\">Ceniza % \u2264<\/td>\n<td width=\"136\">0.30<\/td>\n<td width=\"150\">0.30<\/td>\n<td width=\"155\">0.30<\/td>\n<\/tr>\n<tr>\n<td width=\"298\">Residuo en tamiz de 150 \u03bcm % \u2264<\/td>\n<td width=\"136\">0.10<\/td>\n<td width=\"150\">0.10<\/td>\n<td width=\"155\">\\<\/td>\n<\/tr>\n<tr>\n<td width=\"298\">Residuo en tamiz de 63\u03bcm % \u2264<\/td>\n<td width=\"136\">0.50<\/td>\n<td width=\"150\">0.50<\/td>\n<td width=\"155\">\\<\/td>\n<\/tr>\n<tr>\n<td width=\"298\">Aditivo %<\/td>\n<td width=\"136\">\\<\/td>\n<td width=\"150\">0.1-2.0<\/td>\n<td width=\"155\">\\<\/td>\n<\/tr>\n<tr>\n<td width=\"298\">Di\u00e1metro del gr\u00e1nulo mm<\/td>\n<td width=\"136\">\\<\/td>\n<td width=\"150\">\\<\/td>\n<td width=\"155\">1.0-3.0<\/td>\n<\/tr>\n<\/tbody>\n<\/table>\n<p>&nbsp;<\/p>\n<p><strong>Propiedades: <\/strong>Polvo blanco gris\u00e1ceo (gr\u00e1nulo). La densidad es 1,26-1,32. soluble en benceno, CS2, alcohol met\u00edlico, acetona. cloroformo, alcohol, insoluble en gasolina, agua, \u00e1cidos y \u00e1lcalis con menor concentraci\u00f3n<\/p>\n<p><strong>Solicitud: <\/strong>Proporciona una tasa de curado r\u00e1pida y un desarrollo de alto m\u00f3dulo en NR, SBR, BR y mezclas. Normalmente se utiliza solo o con peque\u00f1as cantidades de ultraaceleradores en compuestos para neum\u00e1ticos o productos de caucho industriales de bajo veneno y alta eficiencia. Es un buen respaldo para NOBS. Ser considerado como acelerador est\u00e1ndar.<\/p>\n<p><strong>Embalaje: <\/strong>Bolsa tejida de pl\u00e1stico de 25 kg, bolsa de papel con pel\u00edcula pl\u00e1stica, bolsa de papel kraft o bolsa gigante<\/p>\n<p><strong>Almacenamiento:<\/strong> El producto debe almacenarse en un lugar seco y fresco con buena ventilaci\u00f3n, evitando la exposici\u00f3n del producto envasado a la luz solar directa. La validez es de 1 a\u00f1o.<\/p>","protected":false},"excerpt":{"rendered":"<p>Nombre del producto: Acelerador de goma TBBS (NS)<\/p>\n<p>N\u00famero CAS: 95-31-8<\/p>\n<p>MF: C11H14N2S2<\/p>\n<p>N\u00famero EINECS: 202-409-1<\/p>\n<p>Aspecto: Polvo gris-blanco (gr\u00e1nulo)<\/p>","protected":false},"featured_media":2217,"template":"","meta":{"_acf_changed":false,"_gspb_post_css":""},"product_brand":[],"product_cat":[62,72],"product_tag":[],"class_list":{"0":"post-3094","1":"product","2":"type-product","3":"status-publish","4":"has-post-thumbnail","6":"product_cat-rubberplastic-ingredients","7":"product_cat-rubber-accelerator","9":"first","10":"instock","11":"shipping-taxable","12":"product-type-simple"},"acf":[],"_links":{"self":[{"href":"https:\/\/wpachem.com\/es\/wp-json\/wp\/v2\/product\/3094","targetHints":{"allow":["GET"]}}],"collection":[{"href":"https:\/\/wpachem.com\/es\/wp-json\/wp\/v2\/product"}],"about":[{"href":"https:\/\/wpachem.com\/es\/wp-json\/wp\/v2\/types\/product"}],"version-history":[{"count":0,"href":"https:\/\/wpachem.com\/es\/wp-json\/wp\/v2\/product\/3094\/revisions"}],"wp:featuredmedia":[{"embeddable":true,"href":"https:\/\/wpachem.com\/es\/wp-json\/wp\/v2\/media\/2217"}],"wp:attachment":[{"href":"https:\/\/wpachem.com\/es\/wp-json\/wp\/v2\/media?parent=3094"}],"wp:term":[{"taxonomy":"product_brand","embeddable":true,"href":"https:\/\/wpachem.com\/es\/wp-json\/wp\/v2\/product_brand?post=3094"},{"taxonomy":"product_cat","embeddable":true,"href":"https:\/\/wpachem.com\/es\/wp-json\/wp\/v2\/product_cat?post=3094"},{"taxonomy":"product_tag","embeddable":true,"href":"https:\/\/wpachem.com\/es\/wp-json\/wp\/v2\/product_tag?post=3094"}],"curies":[{"name":"wp","href":"https:\/\/api.w.org\/{rel}","templated":true}]}}