{"id":3096,"date":"2022-09-14T06:38:53","date_gmt":"2022-09-14T06:38:53","guid":{"rendered":"http:\/\/site2.easyceotech.com\/?post_type=product&#038;p=3096"},"modified":"2024-03-12T08:07:37","modified_gmt":"2024-03-12T08:07:37","slug":"rubber-antioxidant-ippd","status":"publish","type":"product","link":"https:\/\/wpachem.com\/es\/producto\/rubber-antioxidant-ippd\/","title":{"rendered":"IPPD antioxidante de caucho"},"content":{"rendered":"<p><strong>Nombre qu\u00edmico:<\/strong>\u00a0N-isopropil-N&#039;-fenil-p-fenilendiamina<\/p>\n<p><strong>F\u00f3rmula molecular:<\/strong>C<sub>15<\/sub>h<sub>18<\/sub>norte<sub>2<\/sub><\/p>\n<p><strong>Peso molecular:<\/strong>\u00a0226.31<\/p>\n<p><strong>No CAS.:<\/strong>\u00a0101-72-4<\/p>\n<p>&nbsp;<\/p>\n<p><strong>Especificaci\u00f3n:<\/strong><\/p>\n<table>\n<tbody>\n<tr>\n<td width=\"371\">Art\u00edculo<\/td>\n<td width=\"348\">Grado calificado<\/td>\n<\/tr>\n<tr>\n<td width=\"371\">Apariencia (inspecci\u00f3n visual)<\/td>\n<td width=\"348\">Granular de color p\u00farpura gris\u00e1ceo a marr\u00f3n p\u00farpura<\/td>\n<\/tr>\n<tr>\n<td width=\"371\">Ensayo (GC) %\u2265<\/td>\n<td width=\"348\">95.0<\/td>\n<\/tr>\n<tr>\n<td width=\"371\">MP inicial \u2103\u2265<\/td>\n<td width=\"348\">70.0<\/td>\n<\/tr>\n<tr>\n<td width=\"371\">P\u00e9rdida de calor %\u2264<\/td>\n<td width=\"348\">0.50<\/td>\n<\/tr>\n<tr>\n<td width=\"371\">Ceniza %\u2264<\/td>\n<td width=\"348\">0.30<\/td>\n<\/tr>\n<\/tbody>\n<\/table>\n<p>&nbsp;<\/p>\n<p><strong>Propiedades:<\/strong> Un antioxidante de alta actividad para caucho natural y sint\u00e9tico proporciona potentes propiedades antiozonizantes y antioxidantes, con excelente resistencia a altas temperaturas, fatiga y flexi\u00f3n para compuestos de caucho. Si bien se utiliza principalmente para la resistencia al ozono, es un antioxidante m\u00e1s activo que los antioxidantes a base de quinolina o difenilamina. El producto (solo o en combinaci\u00f3n con TMQ) proporciona protecci\u00f3n a los compuestos contra la degradaci\u00f3n catal\u00edtica por cobre y otros metales pesados. El producto no tiene efectos negativos en la adhesi\u00f3n de los compuestos a textiles o cables de acero hasta concentraciones de 2 phr. Por encima de esta concentraci\u00f3n, puede eflorecer e interferir con la adhesi\u00f3n entre capas y entre capas y cables. Decolora los compuestos y causa manchas graves por contacto y migraci\u00f3n.<\/p>\n<p><strong>Solicitud:<\/strong>\u00a0\u00a0Se utiliza en todo tipo de neum\u00e1ticos y productos de caucho, neum\u00e1ticos s\u00f3lidos, correas, mangueras, cables, soportes de autom\u00f3viles, bujes y productos mec\u00e1nicos en general que est\u00e1n expuestos a condiciones de funcionamiento din\u00e1mico continuo e intermitente y requieren protecci\u00f3n contra la ozonizaci\u00f3n.<\/p>\n<p><strong>Paquete: <\/strong>Bolsa tejida de pl\u00e1stico de 25kg, bolsa de papel con film pl\u00e1stico, bolsa de papel kraft.<\/p>\n<p><strong>Almacenamiento:<\/strong> Almacene los envases cerrados en un lugar fresco, seco y bien ventilado, lejos de materiales oxidantes fuertes. Evite la exposici\u00f3n a la luz solar directa. No los apile.<\/p>","protected":false},"excerpt":{"rendered":"<p>Nombre del producto: Antioxidante de caucho IPPD<\/p>\n<p>N.\u00ba CAS: 101-72-4<\/p>\n<p>MF: C15H18N2<\/p>\n<p>N.\u00ba EINECS: 202-969-7<\/p>\n<p>Aspecto: Granular de color p\u00farpura gris\u00e1ceo a marr\u00f3n p\u00farpura.<\/p>","protected":false},"featured_media":3075,"template":"","meta":{"_acf_changed":false,"_gspb_post_css":""},"product_brand":[],"product_cat":[62,73],"product_tag":[],"class_list":{"0":"post-3096","1":"product","2":"type-product","3":"status-publish","4":"has-post-thumbnail","6":"product_cat-rubberplastic-ingredients","7":"product_cat-rubber-antioxidant","9":"first","10":"instock","11":"shipping-taxable","12":"product-type-simple"},"acf":[],"_links":{"self":[{"href":"https:\/\/wpachem.com\/es\/wp-json\/wp\/v2\/product\/3096","targetHints":{"allow":["GET"]}}],"collection":[{"href":"https:\/\/wpachem.com\/es\/wp-json\/wp\/v2\/product"}],"about":[{"href":"https:\/\/wpachem.com\/es\/wp-json\/wp\/v2\/types\/product"}],"version-history":[{"count":0,"href":"https:\/\/wpachem.com\/es\/wp-json\/wp\/v2\/product\/3096\/revisions"}],"wp:featuredmedia":[{"embeddable":true,"href":"https:\/\/wpachem.com\/es\/wp-json\/wp\/v2\/media\/3075"}],"wp:attachment":[{"href":"https:\/\/wpachem.com\/es\/wp-json\/wp\/v2\/media?parent=3096"}],"wp:term":[{"taxonomy":"product_brand","embeddable":true,"href":"https:\/\/wpachem.com\/es\/wp-json\/wp\/v2\/product_brand?post=3096"},{"taxonomy":"product_cat","embeddable":true,"href":"https:\/\/wpachem.com\/es\/wp-json\/wp\/v2\/product_cat?post=3096"},{"taxonomy":"product_tag","embeddable":true,"href":"https:\/\/wpachem.com\/es\/wp-json\/wp\/v2\/product_tag?post=3096"}],"curies":[{"name":"wp","href":"https:\/\/api.w.org\/{rel}","templated":true}]}}