{"id":3098,"date":"2022-09-14T06:41:55","date_gmt":"2022-09-14T06:41:55","guid":{"rendered":"http:\/\/site2.easyceotech.com\/?post_type=product&#038;p=3098"},"modified":"2024-03-12T08:04:57","modified_gmt":"2024-03-12T08:04:57","slug":"rubber-antioxidant-6ppd","status":"publish","type":"product","link":"https:\/\/wpachem.com\/es\/producto\/rubber-antioxidant-6ppd\/","title":{"rendered":"Antioxidante de caucho 6PPD"},"content":{"rendered":"<p><strong>Nombre qu\u00edmico:\u00a0 <\/strong>N-(1,3-dimetilbutil)-N&#039;-fenil-p-fenilendiamina<\/p>\n<p><strong>F\u00f3rmula molecular:<\/strong>C<sub>18<\/sub>h<sub>24<\/sub>norte<sub>2<\/sub><\/p>\n<p><strong>Peso molecular:<\/strong>\u00a0268.40<\/p>\n<p><strong>NO CAS.:<\/strong>\u00a0793-24-8<\/p>\n<p><strong>Especificaci\u00f3n t\u00e9cnica:<\/strong>\u00a0GB\/T21841-2008<\/p>\n<table>\n<tbody>\n<tr>\n<td width=\"422\">Art\u00edculo<\/td>\n<td width=\"368\">Grado calificado<\/td>\n<\/tr>\n<tr>\n<td width=\"422\">Apariencia (inspecci\u00f3n visual)<\/td>\n<td width=\"368\">Granulado morado oscuro<\/td>\n<\/tr>\n<tr>\n<td width=\"422\">Ensayo (GC) %\u2265<\/td>\n<td width=\"368\">96.0<\/td>\n<\/tr>\n<tr>\n<td width=\"422\">Punto de solidificaci\u00f3n \u2103\u2265<\/td>\n<td width=\"368\">45.0<\/td>\n<\/tr>\n<tr>\n<td width=\"422\">P\u00e9rdida por secado % \u2264<\/td>\n<td width=\"368\">0.50<\/td>\n<\/tr>\n<tr>\n<td width=\"422\">Contenido de cenizas % \u2264<\/td>\n<td width=\"368\">0.10<\/td>\n<\/tr>\n<\/tbody>\n<\/table>\n<p>&nbsp;<\/p>\n<p><strong>Propiedades:<\/strong> \u00a0Granulado de color violeta oscuro que se apelmazar\u00e1 lentamente cuando la temperatura supere los 35-40 \u2103. Soluble en gas, benceno, acetona, acetato de etilo, dicloroetano, tetracloruro de carbono, metilbenceno, alcohol et\u00edlico y otros disolventes org\u00e1nicos, insoluble en agua.<\/p>\n<p>&nbsp;<\/p>\n<p><strong>Solicitud:<\/strong> Como un tipo de antioxidante de caucho ursol, el 6PPD tiene una mejor compatibilidad con los cauchos, rara vez florece, baja volatilidad, baja toxicidad, con excelente antioxidante, anti-ozono, antigrietas por flexi\u00f3n, antigrietas por insolaci\u00f3n, fuerte inhibici\u00f3n del cobre o manganeso y otros metales t\u00f3xicos, aplicable a todo tipo de caucho sint\u00e9tico y caucho natural. Con buena dispensabilidad en material de encolado y poco efecto en la vulcanizaci\u00f3n, puede ablandar el material de encolado, por lo que puede usarse para neum\u00e1ticos y otros tipos de productos de caucho, tambi\u00e9n puede usarse como estabilizador de ox\u00edgeno t\u00e9rmico para polietileno, polipropileno y resina acr\u00edlica.<\/p>\n<p>&nbsp;<\/p>\n<p><strong>Paquete:<\/strong>\u00a0Bolsa tejida de pl\u00e1stico de 25kg, bolsa de papel con film pl\u00e1stico, bolsa de papel kraft.<\/p>\n<p><strong>\u00a0<\/strong><\/p>","protected":false},"excerpt":{"rendered":"<p>Nombre del producto: Antioxidante de caucho 6PPD<\/p>\n<p>N.\u00ba CAS: 793-24-8<\/p>\n<p>N\u00famero de modelo: C18H24N2<\/p>\n<p>N\u00famero EINECS: 212-344-0<\/p>\n<p>Aspecto: Granulado de color morado oscuro.<\/p>","protected":false},"featured_media":3076,"template":"","meta":{"_acf_changed":false,"_gspb_post_css":""},"product_brand":[],"product_cat":[62,73],"product_tag":[],"class_list":{"0":"post-3098","1":"product","2":"type-product","3":"status-publish","4":"has-post-thumbnail","6":"product_cat-rubberplastic-ingredients","7":"product_cat-rubber-antioxidant","9":"first","10":"instock","11":"shipping-taxable","12":"product-type-simple"},"acf":[],"_links":{"self":[{"href":"https:\/\/wpachem.com\/es\/wp-json\/wp\/v2\/product\/3098","targetHints":{"allow":["GET"]}}],"collection":[{"href":"https:\/\/wpachem.com\/es\/wp-json\/wp\/v2\/product"}],"about":[{"href":"https:\/\/wpachem.com\/es\/wp-json\/wp\/v2\/types\/product"}],"version-history":[{"count":0,"href":"https:\/\/wpachem.com\/es\/wp-json\/wp\/v2\/product\/3098\/revisions"}],"wp:featuredmedia":[{"embeddable":true,"href":"https:\/\/wpachem.com\/es\/wp-json\/wp\/v2\/media\/3076"}],"wp:attachment":[{"href":"https:\/\/wpachem.com\/es\/wp-json\/wp\/v2\/media?parent=3098"}],"wp:term":[{"taxonomy":"product_brand","embeddable":true,"href":"https:\/\/wpachem.com\/es\/wp-json\/wp\/v2\/product_brand?post=3098"},{"taxonomy":"product_cat","embeddable":true,"href":"https:\/\/wpachem.com\/es\/wp-json\/wp\/v2\/product_cat?post=3098"},{"taxonomy":"product_tag","embeddable":true,"href":"https:\/\/wpachem.com\/es\/wp-json\/wp\/v2\/product_tag?post=3098"}],"curies":[{"name":"wp","href":"https:\/\/api.w.org\/{rel}","templated":true}]}}