{"id":3100,"date":"2022-09-14T06:47:37","date_gmt":"2022-09-14T06:47:37","guid":{"rendered":"http:\/\/site2.easyceotech.com\/?post_type=product&#038;p=3100"},"modified":"2024-03-12T08:05:44","modified_gmt":"2024-03-12T08:05:44","slug":"rubber-antioxidant-tmq","status":"publish","type":"product","link":"https:\/\/wpachem.com\/es\/producto\/rubber-antioxidant-tmq\/","title":{"rendered":"Antioxidante de caucho TMQ"},"content":{"rendered":"<p><strong>Nombre qu\u00edmico:<\/strong>\u00a02,2,4-trimetil-1,2-dihidroquinolina polimerizada<\/p>\n<p><strong>F\u00f3rmula molecular:<\/strong>(C<sub>12<\/sub>h<sub>15<\/sub>N)nn=2-4<\/p>\n<p><strong>Peso molecular:<\/strong>\u00a0(173.26)n<\/p>\n<p><strong>NO CAS.: <\/strong>26780-96-1<\/p>\n<p><strong>Especificaci\u00f3n t\u00e9cnica:<\/strong>\u00a0GB\/T 8826-2003<\/p>\n<table>\n<tbody>\n<tr>\n<td width=\"277\"><strong>Art\u00edculo<\/strong><\/td>\n<td width=\"275\"><strong>Primer grado<\/strong><\/td>\n<td width=\"299\"><strong>Grado calificado<\/strong><\/td>\n<\/tr>\n<tr>\n<td width=\"277\"><strong>Apariencia<\/strong><\/td>\n<td colspan=\"2\" width=\"574\">De color \u00e1mbar a marr\u00f3n en escamas o granulados<\/td>\n<\/tr>\n<tr>\n<td width=\"277\"><strong>Punto de ablandamiento <\/strong><strong>\u2103<\/strong><strong>\u2265<\/strong><\/td>\n<td width=\"275\">80-100<\/td>\n<td width=\"299\">80-100<\/td>\n<\/tr>\n<tr>\n<td width=\"277\"><strong>P\u00e9rdida de calor % \u2264<\/strong><\/td>\n<td width=\"275\">0.30<\/td>\n<td width=\"299\">0.50<\/td>\n<\/tr>\n<tr>\n<td width=\"277\"><strong>Contenido de cenizas %<\/strong><strong>\u2264<\/strong><\/td>\n<td width=\"275\">0.30<\/td>\n<td width=\"299\">0.50<\/td>\n<\/tr>\n<\/tbody>\n<\/table>\n<p>&nbsp;<\/p>\n<p><strong>Propiedades:<\/strong>\u00a0De color \u00e1mbar a marr\u00f3n en escamas o granulados. Densidad: 1,05 g\/cm3. Soluble en benceno, cloroformo, disulfuro de carbono y acetona, pero no soluble en agua. Soluci\u00f3n fina con goma. Este producto es combustible; al almacenarlo y transportarlo, siempre preste atenci\u00f3n a que sea resistente al fuego y a la humedad.<\/p>\n<p>&nbsp;<\/p>\n<p><strong>Solicitud: <\/strong>ampliamente utilizado en la fabricaci\u00f3n de neum\u00e1ticos, nacimientos de motocicletas, nacimientos de bicicletas, caucho, pl\u00e1stico, cinta adhesiva, alambres, cables y otros productos de caucho.<\/p>\n<p>&nbsp;<\/p>\n<p><strong>Paquete: <\/strong>Bolsa tejida de pl\u00e1stico de 25kg, bolsa de papel con film pl\u00e1stico, bolsa de papel kraft.<\/p>\n<p>&nbsp;<\/p>","protected":false},"excerpt":{"rendered":"<p>Nombre del producto: Antioxidante de caucho TMQ<\/p>\n<p>N\u00famero CAS: 26780-96-1<\/p>\n<p>MF: C12H15N<\/p>\n<p>N\u00famero EINECS: C12H15N<\/p>\n<p>Apariencia: De color \u00e1mbar a marr\u00f3n en escamas o granulares<\/p>","protected":false},"featured_media":3081,"template":"","meta":{"_acf_changed":false,"_gspb_post_css":""},"product_brand":[],"product_cat":[62,73],"product_tag":[],"class_list":{"0":"post-3100","1":"product","2":"type-product","3":"status-publish","4":"has-post-thumbnail","6":"product_cat-rubberplastic-ingredients","7":"product_cat-rubber-antioxidant","9":"first","10":"instock","11":"shipping-taxable","12":"product-type-simple"},"acf":[],"_links":{"self":[{"href":"https:\/\/wpachem.com\/es\/wp-json\/wp\/v2\/product\/3100","targetHints":{"allow":["GET"]}}],"collection":[{"href":"https:\/\/wpachem.com\/es\/wp-json\/wp\/v2\/product"}],"about":[{"href":"https:\/\/wpachem.com\/es\/wp-json\/wp\/v2\/types\/product"}],"version-history":[{"count":0,"href":"https:\/\/wpachem.com\/es\/wp-json\/wp\/v2\/product\/3100\/revisions"}],"wp:featuredmedia":[{"embeddable":true,"href":"https:\/\/wpachem.com\/es\/wp-json\/wp\/v2\/media\/3081"}],"wp:attachment":[{"href":"https:\/\/wpachem.com\/es\/wp-json\/wp\/v2\/media?parent=3100"}],"wp:term":[{"taxonomy":"product_brand","embeddable":true,"href":"https:\/\/wpachem.com\/es\/wp-json\/wp\/v2\/product_brand?post=3100"},{"taxonomy":"product_cat","embeddable":true,"href":"https:\/\/wpachem.com\/es\/wp-json\/wp\/v2\/product_cat?post=3100"},{"taxonomy":"product_tag","embeddable":true,"href":"https:\/\/wpachem.com\/es\/wp-json\/wp\/v2\/product_tag?post=3100"}],"curies":[{"name":"wp","href":"https:\/\/api.w.org\/{rel}","templated":true}]}}