{"id":3102,"date":"2022-09-14T06:53:14","date_gmt":"2022-09-14T06:53:14","guid":{"rendered":"http:\/\/site2.easyceotech.com\/?post_type=product&#038;p=3102"},"modified":"2024-03-12T08:05:40","modified_gmt":"2024-03-12T08:05:40","slug":"rubber-vulcanizing-agent-dtdm","status":"publish","type":"product","link":"https:\/\/wpachem.com\/es\/producto\/rubber-vulcanizing-agent-dtdm\/","title":{"rendered":"Agente vulcanizante de caucho DTDM"},"content":{"rendered":"<p><strong><b>Nombre qu\u00edmico: <\/b><\/strong>4\u2032,4\u2032-ditiodimorfolina<\/p>\n<p><strong><b>F\u00f3rmula: <\/b><\/strong>C8H16N2O2S2<b><\/b><\/p>\n<p><strong><b>NO CAS.: <\/b><\/strong>103-34-4<\/p>\n<p><strong>Descripci\u00f3n:<\/strong><strong><b>\u00a0<\/b><\/strong>Cristal blanco o polvo. Gravedad espec\u00edfica: 1,28-1,32. No es t\u00f3xico. Soluble en benceno, alcohol y acetona; insoluble en agua.<\/p>\n<table>\n<tbody>\n<tr>\n<td width=\"466\"><strong><b>Especificaciones<\/b><\/strong><\/td>\n<td width=\"335\"><\/td>\n<\/tr>\n<tr>\n<td width=\"466\">Apariencia<\/td>\n<td width=\"335\">polvo blanco<\/td>\n<\/tr>\n<tr>\n<td width=\"466\">P\u00e9rdida por secado<\/td>\n<td width=\"335\">0,3% m\u00e1x.<\/td>\n<\/tr>\n<tr>\n<td width=\"466\">Ceniza<\/td>\n<td width=\"335\">0,3% m\u00e1x.<\/td>\n<\/tr>\n<tr>\n<td width=\"466\">Punto de fusi\u00f3n inicial:<\/td>\n<td width=\"335\">120\u00baC<\/td>\n<\/tr>\n<\/tbody>\n<\/table>\n<p>&nbsp;<\/p>\n<p><strong><b>Usos<\/b><\/strong><strong><b>: <\/b><\/strong>Es el material que une el caucho natural con todo tipo de caucho sint\u00e9tico. Se utiliza en muchos productos din\u00e1micos, productos resistentes al calor, neum\u00e1ticos Meridian, neum\u00e1ticos de ingenier\u00eda y selladores de fluidos, etc.<\/p>\n<p>&nbsp;<\/p>\n<p><strong>Paquete:<\/strong><strong>\u00a0<\/strong>Bolsa de embalaje de papel y pl\u00e1stico, 25 kg\/bolsa (12 MT\/20&#039; FCL)<\/p>","protected":false},"excerpt":{"rendered":"<p>Nombre del producto: Agente vulcanizante de caucho DTDM<\/p>\n<p>N.\u00ba CAS: 103-34-4<\/p>\n<p>N\u00famero de modelo: C8H16N2O2S2<\/p>\n<p>N\u00famero EINECS: 203-103-0<\/p>\n<p>Apariencia: Polvo blanco<\/p>","protected":false},"featured_media":2621,"template":"","meta":{"_acf_changed":false,"_gspb_post_css":""},"product_brand":[],"product_cat":[62,74],"product_tag":[],"class_list":{"0":"post-3102","1":"product","2":"type-product","3":"status-publish","4":"has-post-thumbnail","6":"product_cat-rubberplastic-ingredients","7":"product_cat-vulcanizing-agent","9":"first","10":"instock","11":"shipping-taxable","12":"product-type-simple"},"acf":[],"_links":{"self":[{"href":"https:\/\/wpachem.com\/es\/wp-json\/wp\/v2\/product\/3102","targetHints":{"allow":["GET"]}}],"collection":[{"href":"https:\/\/wpachem.com\/es\/wp-json\/wp\/v2\/product"}],"about":[{"href":"https:\/\/wpachem.com\/es\/wp-json\/wp\/v2\/types\/product"}],"version-history":[{"count":0,"href":"https:\/\/wpachem.com\/es\/wp-json\/wp\/v2\/product\/3102\/revisions"}],"wp:featuredmedia":[{"embeddable":true,"href":"https:\/\/wpachem.com\/es\/wp-json\/wp\/v2\/media\/2621"}],"wp:attachment":[{"href":"https:\/\/wpachem.com\/es\/wp-json\/wp\/v2\/media?parent=3102"}],"wp:term":[{"taxonomy":"product_brand","embeddable":true,"href":"https:\/\/wpachem.com\/es\/wp-json\/wp\/v2\/product_brand?post=3102"},{"taxonomy":"product_cat","embeddable":true,"href":"https:\/\/wpachem.com\/es\/wp-json\/wp\/v2\/product_cat?post=3102"},{"taxonomy":"product_tag","embeddable":true,"href":"https:\/\/wpachem.com\/es\/wp-json\/wp\/v2\/product_tag?post=3102"}],"curies":[{"name":"wp","href":"https:\/\/api.w.org\/{rel}","templated":true}]}}