{"id":3104,"date":"2022-09-14T07:26:31","date_gmt":"2022-09-14T07:26:31","guid":{"rendered":"http:\/\/site2.easyceotech.com\/?post_type=product&#038;p=3104"},"modified":"2024-03-12T08:05:36","modified_gmt":"2024-03-12T08:05:36","slug":"rubber-antiscorching-agent-pvi-ctp","status":"publish","type":"product","link":"https:\/\/wpachem.com\/es\/producto\/rubber-antiscorching-agent-pvi-ctp\/","title":{"rendered":"Caucho Antiabrasador PVI (CTP)"},"content":{"rendered":"<p><strong>Nombre qu\u00edmico:<\/strong> N-ciclohexil (tio) ftalimida<\/p>\n<p><strong>No CAS.:<\/strong> 17796-82-6<\/p>\n<p><strong>MF:<\/strong>\u00a0 C14H15NO2S<\/p>\n<p><strong>Especificaci\u00f3n:<\/strong><\/p>\n<table>\n<tbody>\n<tr>\n<td width=\"212\"><strong>Art\u00edculo<\/strong><\/td>\n<td width=\"213\"><strong>Cristal<\/strong><\/td>\n<td width=\"213\"><strong>cristal aceitado<\/strong><\/td>\n<td width=\"213\"><strong>Granular<\/strong><\/td>\n<\/tr>\n<tr>\n<td width=\"212\">Apariencia<\/td>\n<td colspan=\"3\" width=\"639\">Cristal blanco (gr\u00e1nulo)<\/td>\n<\/tr>\n<tr>\n<td width=\"212\">Punto de fusi\u00f3n inicial, \u2103 \u2265<\/td>\n<td width=\"213\">90.0<\/td>\n<td width=\"213\">90.0<\/td>\n<td width=\"213\">90.0<\/td>\n<\/tr>\n<tr>\n<td width=\"212\">P\u00e9rdida por secado, %, \u2264<\/td>\n<td width=\"213\">0.30<\/td>\n<td width=\"213\">0.50<\/td>\n<td width=\"213\">0.30<\/td>\n<\/tr>\n<tr>\n<td width=\"212\">Ceniza, %, \u2264<\/td>\n<td width=\"213\">0.30<\/td>\n<td width=\"213\">0.30<\/td>\n<td width=\"213\">0.30<\/td>\n<\/tr>\n<tr>\n<td width=\"212\">Aditivo, %<\/td>\n<td width=\"213\">\/<\/td>\n<td width=\"213\">0.1-2.0<\/td>\n<td width=\"213\">\/<\/td>\n<\/tr>\n<tr>\n<td width=\"212\">Di\u00e1metro del gr\u00e1nulo, mm<\/td>\n<td width=\"213\">\/<\/td>\n<td width=\"213\">\/<\/td>\n<td width=\"213\">2.5<\/td>\n<\/tr>\n<\/tbody>\n<\/table>\n<p>&nbsp;<\/p>\n<p><strong>Propiedades:<\/strong> Cristal blanco (gr\u00e1nulo). La densidad es 1,25-1,35. Soluble en acetona, benceno, toluol, \u00e9ter diet\u00edlico, acetato de etilo, CCl4 caliente y alcohol caliente, ligeramente soluble en gasolina, insoluble en queroseno y agua.<\/p>\n<p>&nbsp;<\/p>\n<p><strong>Aplicaciones:<\/strong> Inhibidor de prevulcanizaci\u00f3n. Proporciona un control predecible de quemaduras en la mayor\u00eda de las valcanizaciones de azufre. Mejor desempe\u00f1o de costos a trav\u00e9s de recuperaci\u00f3n de existencias marginales, mezcla en una sola etapa, mayores temperaturas de procesamiento y\/o curado. La actividad es lineal y mayor que la de la mayor\u00eda de los retardadores. Puede provocar floraci\u00f3n por encima de 0,5 phr. Es el agente anti-quemaduras tanto para el caucho natural como para el sint\u00e9tico.<\/p>\n<p>&nbsp;<\/p>\n<p><strong>Paquete:<\/strong> Bolsa tejida de pl\u00e1stico de 25kg, bolsa de papel con film pl\u00e1stico, bolsa de papel kraft.<\/p>\n<p>&nbsp;<\/p>\n<p><strong>Almacenamiento:<\/strong> El producto debe almacenarse en un lugar seco y fresco con buena ventilaci\u00f3n, evitando la exposici\u00f3n del producto envasado a la luz solar directa. La validez es de 1 a\u00f1o.<\/p>","protected":false},"excerpt":{"rendered":"<p>Nombre qu\u00edmico: Agente antiescaldamiento de caucho PVI (CTP)<\/p>\n<p>N.\u00ba CAS: 17796-82-6<\/p>\n<p>N\u00famero de modelo: C14H15NO2S<\/p>\n<p>N\u00famero EINECS: 241-774-1<\/p>\n<p>Aspecto: Cristal blanco (gr\u00e1nulo)<\/p>","protected":false},"featured_media":2183,"template":"","meta":{"_acf_changed":false,"_gspb_post_css":""},"product_brand":[],"product_cat":[62,75],"product_tag":[],"class_list":{"0":"post-3104","1":"product","2":"type-product","3":"status-publish","4":"has-post-thumbnail","6":"product_cat-rubberplastic-ingredients","7":"product_cat-antiscorching-agent","9":"first","10":"instock","11":"shipping-taxable","12":"product-type-simple"},"acf":[],"_links":{"self":[{"href":"https:\/\/wpachem.com\/es\/wp-json\/wp\/v2\/product\/3104","targetHints":{"allow":["GET"]}}],"collection":[{"href":"https:\/\/wpachem.com\/es\/wp-json\/wp\/v2\/product"}],"about":[{"href":"https:\/\/wpachem.com\/es\/wp-json\/wp\/v2\/types\/product"}],"version-history":[{"count":0,"href":"https:\/\/wpachem.com\/es\/wp-json\/wp\/v2\/product\/3104\/revisions"}],"wp:featuredmedia":[{"embeddable":true,"href":"https:\/\/wpachem.com\/es\/wp-json\/wp\/v2\/media\/2183"}],"wp:attachment":[{"href":"https:\/\/wpachem.com\/es\/wp-json\/wp\/v2\/media?parent=3104"}],"wp:term":[{"taxonomy":"product_brand","embeddable":true,"href":"https:\/\/wpachem.com\/es\/wp-json\/wp\/v2\/product_brand?post=3104"},{"taxonomy":"product_cat","embeddable":true,"href":"https:\/\/wpachem.com\/es\/wp-json\/wp\/v2\/product_cat?post=3104"},{"taxonomy":"product_tag","embeddable":true,"href":"https:\/\/wpachem.com\/es\/wp-json\/wp\/v2\/product_tag?post=3104"}],"curies":[{"name":"wp","href":"https:\/\/api.w.org\/{rel}","templated":true}]}}