{"id":3114,"date":"2022-09-21T07:35:24","date_gmt":"2022-09-21T07:35:24","guid":{"rendered":"http:\/\/site2.easyceotech.com\/?post_type=product&#038;p=3114"},"modified":"2024-06-12T05:31:33","modified_gmt":"2024-06-12T05:31:33","slug":"titanium-dioxide-cosmetic-grade","status":"publish","type":"product","link":"https:\/\/wpachem.com\/es\/producto\/titanium-dioxide-cosmetic-grade\/","title":{"rendered":"Grado cosm\u00e9tico de di\u00f3xido de titanio"},"content":{"rendered":"<p><strong>Caracter\u00edsticas:<\/strong><\/p>\n<p>Este producto se prepara con materia prima del di\u00f3xido de titanio anatasa espec\u00edfico para alimentos. Este producto tiene propiedades qu\u00edmicas estables, no t\u00f3xicas, inodoros y en polvo. Puede cubrir las manchas de la piel y aumentar el efecto blanqueador de la piel. Adem\u00e1s, puede proteger la piel de los rayos UV, evitar los efectos nocivos de la adici\u00f3n de otras grandes cantidades de pigmentos y la pigmentaci\u00f3n despu\u00e9s de que el cosm\u00e9tico se libera durante mucho tiempo.<\/p>\n<p>&nbsp;<\/p>\n<p><strong>Especificaci\u00f3n:<\/strong><\/p>\n<table>\n<tbody>\n<tr>\n<td width=\"426\">Art\u00edculo<\/td>\n<td width=\"426\">\u00cdndice<\/td>\n<\/tr>\n<tr>\n<td width=\"426\">Contenido de Tio2 (%) \u2265<\/td>\n<td width=\"426\">98.0<\/td>\n<\/tr>\n<tr>\n<td width=\"426\">Blancura (%) \u2265<\/td>\n<td width=\"426\">90<\/td>\n<\/tr>\n<tr>\n<td width=\"426\">Valor L (%)<\/td>\n<td width=\"426\">95<\/td>\n<\/tr>\n<tr>\n<td width=\"426\">pH<\/td>\n<td width=\"426\">6.5-7.5<\/td>\n<\/tr>\n<tr>\n<td width=\"426\">Contenido de metales pesados (en Pb, ppm) \u2264<\/td>\n<td width=\"426\">20<\/td>\n<\/tr>\n<tr>\n<td width=\"426\">Contenido de SB (ppm) \u2264<\/td>\n<td width=\"426\">2<\/td>\n<\/tr>\n<tr>\n<td width=\"426\">Como contenido (ppm) \u2264<\/td>\n<td width=\"426\">5<\/td>\n<\/tr>\n<tr>\n<td width=\"426\">Contenido de Hg (ppm) \u2264<\/td>\n<td width=\"426\">1<\/td>\n<\/tr>\n<tr>\n<td width=\"426\">Sal soluble en agua (%) \u2264<\/td>\n<td width=\"426\">0.5<\/td>\n<\/tr>\n<\/tbody>\n<\/table>\n<p>&nbsp;<\/p>\n<p><strong>Solicitud:\u00a0<\/strong><\/p>\n<p>este producto es ampliamente utilizado como protector solar, anti-ultravioleta, colorante, abrasivo, etc., en cosm\u00e9ticos como cremas, cremas para la piel, compactos, cremas de base, l\u00e1pices labiales, etc.<\/p>\n<p>&nbsp;<\/p>\n<p><strong>Paquete:<\/strong> Sacos de 25kg, 500kg, 1000kg.<\/p>","protected":false},"excerpt":{"rendered":"<p>Nombre del producto: Di\u00f3xido de titanio de grado cosm\u00e9tico<\/p>\n<p>N\u00famero CAS: 1317-80-2<\/p>\n<p>MF: Tio2<\/p>\n<p>N\u00famero EINECS: 215-282-2<\/p>\n<p>Apariencia: Polvo blanco<\/p>","protected":false},"featured_media":2103,"template":"","meta":{"_acf_changed":false,"_gspb_post_css":""},"product_brand":[],"product_cat":[67,54,66],"product_tag":[],"class_list":{"0":"post-3114","1":"product","2":"type-product","3":"status-publish","4":"has-post-thumbnail","6":"product_cat-sulfate-process","7":"product_cat-inorganic-pigments","8":"product_cat-titanium-dioxide","10":"first","11":"instock","12":"shipping-taxable","13":"product-type-simple"},"acf":[],"_links":{"self":[{"href":"https:\/\/wpachem.com\/es\/wp-json\/wp\/v2\/product\/3114","targetHints":{"allow":["GET"]}}],"collection":[{"href":"https:\/\/wpachem.com\/es\/wp-json\/wp\/v2\/product"}],"about":[{"href":"https:\/\/wpachem.com\/es\/wp-json\/wp\/v2\/types\/product"}],"version-history":[{"count":0,"href":"https:\/\/wpachem.com\/es\/wp-json\/wp\/v2\/product\/3114\/revisions"}],"wp:featuredmedia":[{"embeddable":true,"href":"https:\/\/wpachem.com\/es\/wp-json\/wp\/v2\/media\/2103"}],"wp:attachment":[{"href":"https:\/\/wpachem.com\/es\/wp-json\/wp\/v2\/media?parent=3114"}],"wp:term":[{"taxonomy":"product_brand","embeddable":true,"href":"https:\/\/wpachem.com\/es\/wp-json\/wp\/v2\/product_brand?post=3114"},{"taxonomy":"product_cat","embeddable":true,"href":"https:\/\/wpachem.com\/es\/wp-json\/wp\/v2\/product_cat?post=3114"},{"taxonomy":"product_tag","embeddable":true,"href":"https:\/\/wpachem.com\/es\/wp-json\/wp\/v2\/product_tag?post=3114"}],"curies":[{"name":"wp","href":"https:\/\/api.w.org\/{rel}","templated":true}]}}