{"id":3142,"date":"2022-09-30T07:04:36","date_gmt":"2022-09-30T07:04:36","guid":{"rendered":"http:\/\/site2.easyceotech.com\/?post_type=product&#038;p=3142"},"modified":"2024-03-12T08:05:24","modified_gmt":"2024-03-12T08:05:24","slug":"alpha-arbutin","status":"publish","type":"product","link":"https:\/\/wpachem.com\/es\/producto\/alpha-arbutin\/","title":{"rendered":"Alfa-arbutina"},"content":{"rendered":"<p><strong>Caracter\u00edsticas:<\/strong><\/p>\n<p>La \u03b1-arbutina es similar a la \u03b2-arbutina, que puede inhibir la producci\u00f3n y deposici\u00f3n de melanina y eliminar manchas y pecas. Los resultados muestran que la \u03b1-arbutina puede inhibir la actividad de la tirosinasa en concentraciones relativamente bajas, y su efecto inhibidor sobre la tirosinasa es mejor que el de la \u03b2-arbutina.<\/p>\n<p>&nbsp;<\/p>\n<p><strong>Especificaci\u00f3n<\/strong><\/p>\n<table>\n<tbody>\n<tr>\n<td width=\"281\">Elementos<\/td>\n<td width=\"334\">Especificaciones<\/td>\n<td width=\"233\">Resultados<\/td>\n<\/tr>\n<tr>\n<td width=\"281\">Apariencia<\/td>\n<td width=\"334\">Polvo cristalino blanco<\/td>\n<td width=\"233\">Cristalino blanco<\/td>\n<\/tr>\n<tr>\n<td width=\"281\">Ensayo<\/td>\n<td width=\"334\">99.0%Min<\/td>\n<td width=\"233\">99.8%<\/td>\n<\/tr>\n<tr>\n<td width=\"281\">Punto de fusion<\/td>\n<td width=\"334\">203~206\u00b1l\u00b0C<\/td>\n<td width=\"233\">203.5-205.5<\/td>\n<\/tr>\n<tr>\n<td width=\"281\">Claridad de la soluci\u00f3n de agua.<\/td>\n<td width=\"334\">Transparencia, incoloro, ninguna materia suspendida.<\/td>\n<td width=\"233\">aprobar<\/td>\n<\/tr>\n<tr>\n<td width=\"281\">Valor de pH del 1% acuoso<\/td>\n<td rowspan=\"2\" width=\"334\">5,0\u20147,0<\/td>\n<td rowspan=\"2\" width=\"233\">6.0<\/td>\n<\/tr>\n<tr>\n<td width=\"281\">soluci\u00f3n<\/td>\n<\/tr>\n<tr>\n<td width=\"281\">Clasificaci\u00f3n \u00f3ptica espec\u00edfica<\/td>\n<td width=\"334\">[a] D20=+l76-184\u00b0<\/td>\n<td width=\"233\">+179,9\u00b0<\/td>\n<\/tr>\n<tr>\n<td width=\"281\">Ars\u00e9nico<\/td>\n<td width=\"334\">&lt;2 ppm<\/td>\n<td width=\"233\">aprobar<\/td>\n<\/tr>\n<tr>\n<td width=\"281\">hidroquinona<\/td>\n<td width=\"334\">&lt;10 ppm<\/td>\n<td width=\"233\">aprobar<\/td>\n<\/tr>\n<tr>\n<td width=\"281\">Metal pesado<\/td>\n<td width=\"334\">&lt;10 ppm<\/td>\n<td width=\"233\">aprobar<\/td>\n<\/tr>\n<tr>\n<td width=\"281\">P\u00e9rdida por secado<\/td>\n<td width=\"334\">&lt;0,5%<\/td>\n<td width=\"233\">0.02%<\/td>\n<\/tr>\n<tr>\n<td width=\"281\">Residuos de ignici\u00f3n<\/td>\n<td width=\"334\">&lt;0,5%<\/td>\n<td width=\"233\">0.05%<\/td>\n<\/tr>\n<tr>\n<td rowspan=\"2\" width=\"281\">Pat\u00f3geno<\/td>\n<td width=\"334\">Bacterias: &lt;300 ufc\/g<\/td>\n<td width=\"233\">&lt;20<\/td>\n<\/tr>\n<tr>\n<td width=\"334\">Hongo: &lt;100 ufc\/g<\/td>\n<td width=\"233\">&lt;20<\/td>\n<\/tr>\n<tr>\n<td colspan=\"2\" width=\"616\">Conclusi\u00f3n: Cumple con la norma.<\/td>\n<td width=\"233\"><\/td>\n<\/tr>\n<\/tbody>\n<\/table>\n<p>&nbsp;<\/p>\n<p><strong>Aplicaci\u00f3n:<\/strong> La alfa-arbutina se puede utilizar como agente blanqueador en cosm\u00e9tica.<\/p>","protected":false},"excerpt":{"rendered":"<p>Nombre del producto: Alfa-arbutina<\/p>\n<p>N\u00famero CAS: 84380-01-8<\/p>\n<p>MF: C12H16O7<\/p>\n<p>Aspecto: Polvo cristalino blanco<\/p>","protected":false},"featured_media":2159,"template":"","meta":{"_acf_changed":false,"_gspb_post_css":""},"product_brand":[],"product_cat":[60],"product_tag":[],"class_list":{"0":"post-3142","1":"product","2":"type-product","3":"status-publish","4":"has-post-thumbnail","6":"product_cat-cosmetic-ingredients","8":"first","9":"instock","10":"shipping-taxable","11":"product-type-simple"},"acf":[],"_links":{"self":[{"href":"https:\/\/wpachem.com\/es\/wp-json\/wp\/v2\/product\/3142","targetHints":{"allow":["GET"]}}],"collection":[{"href":"https:\/\/wpachem.com\/es\/wp-json\/wp\/v2\/product"}],"about":[{"href":"https:\/\/wpachem.com\/es\/wp-json\/wp\/v2\/types\/product"}],"version-history":[{"count":0,"href":"https:\/\/wpachem.com\/es\/wp-json\/wp\/v2\/product\/3142\/revisions"}],"wp:featuredmedia":[{"embeddable":true,"href":"https:\/\/wpachem.com\/es\/wp-json\/wp\/v2\/media\/2159"}],"wp:attachment":[{"href":"https:\/\/wpachem.com\/es\/wp-json\/wp\/v2\/media?parent=3142"}],"wp:term":[{"taxonomy":"product_brand","embeddable":true,"href":"https:\/\/wpachem.com\/es\/wp-json\/wp\/v2\/product_brand?post=3142"},{"taxonomy":"product_cat","embeddable":true,"href":"https:\/\/wpachem.com\/es\/wp-json\/wp\/v2\/product_cat?post=3142"},{"taxonomy":"product_tag","embeddable":true,"href":"https:\/\/wpachem.com\/es\/wp-json\/wp\/v2\/product_tag?post=3142"}],"curies":[{"name":"wp","href":"https:\/\/api.w.org\/{rel}","templated":true}]}}