{"id":3144,"date":"2022-09-30T07:22:41","date_gmt":"2022-09-30T07:22:41","guid":{"rendered":"http:\/\/site2.easyceotech.com\/?post_type=product&#038;p=3144"},"modified":"2024-03-12T08:05:19","modified_gmt":"2024-03-12T08:05:19","slug":"behentrimonium-methosulfate-btms","status":"publish","type":"product","link":"https:\/\/wpachem.com\/es\/producto\/behentrimonium-methosulfate-btms\/","title":{"rendered":"Metosulfato de behentrimonio BTMS"},"content":{"rendered":"<p>&nbsp;<\/p>\n<p>M01-01: Metosulfato de behentrimonio (y) alcohol cetear\u00edlico<\/p>\n<p>M01-02: Metosulfato de behentrimonio (y) Alcohol cetear\u00edlico (y) Butilenglicol<\/p>\n<p>M01-03: Metosulfato de behentrimonio (y) propilenglicol<\/p>\n<p>M01-04: BTMS25 Metosulfato de behentrimonio (y) alcohol cetear\u00edlico<\/p>\n<p>M01-05: Metosulfato de behentrimonio (y) alcohol cet\u00edlico<\/p>\n<p>M01-06: Metosulfato de behentrimonio (y) Alcohol cet\u00edlico (y) Butilenglicol<\/p>\n<p>&nbsp;<\/p>\n<p><b><\/b><strong><b>1: T\u00e9cnico<\/b><\/strong><strong><b>En<\/b><\/strong><strong><b>Dexteridad<\/b><\/strong><\/p>\n<table>\n<tbody>\n<tr>\n<td width=\"109\">Nombre del producto<\/td>\n<td width=\"196\">Aspecto (25\u2103)<\/td>\n<td width=\"188\">Metosulfato de behentrimonio (%)<\/td>\n<td width=\"220\">pH (soluci\u00f3n de alcohol isoprop\u00edlico 1%)<\/td>\n<td width=\"143\">Alcohol cetear\u00edlico (%)<\/td>\n<td width=\"78\">otro<\/td>\n<\/tr>\n<tr>\n<td width=\"109\">M01-01<\/td>\n<td width=\"196\">Escamas de color blanco a blanquecino<\/td>\n<td width=\"188\">&gt;50<\/td>\n<td width=\"220\">5.0-8.0<\/td>\n<td width=\"143\">47~48<\/td>\n<td width=\"78\">&lt;1<\/td>\n<\/tr>\n<tr>\n<td width=\"109\">M01-02<\/td>\n<td width=\"196\">Escamas de color blanco a blanquecino<\/td>\n<td width=\"188\">&gt;50<\/td>\n<td width=\"220\">5.0-8.0<\/td>\n<td width=\"143\">39~40<\/td>\n<td width=\"78\">10~11<\/td>\n<\/tr>\n<tr>\n<td width=\"109\">M01-03<\/td>\n<td width=\"196\">Escamas de color blanco a blanquecino<\/td>\n<td width=\"188\">&gt;50<\/td>\n<td width=\"220\">5.0-8.0<\/td>\n<td width=\"143\">30~35<\/td>\n<td width=\"78\">19~20<\/td>\n<\/tr>\n<tr>\n<td width=\"109\">M01-04<\/td>\n<td width=\"196\">Escamas de color blanco a blanquecino<\/td>\n<td width=\"188\">&gt;25<\/td>\n<td width=\"220\">5.0-8.0<\/td>\n<td width=\"143\">74~75<\/td>\n<td width=\"78\">&lt;1<\/td>\n<\/tr>\n<tr>\n<td width=\"109\">M01-05<\/td>\n<td width=\"196\">Escamas de color blanco a blanquecino<\/td>\n<td width=\"188\">&gt;50<\/td>\n<td width=\"220\">5.0-8.0<\/td>\n<td width=\"143\">47~48<\/td>\n<td width=\"78\">&lt;1<\/td>\n<\/tr>\n<tr>\n<td width=\"109\">M01-06<\/td>\n<td width=\"196\">Escamas de color blanco a blanquecino<\/td>\n<td width=\"188\">&gt;50<\/td>\n<td width=\"220\">5.0-8.0<\/td>\n<td width=\"143\">43~44<\/td>\n<td width=\"78\">5~6<\/td>\n<\/tr>\n<\/tbody>\n<\/table>\n<p>&nbsp;<\/p>\n<p><strong><b>2. Personajes<\/b><\/strong><strong><b>sticas<\/b><\/strong><\/p>\n<p>1. Es de origen vegetal, ecol\u00f3gico y extremadamente suave.<\/p>\n<p>2.Puede ser soluble en agua o etanol.<\/p>\n<p>3. Es compatible con tensioactivos cati\u00f3nicos y no i\u00f3nicos.<\/p>\n<p>4. Es estable por debajo de 100 \u00b0C.<\/p>\n<p>5. En general, buena estabilidad qu\u00edmica, excelente resistencia al calor, a la luz y a la presi\u00f3n, muy resistente a sustancias \u00e1cidas y alcalinas.<\/p>\n<p>6. Excelente espesante y emulsionante con buenas propiedades antibacterianas.<\/p>\n<p><strong><b>3.Aplicaci\u00f3n<\/b><\/strong><strong><b>s<\/b><\/strong><\/p>\n<p>El metosulfato de behentrimonio (BTMS) es la sal de amonio cuaternario que se utiliza principalmente como acondicionador del cabello y agente antiest\u00e1tico.<\/p>\n<p>1. Se utiliza en champ\u00fas y formulaciones para el cuidado del cabello, como agente suavizante de acondicionadores para el cabello, geles de peluquer\u00eda, champ\u00fas y otros productos para el cuidado del cabello, un tipo de material antienrollamiento.<\/p>\n<p>2. Se utiliza como suavizante de telas, agente antiest\u00e1tico de fibras sint\u00e9ticas, agente humectante o como agente espesante de productos qu\u00edmicos de uso diario.<\/p>\n<p><strong><b>4.Hacer<\/b><\/strong><strong><b>sabio<\/b><\/strong><\/p>\n<p>Acondicionador para el cabello: 1~2%<\/p>\n<p>Gel de peluquer\u00eda: 4~5%<\/p>\n<p><strong><b>5.P<\/b><\/strong><strong><b>embalaje<\/b><\/strong>\u00a0<strong><b>Y<\/b><\/strong>\u00a0<strong><b>Almacenamiento<\/b><\/strong><\/p>\n<p>Cart\u00f3n + bolsa interior de pl\u00e1stico<\/p>\n<p>Sellado con una vida \u00fatil de dos a\u00f1os.<\/p>\n<p>&nbsp;<\/p>\n<p><strong><b>6.Aplicaci\u00f3n<\/b><\/strong><\/p>\n<p>Sustancial tanto para la piel como para el cabello. Confiere excelentes propiedades desenredantes y de peinado en h\u00famedo al cabello. Forma elegantes emulsiones cati\u00f3nicas para el cuidado de la piel que brindan beneficios hidratantes duraderos y resistentes al lavado y una sensaci\u00f3n de piel suave y tersa. Las aplicaciones incluyen acondicionadores sin enjuague y con enjuague, desenredantes para el cabello, cremas relajantes, cuidado del cabello \u00e9tnico, tintes para el cabello, cremas y lociones para la piel y preparaciones para el afeitado.<\/p>","protected":false},"excerpt":{"rendered":"<p>Nombre del producto: Metosulfato de behentrimonio BTMS<\/p>\n<p>N.\u00ba CAS: 81646-13-1<\/p>\n<p>Lunes a viernes: 279-791-1<\/p>\n<p>N\u00famero EINECS: C26H57NO4S<\/p>\n<p>Aspecto: Escamas de color blanco a blanquecino.<\/p>","protected":false},"featured_media":3147,"template":"","meta":{"_acf_changed":false,"_gspb_post_css":""},"product_brand":[],"product_cat":[60],"product_tag":[],"class_list":{"0":"post-3144","1":"product","2":"type-product","3":"status-publish","4":"has-post-thumbnail","6":"product_cat-cosmetic-ingredients","8":"first","9":"instock","10":"shipping-taxable","11":"product-type-simple"},"acf":[],"_links":{"self":[{"href":"https:\/\/wpachem.com\/es\/wp-json\/wp\/v2\/product\/3144","targetHints":{"allow":["GET"]}}],"collection":[{"href":"https:\/\/wpachem.com\/es\/wp-json\/wp\/v2\/product"}],"about":[{"href":"https:\/\/wpachem.com\/es\/wp-json\/wp\/v2\/types\/product"}],"version-history":[{"count":0,"href":"https:\/\/wpachem.com\/es\/wp-json\/wp\/v2\/product\/3144\/revisions"}],"wp:featuredmedia":[{"embeddable":true,"href":"https:\/\/wpachem.com\/es\/wp-json\/wp\/v2\/media\/3147"}],"wp:attachment":[{"href":"https:\/\/wpachem.com\/es\/wp-json\/wp\/v2\/media?parent=3144"}],"wp:term":[{"taxonomy":"product_brand","embeddable":true,"href":"https:\/\/wpachem.com\/es\/wp-json\/wp\/v2\/product_brand?post=3144"},{"taxonomy":"product_cat","embeddable":true,"href":"https:\/\/wpachem.com\/es\/wp-json\/wp\/v2\/product_cat?post=3144"},{"taxonomy":"product_tag","embeddable":true,"href":"https:\/\/wpachem.com\/es\/wp-json\/wp\/v2\/product_tag?post=3144"}],"curies":[{"name":"wp","href":"https:\/\/api.w.org\/{rel}","templated":true}]}}