{"id":3150,"date":"2022-09-30T07:59:04","date_gmt":"2022-09-30T07:59:04","guid":{"rendered":"http:\/\/site2.easyceotech.com\/?post_type=product&#038;p=3150"},"modified":"2024-03-12T08:05:13","modified_gmt":"2024-03-12T08:05:13","slug":"propylene-glycol-alginate-pga","status":"publish","type":"product","link":"https:\/\/wpachem.com\/es\/producto\/propylene-glycol-alginate-pga\/","title":{"rendered":"Alginato de propilenglicol PGA"},"content":{"rendered":"<p>El alginato de propilenglicol (PGA), tambi\u00e9n conocido como \u00e9ster de alginato de propilenglicol, es un nuevo emulsionante, el alginato se extrae de las algas pardas mediante la s\u00edntesis de una reacci\u00f3n de esterificaci\u00f3n de un biopol\u00edmero de polisac\u00e1rido, generalmente un polvo fino blanco o blanco amarillento, inodoro o con un ligero hidrocarburo arom\u00e1tico. fragancia.<\/p>\n<p>&nbsp;<\/p>\n<p><strong>Especificaci\u00f3n<\/strong><\/p>\n<table>\n<tbody>\n<tr>\n<td width=\"423\"><strong><b>Art\u00edculo<\/b><\/strong><\/td>\n<td width=\"423\"><strong><b>Est\u00e1ndar<\/b><\/strong><\/td>\n<\/tr>\n<tr>\n<td width=\"423\">Grado de esterificaci\u00f3n, %<\/td>\n<td width=\"423\">\u226540,0<\/td>\n<\/tr>\n<tr>\n<td width=\"423\">Cenizas insolubles, %<\/td>\n<td width=\"423\">\u22641,0<\/td>\n<\/tr>\n<tr>\n<td width=\"423\">P\u00e9rdida por secado, %<\/td>\n<td width=\"423\">\u226420,0<\/td>\n<\/tr>\n<tr>\n<td width=\"423\">Como mg\/kg, %<\/td>\n<td width=\"423\">\u22642.0<\/td>\n<\/tr>\n<tr>\n<td width=\"423\">Metal pesado, %<\/td>\n<td width=\"423\">\u22640,002<\/td>\n<\/tr>\n<tr>\n<td width=\"423\">Pb mg\/kg, %<\/td>\n<td width=\"423\">\u22645.0<\/td>\n<\/tr>\n<\/tbody>\n<\/table>\n<p><strong>Solicitud:<\/strong> El alginato de propilenglicol es un tipo de aditivo alimentario marino con buenas propiedades, como espesamiento, hinchaz\u00f3n, resistencia a los \u00e1cidos y estabilidad de la espuma. Es ampliamente utilizado en el procesamiento de alimentos, productos de yogur, medicinas, industria qu\u00edmica diaria, aromatizantes y cerveza, etc. El alginato de propilenglicol es un tipo de aditivo alimentario marino con buen rendimiento, que puede usarse en la fabricaci\u00f3n de agentes espesantes, estabilizadores, agente gelificante, emulsionante y agente retenedor de agua.<\/p>","protected":false},"excerpt":{"rendered":"<p>Nombre del producto: Alginato de propilenglicol PGA<\/p>\n<p>N\u00famero CAS: 9005-37-2<\/p>\n<p>MF: (C9H14O70n<\/p>\n<p>Aspecto: polvo blanco o amarillo claro<\/p>","protected":false},"featured_media":2180,"template":"","meta":{"_acf_changed":false,"_gspb_post_css":""},"product_brand":[],"product_cat":[55,58],"product_tag":[],"class_list":{"0":"post-3150","1":"product","2":"type-product","3":"status-publish","4":"has-post-thumbnail","6":"product_cat-food-additives","7":"product_cat-thicknerstablizer","9":"first","10":"instock","11":"shipping-taxable","12":"product-type-simple"},"acf":[],"_links":{"self":[{"href":"https:\/\/wpachem.com\/es\/wp-json\/wp\/v2\/product\/3150","targetHints":{"allow":["GET"]}}],"collection":[{"href":"https:\/\/wpachem.com\/es\/wp-json\/wp\/v2\/product"}],"about":[{"href":"https:\/\/wpachem.com\/es\/wp-json\/wp\/v2\/types\/product"}],"version-history":[{"count":0,"href":"https:\/\/wpachem.com\/es\/wp-json\/wp\/v2\/product\/3150\/revisions"}],"wp:featuredmedia":[{"embeddable":true,"href":"https:\/\/wpachem.com\/es\/wp-json\/wp\/v2\/media\/2180"}],"wp:attachment":[{"href":"https:\/\/wpachem.com\/es\/wp-json\/wp\/v2\/media?parent=3150"}],"wp:term":[{"taxonomy":"product_brand","embeddable":true,"href":"https:\/\/wpachem.com\/es\/wp-json\/wp\/v2\/product_brand?post=3150"},{"taxonomy":"product_cat","embeddable":true,"href":"https:\/\/wpachem.com\/es\/wp-json\/wp\/v2\/product_cat?post=3150"},{"taxonomy":"product_tag","embeddable":true,"href":"https:\/\/wpachem.com\/es\/wp-json\/wp\/v2\/product_tag?post=3150"}],"curies":[{"name":"wp","href":"https:\/\/api.w.org\/{rel}","templated":true}]}}