{"id":3157,"date":"2024-03-12T08:05:08","date_gmt":"2024-03-12T08:05:08","guid":{"rendered":"http:\/\/site2.easyceotech.com\/?post_type=product&#038;p=3157"},"modified":"2024-03-12T08:05:08","modified_gmt":"2024-03-12T08:05:08","slug":"polyquaternium-51-cell-phospholipid","status":"publish","type":"product","link":"https:\/\/wpachem.com\/es\/producto\/polyquaternium-51-cell-phospholipid\/","title":{"rendered":"Polyquaternium-51 (fosfol\u00edpido celular)"},"content":{"rendered":"<p><strong>Caracteristicas:<\/strong><\/p>\n<p>El poliquaternio-51 (fosfol\u00edpido celular) es un factor humectante suave y eficiente con excelentes propiedades humectantes y de bloqueo de agua. Puede bloquear eficazmente la humedad de la piel y el cabello, y sus propiedades humectantes no se reducir\u00e1n despu\u00e9s de lavarlos muchas veces. Los productos que contienen poliquaternio-51 se aplican despu\u00e9s de aplicarlos sobre la superficie de la piel para formar una capa de biopel\u00edcula que puede respirar, simular la capa c\u00f3rnea para darle a la piel una capa adicional de protecci\u00f3n, restringir eficazmente el surfactante a la estimulaci\u00f3n de la piel y puede mejorar la aspereza de la piel, suavizar la piel delicada y mejorar la absorci\u00f3n del ingrediente activo por la piel. Productos que contienen sal de amonio poli cuaternario - 51 despu\u00e9s de untar, puede puntos Chemicalbook en la superficie de la piel para formar una capa de biopel\u00edcula que puede respirar, simular la capa c\u00f3rnea para darle a la piel una capa adicional de protecci\u00f3n, restringir eficazmente el surfactante a la estimulaci\u00f3n de la piel y puede mejorar la rugosidad de la piel, suavizar la piel delicada y puede mejorar la absorci\u00f3n de la piel del ingrediente activo.<\/p>\n<p>&nbsp;<\/p>\n<p><strong>Caracter\u00edsticas principales:<\/strong><\/p>\n<ol>\n<li>Excelente compatibilidad entre tejidos y sangre.<\/li>\n<li>Se utiliza en campos biom\u00e9dicos como el trasplante de \u00f3rganos, etc.<\/li>\n<li>La aplicaci\u00f3n de fosfol\u00edpidos celulares en cosm\u00e9tica se beneficia de la innovaci\u00f3n de la tecnolog\u00eda OLI<\/li>\n<\/ol>\n<p>&nbsp;<\/p>\n<p><strong>Aplicaci\u00f3n:\u00a0<\/strong><\/p>\n<ol>\n<li>Material para lentes de contacto<\/li>\n<li>Materia prima cosm\u00e9tica<\/li>\n<li>Materia prima para gotas oft\u00e1lmicas<\/li>\n<li>Materia prima para el cuidado bucal<\/li>\n<li>Reactivo de diagn\u00f3stico m\u00e9dico<\/li>\n<li>Material biom\u00e9dico<\/li>\n<\/ol>\n<p>&nbsp;<\/p>\n<p><strong>Caracter\u00edsticas de aplicaci\u00f3n de los fosfol\u00edpidos celulares en cosm\u00e9tica<\/strong><\/p>\n<p>1: Excelente efecto hidratante.<\/p>\n<ul>\n<li>\u00a0 Hidrataci\u00f3n inteligente<\/li>\n<li>\u00a0 Mucho mejor que el \u00e1cido hialur\u00f3nico<\/li>\n<li>\u00a0 Se utiliza en productos hidratantes potentes de nueva generaci\u00f3n.<\/li>\n<\/ul>\n<p>2: Reduce la irritaci\u00f3n de la piel.<\/p>\n<ul>\n<li>\u00a0Reduce la irritaci\u00f3n de la piel causada por SDS y \u00e1cido, etc.<\/li>\n<li>\u00a0Se utiliza en productos suaves para el cuidado de la piel.<\/li>\n<\/ul>\n<p>3: Antiest\u00e1tico y anticontaminaci\u00f3n<\/p>\n<ul>\n<li>Previene la electricidad est\u00e1tica.<\/li>\n<li>Reduce la adsorci\u00f3n de PM<\/li>\n<li>Resistencia al agua en la piel.<\/li>\n<li>Se utiliza en productos suaves y antivirales.<\/li>\n<\/ul>\n<p>&nbsp;<\/p>","protected":false},"excerpt":{"rendered":"<p><strong>Nombre del producto:<\/strong> Polyquaternium-51 (fosfol\u00edpido celular)<\/p>\n<p><strong>NO CAS.:<\/strong> 125275-25-4<\/p>\n<p><strong>MF:<\/strong> C19H36NO8P<\/p>\n<p><strong>Apariencia:\u00a0<\/strong><\/p>","protected":false},"featured_media":0,"template":"","meta":{"_acf_changed":false,"_gspb_post_css":""},"product_brand":[],"product_cat":[60],"product_tag":[],"class_list":{"0":"post-3157","1":"product","2":"type-product","3":"status-publish","5":"product_cat-cosmetic-ingredients","7":"first","8":"instock","9":"shipping-taxable","10":"product-type-simple"},"acf":[],"_links":{"self":[{"href":"https:\/\/wpachem.com\/es\/wp-json\/wp\/v2\/product\/3157","targetHints":{"allow":["GET"]}}],"collection":[{"href":"https:\/\/wpachem.com\/es\/wp-json\/wp\/v2\/product"}],"about":[{"href":"https:\/\/wpachem.com\/es\/wp-json\/wp\/v2\/types\/product"}],"version-history":[{"count":0,"href":"https:\/\/wpachem.com\/es\/wp-json\/wp\/v2\/product\/3157\/revisions"}],"wp:attachment":[{"href":"https:\/\/wpachem.com\/es\/wp-json\/wp\/v2\/media?parent=3157"}],"wp:term":[{"taxonomy":"product_brand","embeddable":true,"href":"https:\/\/wpachem.com\/es\/wp-json\/wp\/v2\/product_brand?post=3157"},{"taxonomy":"product_cat","embeddable":true,"href":"https:\/\/wpachem.com\/es\/wp-json\/wp\/v2\/product_cat?post=3157"},{"taxonomy":"product_tag","embeddable":true,"href":"https:\/\/wpachem.com\/es\/wp-json\/wp\/v2\/product_tag?post=3157"}],"curies":[{"name":"wp","href":"https:\/\/api.w.org\/{rel}","templated":true}]}}